{"id":39537,"date":"2023-04-18T22:45:10","date_gmt":"2023-04-18T14:45:10","guid":{"rendered":"https:\/\/gretasexylingerie.com\/?post_type=product&#038;p=39537"},"modified":"2023-09-24T22:07:01","modified_gmt":"2023-09-24T14:07:01","slug":"metall-kedja-spets-perspektiv-bh-byxor-set","status":"publish","type":"product","link":"https:\/\/gretasexylingerie.com\/sv\/products\/metal-chain-lace-perspective-bra-pants-set\/","title":{"rendered":"Metallkedja Spets Perspektiv BH Byxor Set"},"content":{"rendered":"<p>1.Edgy design: Metal Chain Lace Perspective Bra Pants Set har en unik och edgy design som skiljer den fr\u00e5n andra underkl\u00e4desset. Metallkedjans detaljer ger en touch av dj\u00e4rvhet till det k\u00e4nsliga spetstyget, vilket g\u00f6r det till det perfekta valet f\u00f6r den dj\u00e4rva och v\u00e5gade kvinnan.<\/p>\n\n\n\n<p>2. Bekv\u00e4m passform: Tillverkad av h\u00f6gkvalitativa material och designad med din komfort i \u00e5tanke, detta set erbjuder en bekv\u00e4m och st\u00f6djande passform. BH:n har bygelst\u00f6d och justerbara axelband, medan trosorna har en bekv\u00e4m och smickrande design med h\u00f6g midja.<\/p>\n\n\n\n<p>3. Lekfull och sexig: De skira spets- och metallkedjorna p\u00e5 trosorna ger en lekfull och sexig touch till setet, vilket g\u00f6r det perfekt f\u00f6r att tillf\u00f6ra lite sp\u00e4nning till alla intima tillf\u00e4llen.<\/p>\n\n\n\n<p>4. Stort v\u00e4rde: Metal Chain Lace Perspective Bra Pants Set erbjuder otroligt v\u00e4rde f\u00f6r sin unika design och kvalitet. Du beh\u00f6ver inte bryta banken f\u00f6r att k\u00e4nna dig sj\u00e4lvs\u00e4ker och sexig i detta fantastiska underkl\u00e4desset, och dess tidl\u00f6sa design betyder att det kommer att vara en stapelvara i din underkl\u00e4deskollektion i m\u00e5nga \u00e5r fram\u00f6ver.<\/p>\n\n\n\n<figure class=\"wp-block-table is-style-stripes\"><table><tbody><tr><td colspan=\"6\">Webbplatsdiagram (CM)<\/td><\/tr><tr><td>Storlek<\/td><td>L\u00e4ngd<\/td><td>Under byst<\/td><td>Midja<\/td><td>Trosor i midjan<\/td><td>Trosans l\u00e4ngd<\/td><\/tr><tr><td>S<\/td><td>19<\/td><td>68-86<\/td><td>64-86<\/td><td>72-96<\/td><td>25<\/td><\/tr><tr><td>M<\/td><td>20<\/td><td>72-90<\/td><td>68-90<\/td><td>76-100<\/td><td>26<\/td><\/tr><tr><td>L<\/td><td>21<\/td><td>76-94<\/td><td>72-94<\/td><td>80-104<\/td><td>27<\/td><\/tr><tr><td colspan=\"6\">Webbplatsdiagram (INCH)<\/td><\/tr><tr><td>Storlek<\/td><td>L\u00e4ngd<\/td><td>Under byst<\/td><td>Midja<\/td><td>Trosor i midjan<\/td><td>Trosans l\u00e4ngd<\/td><\/tr><tr><td>S<\/td><td>7.48&nbsp;<\/td><td>26.77-33.85<\/td><td>25.19-33.85<\/td><td>28.34-37.79<\/td><td>9.84<\/td><\/tr><tr><td>M<\/td><td>7.87&nbsp;<\/td><td>28.34-35.43<\/td><td>26.77-35.43<\/td><td>29.92-39.37<\/td><td>10.23<\/td><\/tr><tr><td>L<\/td><td>8.26&nbsp;<\/td><td>29.92-37.00<\/td><td>28.34-37.00<\/td><td>31.49-40.94<\/td><td>10.62&nbsp;<\/td><\/tr><tr><td colspan=\"6\">Notera:<br>1. Det kanske \u00e4r 1-2 cm avvikelse i olika storlekar, placeringar och stretch av tyger. Storlekstabell \u00e4r endast f\u00f6r referens, det kan vara lite skillnad med vad du f\u00e5r.<br>2.Det finns 3 typer av elasticitet: h\u00f6g elasticitet (tv\u00e5sidigt str\u00e4ckt), medium elasticitet (ensidigt str\u00e4ckt) och icke-elastiskt (kan inte str\u00e4ckas).<br>3. F\u00e4rgen kan vara ljusare eller m\u00f6rkare p\u00e5 grund av olika PC-sk\u00e4rmar.<br>4.Tv\u00e4tta den f\u00f6r hand i 30 graders vatten, h\u00e4ng p\u00e5 tork i skuggan, f\u00f6rbjud blekning.<br>5. Det kanske \u00e4r lite skillnad p\u00e5 detaljer och m\u00f6nster.<\/td><\/tr><\/tbody><\/table><\/figure>\n\n\n\n<p><\/p>","protected":false},"excerpt":{"rendered":"<p>Setet \u00e4r designat med metallkedjor f\u00f6r att l\u00e4gga charm till tyget och bekv\u00e4ma att b\u00e4ra, och de matchande trosorna \u00e4r designade med skira spetsar och metallkedjor, metallkedjorna spets genomskinliga bh-byxor \u00e4r tillverkade av h\u00f6gkvalitativa material och designade f\u00f6r full komfort.<\/p>","protected":false},"featured_media":39545,"template":"","meta":[],"product_brand":[],"product_cat":[368,374,367,375],"product_tag":[507,452,448,532,524,973,446],"class_list":{"0":"post-39537","1":"product","2":"type-product","3":"status-publish","4":"has-post-thumbnail","6":"product_cat-bra-panty-set","7":"product_cat-wholesale-garter-belt-set","8":"product_cat-sexy-lingerie","9":"product_cat-whoelsale-sheer-bra-and-panty-sets","10":"product_tag-three-pcs-set","11":"product_tag-wholesale-boudoir-lingerie","12":"product_tag-wholesale-elegant-sexy-lingerie","13":"product_tag-lingerie-suspender-set","14":"product_tag-metal-lingerie","15":"product_tag-oem","16":"product_tag-wholesale-sexy-see-through-lingerie","17":"pa_color-black","18":"pa_color-red-women-sexy-lingerie","19":"pa_cup-full-cup","20":"pa_size-wholesale-large-size-women-sexy-lingerie","21":"pa_size-wholesale-medium-size-women-sexy-lingerie","22":"pa_size-wholesale-small-size-sexy-lingerie","24":"first","25":"instock","26":"taxable","27":"shipping-taxable","28":"purchasable","29":"product-type-variable"},"tiered_pricing_type":"fixed","tiered_pricing_fixed_rules":[],"tiered_pricing_product_settings":{"layout":"default","base_unit_name":{"singular":null,"plural":null},"default_variation":{}},"tiered_pricing_minimum_quantity":150,"tiered_pricing_roles_data":{"default_wholesaler":{"product_id":39537,"role":"default_wholesaler","pricing_type":"flat","regular_price":null,"sale_price":null,"discount":null,"discount_type":"sale_price","tiered_pricing_type":"fixed","percentage_rules":[],"fixed_rules":{"2":"10.19","30":"8.79","500":"7.69"},"minimum":null},"dropshippinger":{"product_id":39537,"role":"dropshippinger","pricing_type":"flat","regular_price":null,"sale_price":null,"discount":null,"discount_type":"sale_price","tiered_pricing_type":"fixed","percentage_rules":[],"fixed_rules":{"1":"12.19","5":"10.19","30":"7.69"},"minimum":null}},"tiered_pricing_percentage_rules":[],"tiered_pricing_maximum_quantity":null,"tiered_pricing_quantity_step":null,"_links":{"self":[{"href":"https:\/\/gretasexylingerie.com\/sv\/wp-json\/wp\/v2\/product\/39537","targetHints":{"allow":["GET"]}}],"collection":[{"href":"https:\/\/gretasexylingerie.com\/sv\/wp-json\/wp\/v2\/product"}],"about":[{"href":"https:\/\/gretasexylingerie.com\/sv\/wp-json\/wp\/v2\/types\/product"}],"wp:featuredmedia":[{"embeddable":true,"href":"https:\/\/gretasexylingerie.com\/sv\/wp-json\/wp\/v2\/media\/39545"}],"wp:attachment":[{"href":"https:\/\/gretasexylingerie.com\/sv\/wp-json\/wp\/v2\/media?parent=39537"}],"wp:term":[{"taxonomy":"product_brand","embeddable":true,"href":"https:\/\/gretasexylingerie.com\/sv\/wp-json\/wp\/v2\/product_brand?post=39537"},{"taxonomy":"product_cat","embeddable":true,"href":"https:\/\/gretasexylingerie.com\/sv\/wp-json\/wp\/v2\/product_cat?post=39537"},{"taxonomy":"product_tag","embeddable":true,"href":"https:\/\/gretasexylingerie.com\/sv\/wp-json\/wp\/v2\/product_tag?post=39537"}],"curies":[{"name":"wp","href":"https:\/\/api.w.org\/{rel}","templated":true}]}}