{"id":39521,"date":"2023-04-18T22:31:10","date_gmt":"2023-04-18T14:31:10","guid":{"rendered":"https:\/\/gretasexylingerie.com\/?post_type=product&#038;p=39521"},"modified":"2023-12-09T19:40:44","modified_gmt":"2023-12-09T11:40:44","slug":"strumpead-korsett-bh-trosa-set","status":"publish","type":"product","link":"https:\/\/gretasexylingerie.com\/sv\/products\/gartered-corset-bra-panty-set\/","title":{"rendered":"Strumpebandsbyxor med korsett-bh"},"content":{"rendered":"<p>1.M\u00e5ngsidig stil: Strumpebandskorsett BH Trosset \u00e4r det perfekta underkl\u00e4dessetet f\u00f6r alla tillf\u00e4llen. Oavsett om du kl\u00e4r ut dig f\u00f6r en romantisk kv\u00e4ll eller bara vill k\u00e4nna dig sj\u00e4lvs\u00e4ker och sexig f\u00f6r vardagen, \u00e4r detta set tillr\u00e4ckligt m\u00e5ngsidigt f\u00f6r att passa alla hum\u00f6r eller tillf\u00e4llen.<\/p>\n\n\n\n<p>2. Smickrande design: B\u00e5de trosor med h\u00f6g midja och beh\u00e5ar i korsettstil \u00e4r designade f\u00f6r att smickra dina kurvor och f\u00f6rst\u00e4rka din naturliga sk\u00f6nhet.<\/p>\n\n\n\n<p>3. Bekv\u00e4m passform: Strumpebandskorsetttrosset \u00e4r tillverkat av h\u00f6gkvalitativa material och designat med din komfort i \u00e5tanke, vilket ger en bekv\u00e4m och st\u00f6djande passform.<\/p>\n\n\n\n<p>4. Stort v\u00e4rde: Setet erbjuder otroligt v\u00e4rde f\u00f6r sin kvalitet och design. K\u00e4nn dig sj\u00e4lvs\u00e4ker och sexig utan att bryta banken i detta fantastiska underkl\u00e4desset.<\/p>\n\n\n\n<figure class=\"wp-block-table is-style-stripes\"><table class=\"has-fixed-layout\"><tbody><tr><td colspan=\"6\">Webbplatsdiagram (CM)<\/td><\/tr><tr><td>Storlek<\/td><td class=\"has-text-align-center\" data-align=\"center\">Kopph\u00f6jd<\/td><td class=\"has-text-align-center\" data-align=\"center\">Under byst<\/td><td class=\"has-text-align-center\" data-align=\"center\">Midja<\/td><td class=\"has-text-align-center\" data-align=\"center\">Trosor i midjan<\/td><td class=\"has-text-align-center\" data-align=\"center\">Trosans l\u00e4ngd<\/td><\/tr><tr><td>S<\/td><td class=\"has-text-align-center\" data-align=\"center\">14<\/td><td class=\"has-text-align-center\" data-align=\"center\">61-86<\/td><td class=\"has-text-align-center\" data-align=\"center\">62-98<\/td><td class=\"has-text-align-center\" data-align=\"center\">65-98<\/td><td class=\"has-text-align-center\" data-align=\"center\">21<\/td><\/tr><tr><td>M<\/td><td class=\"has-text-align-center\" data-align=\"center\">15<\/td><td class=\"has-text-align-center\" data-align=\"center\">65-90<\/td><td class=\"has-text-align-center\" data-align=\"center\">66-102<\/td><td class=\"has-text-align-center\" data-align=\"center\">69-102<\/td><td class=\"has-text-align-center\" data-align=\"center\">22<\/td><\/tr><tr><td>L<\/td><td class=\"has-text-align-center\" data-align=\"center\">16<\/td><td class=\"has-text-align-center\" data-align=\"center\">69-94<\/td><td class=\"has-text-align-center\" data-align=\"center\">70-106<\/td><td class=\"has-text-align-center\" data-align=\"center\">73-106<\/td><td class=\"has-text-align-center\" data-align=\"center\">23<\/td><\/tr><tr><td colspan=\"6\">Webbplatsdiagram (INCH)<\/td><\/tr><tr><td>Storlek<\/td><td class=\"has-text-align-center\" data-align=\"center\">Kopph\u00f6jd<\/td><td class=\"has-text-align-center\" data-align=\"center\">Under byst<\/td><td class=\"has-text-align-center\" data-align=\"center\">Midja<\/td><td class=\"has-text-align-center\" data-align=\"center\">Trosor i midjan<\/td><td class=\"has-text-align-center\" data-align=\"center\">Trosans l\u00e4ngd<\/td><\/tr><tr><td>S<\/td><td class=\"has-text-align-center\" data-align=\"center\">5.51&nbsp;<\/td><td class=\"has-text-align-center\" data-align=\"center\">24.01-33.85<\/td><td class=\"has-text-align-center\" data-align=\"center\">24.40-38.58<\/td><td class=\"has-text-align-center\" data-align=\"center\">25.59-38.58<\/td><td class=\"has-text-align-center\" data-align=\"center\">8.26<\/td><\/tr><tr><td>M<\/td><td class=\"has-text-align-center\" data-align=\"center\">5.90&nbsp;<\/td><td class=\"has-text-align-center\" data-align=\"center\">25.59-35.43<\/td><td class=\"has-text-align-center\" data-align=\"center\">25.98-40.15<\/td><td class=\"has-text-align-center\" data-align=\"center\">27.16-40.15<\/td><td class=\"has-text-align-center\" data-align=\"center\">8.66<\/td><\/tr><tr><td>L<\/td><td class=\"has-text-align-center\" data-align=\"center\">6.29&nbsp;<\/td><td class=\"has-text-align-center\" data-align=\"center\">27.16-37.00<\/td><td class=\"has-text-align-center\" data-align=\"center\">27.55-41.73<\/td><td class=\"has-text-align-center\" data-align=\"center\">28.74-41.73<\/td><td class=\"has-text-align-center\" data-align=\"center\">9.05&nbsp;<\/td><\/tr><tr><td colspan=\"6\">Notera:<br>1. Det kanske \u00e4r 1-2 cm avvikelse i olika storlekar, placeringar och stretch av tyger. Storlekstabell \u00e4r endast f\u00f6r referens, det kan vara lite skillnad med vad du f\u00e5r.<br>2.Det finns 3 typer av elasticitet: h\u00f6g elasticitet (tv\u00e5sidigt str\u00e4ckt), medium elasticitet (ensidigt str\u00e4ckt) och icke-elastiskt (kan inte str\u00e4ckas).<br>3. F\u00e4rgen kan vara ljusare eller m\u00f6rkare p\u00e5 grund av olika PC-sk\u00e4rmar.<br>4.Tv\u00e4tta den f\u00f6r hand i 30 graders vatten, h\u00e4ng p\u00e5 tork i skuggan, f\u00f6rbjud blekning.<br>5. Det kanske \u00e4r lite skillnad p\u00e5 detaljer och m\u00f6nster.<\/td><\/tr><\/tbody><\/table><\/figure>\n\n\n\n<p><\/p>","protected":false},"excerpt":{"rendered":"<p>Med en vacker bh i korsettstil med justerbara remmar och strumpeband, \u00e4r detta set perfekt f\u00f6r att l\u00e4gga till en touch av glamour till alla intima tillf\u00e4llen. De matchande trosorna har en smickrande h\u00f6g midja och fina spetsdetaljer f\u00f6r en feminin och elegant look.<\/p>","protected":false},"featured_media":39531,"template":"","meta":[],"product_brand":[],"product_cat":[368,374,367],"product_tag":[507,861,448,454,532,524,973,453],"class_list":{"0":"post-39521","1":"product","2":"type-product","3":"status-publish","4":"has-post-thumbnail","6":"product_cat-bra-panty-set","7":"product_cat-wholesale-garter-belt-set","8":"product_cat-sexy-lingerie","9":"product_tag-three-pcs-set","10":"product_tag-brunette-lingerie","11":"product_tag-wholesale-elegant-sexy-lingerie","12":"product_tag-wholesale-sexy-embroidered-lingerie","13":"product_tag-lingerie-suspender-set","14":"product_tag-metal-lingerie","15":"product_tag-oem","16":"product_tag-wholesale-sexy-naughty-lingerie","17":"pa_color-black","18":"pa_cup-full-cup","19":"pa_size-wholesale-large-size-women-sexy-lingerie","20":"pa_size-wholesale-medium-size-women-sexy-lingerie","21":"pa_size-wholesale-small-size-sexy-lingerie","23":"first","24":"outofstock","25":"taxable","26":"shipping-taxable","27":"purchasable","28":"product-type-variable"},"tiered_pricing_type":"fixed","tiered_pricing_fixed_rules":[],"tiered_pricing_product_settings":{"layout":"default","base_unit_name":{"singular":null,"plural":null},"default_variation":{}},"tiered_pricing_minimum_quantity":null,"tiered_pricing_roles_data":{"default_wholesaler":{"product_id":39521,"role":"default_wholesaler","pricing_type":"flat","regular_price":null,"sale_price":null,"discount":null,"discount_type":"sale_price","tiered_pricing_type":"fixed","percentage_rules":[],"fixed_rules":{"2":"10.99","30":"9.39","500":"8.29"},"minimum":null},"dropshippinger":{"product_id":39521,"role":"dropshippinger","pricing_type":"flat","regular_price":null,"sale_price":null,"discount":null,"discount_type":"sale_price","tiered_pricing_type":"fixed","percentage_rules":[],"fixed_rules":{"1":"13.19","5":"10.99","30":"8.29"},"minimum":null}},"tiered_pricing_percentage_rules":[],"tiered_pricing_maximum_quantity":null,"tiered_pricing_quantity_step":null,"_links":{"self":[{"href":"https:\/\/gretasexylingerie.com\/sv\/wp-json\/wp\/v2\/product\/39521","targetHints":{"allow":["GET"]}}],"collection":[{"href":"https:\/\/gretasexylingerie.com\/sv\/wp-json\/wp\/v2\/product"}],"about":[{"href":"https:\/\/gretasexylingerie.com\/sv\/wp-json\/wp\/v2\/types\/product"}],"wp:featuredmedia":[{"embeddable":true,"href":"https:\/\/gretasexylingerie.com\/sv\/wp-json\/wp\/v2\/media\/39531"}],"wp:attachment":[{"href":"https:\/\/gretasexylingerie.com\/sv\/wp-json\/wp\/v2\/media?parent=39521"}],"wp:term":[{"taxonomy":"product_brand","embeddable":true,"href":"https:\/\/gretasexylingerie.com\/sv\/wp-json\/wp\/v2\/product_brand?post=39521"},{"taxonomy":"product_cat","embeddable":true,"href":"https:\/\/gretasexylingerie.com\/sv\/wp-json\/wp\/v2\/product_cat?post=39521"},{"taxonomy":"product_tag","embeddable":true,"href":"https:\/\/gretasexylingerie.com\/sv\/wp-json\/wp\/v2\/product_tag?post=39521"}],"curies":[{"name":"wp","href":"https:\/\/api.w.org\/{rel}","templated":true}]}}