{"id":39514,"date":"2023-04-18T22:19:20","date_gmt":"2023-04-18T14:19:20","guid":{"rendered":"https:\/\/gretasexylingerie.com\/?post_type=product&#038;p=39514"},"modified":"2023-09-05T20:51:20","modified_gmt":"2023-09-05T12:51:20","slug":"fiskenat-spets-perspektiv-bh-trosa-set","status":"publish","type":"product","link":"https:\/\/gretasexylingerie.com\/sv\/products\/fishing-net-lace-perspective-bra-panty-set\/","title":{"rendered":"Fiskn\u00e4t Spets Perspektiv BH Trosa Set"},"content":{"rendered":"<p>1.Fantastisk design: Fishing Net Lace Perspective Bra Trosa Set har en vacker och intrikat spetsdesign f\u00f6r fisken\u00e4t som s\u00e4kerligen kommer att f\u00e5 dig att k\u00e4nna dig s\u00e4ker och sexig.<\/p>\n\n\n\n<p>2. Bekv\u00e4m passform: Detta set \u00e4r tillverkat av h\u00f6gkvalitativa material och designat med din komfort i \u00e5tanke. BH:n har bygelst\u00f6d f\u00f6r en bekv\u00e4m passform, medan trosorna har en l\u00e5g konstruktion som inte gr\u00e4ver i sig eller orsakar obehag.<\/p>\n\n\n\n<p>3.M\u00e5ngsidig stil: Oavsett om du vill l\u00e4gga till en touch av f\u00f6rf\u00f6relse till en romantisk kv\u00e4ll eller helt enkelt vill k\u00e4nna dig trygg och snygg i ditt vardagliga liv, \u00e4r detta set perfekt. Fiskn\u00e4tsspetsdesignen \u00e4r b\u00e5de lekfull och sofistikerad, vilket g\u00f6r den till ett m\u00e5ngsidigt komplement till din underkl\u00e4deskollektion.<\/p>\n\n\n\n<p>4. Stort v\u00e4rde: Fishing Net Lace Perspective Bra Trosa Set erbjuder otroligt v\u00e4rde f\u00f6r sin kvalitet och design. Du beh\u00f6ver inte bryta banken f\u00f6r att k\u00e4nna dig sj\u00e4lvs\u00e4ker och sexig i detta fantastiska underkl\u00e4desset.<\/p>\n\n\n\n<figure class=\"wp-block-table is-style-stripes\"><table><tbody><tr><td colspan=\"8\">Webbplatsdiagram (CM)<\/td><\/tr><tr><td>Storlek<\/td><td>L\u00e4ngd<\/td><td>Axel<\/td><td>Under byst<\/td><td>Midja<\/td><td>Trosor i midjan<\/td><td>Trosans l\u00e4ngd<\/td><td>L\u00e5r<\/td><\/tr><tr><td>S<\/td><td>17<\/td><td>33<\/td><td>69-86<\/td><td>62<\/td><td>64-94<\/td><td>26<\/td><td>44<\/td><\/tr><tr><td>M<\/td><td>17.8<\/td><td>33<\/td><td>73-90<\/td><td>66<\/td><td>68-98<\/td><td>27<\/td><td>46<\/td><\/tr><tr><td>L<\/td><td>18.6<\/td><td>33<\/td><td>77-94<\/td><td>70<\/td><td>70-102<\/td><td>28<\/td><td>48<\/td><\/tr><tr><td colspan=\"8\">Webbplatsdiagram (INCH)<\/td><\/tr><tr><td>Storlek<\/td><td>L\u00e4ngd<\/td><td>Axel<\/td><td>Under byst<\/td><td>Midja<\/td><td>Trosor i midjan<\/td><td>Trosans l\u00e4ngd<\/td><td>L\u00e5r<\/td><\/tr><tr><td>S<\/td><td>6.69&nbsp;<\/td><td>12.99<\/td><td>27.16-33.85<\/td><td>24.40&nbsp;<\/td><td>25.19-37.00<\/td><td>10.23<\/td><td>17.32<\/td><\/tr><tr><td>M<\/td><td>7.00&nbsp;<\/td><td>12.99<\/td><td>28.74-35.43<\/td><td>25.98<\/td><td>26.77-38.58<\/td><td>10.62<\/td><td>18.11<\/td><\/tr><tr><td>L<\/td><td>7.32&nbsp;<\/td><td>12.99<\/td><td>30.31-37<\/td><td>27.55<\/td><td>27.55-40.15<\/td><td>11.02&nbsp;<\/td><td>18.89&nbsp;<\/td><\/tr><tr><td colspan=\"8\">Notera:<br>1. Det kanske \u00e4r 1-2 cm avvikelse i olika storlekar, placeringar och stretch av tyger. Storlekstabell \u00e4r endast f\u00f6r referens, det kan vara lite skillnad med vad du f\u00e5r.<br>2.Det finns 3 typer av elasticitet: h\u00f6g elasticitet (tv\u00e5sidigt str\u00e4ckt), medium elasticitet (ensidigt str\u00e4ckt) och icke-elastiskt (kan inte str\u00e4ckas).<br>3. F\u00e4rgen kan vara ljusare eller m\u00f6rkare p\u00e5 grund av olika PC-sk\u00e4rmar.<br>4.Tv\u00e4tta den f\u00f6r hand i 30 graders vatten, h\u00e4ng p\u00e5 tork i skuggan, f\u00f6rbjud blekning.<br>5. Det kanske \u00e4r lite skillnad p\u00e5 detaljer och m\u00f6nster.<\/td><\/tr><\/tbody><\/table><\/figure>\n\n\n\n<p><\/p>","protected":false},"excerpt":{"rendered":"<p>Detta set \u00e4r utformat i charmig n\u00e4tspets och \u00e4r perfekt f\u00f6r att l\u00e4gga till en touch av glamour till alla intima tillf\u00e4llen. Bekv\u00e4mt och smickrande, tyget har en l\u00e5g resning och genomskinlig mesh f\u00f6r en dj\u00e4rv och lekfull look, vilket g\u00f6r det till det perfekta komplementet till din underkl\u00e4deskollektion.<\/p>","protected":false},"featured_media":39519,"template":"","meta":[],"product_brand":[],"product_cat":[368,374,369,367],"product_tag":[868,861,522,870,875,532,446,453,865],"class_list":{"0":"post-39514","1":"product","2":"type-product","3":"status-publish","4":"has-post-thumbnail","6":"product_cat-bra-panty-set","7":"product_cat-wholesale-garter-belt-set","8":"product_cat-wholesale-lace-bra-and-panty-sets","9":"product_cat-sexy-lingerie","10":"product_tag-4-piece-lingerie-set","11":"product_tag-brunette-lingerie","12":"product_tag-eyelash-lingerie","13":"product_tag-floral-lingerie","14":"product_tag-lace-sexy-lingerie","15":"product_tag-lingerie-suspender-set","16":"product_tag-wholesale-sexy-see-through-lingerie","17":"product_tag-wholesale-sexy-naughty-lingerie","18":"product_tag-sexy-skimpy-lingerie","19":"pa_color-black","20":"pa_cup-wholesale-half-cup-women-sexy-lingerie","21":"pa_size-wholesale-large-size-women-sexy-lingerie","22":"pa_size-wholesale-medium-size-women-sexy-lingerie","23":"pa_size-wholesale-small-size-sexy-lingerie","25":"first","26":"instock","27":"taxable","28":"shipping-taxable","29":"purchasable","30":"product-type-variable"},"tiered_pricing_type":"fixed","tiered_pricing_fixed_rules":[],"tiered_pricing_product_settings":{"layout":"default","base_unit_name":{"singular":null,"plural":null},"default_variation":null},"tiered_pricing_minimum_quantity":null,"tiered_pricing_roles_data":{"default_wholesaler":{"product_id":39514,"role":"default_wholesaler","pricing_type":"flat","regular_price":null,"sale_price":null,"discount":null,"discount_type":"sale_price","tiered_pricing_type":"fixed","percentage_rules":[],"fixed_rules":{"2":"11.99","30":"10.29","500":"8.99"},"minimum":null},"dropshippinger":{"product_id":39514,"role":"dropshippinger","pricing_type":"flat","regular_price":null,"sale_price":null,"discount":null,"discount_type":"sale_price","tiered_pricing_type":"fixed","percentage_rules":[],"fixed_rules":{"1":"14.39","5":"11.99","30":"8.99"},"minimum":null}},"tiered_pricing_percentage_rules":[],"tiered_pricing_maximum_quantity":null,"tiered_pricing_quantity_step":null,"_links":{"self":[{"href":"https:\/\/gretasexylingerie.com\/sv\/wp-json\/wp\/v2\/product\/39514","targetHints":{"allow":["GET"]}}],"collection":[{"href":"https:\/\/gretasexylingerie.com\/sv\/wp-json\/wp\/v2\/product"}],"about":[{"href":"https:\/\/gretasexylingerie.com\/sv\/wp-json\/wp\/v2\/types\/product"}],"wp:featuredmedia":[{"embeddable":true,"href":"https:\/\/gretasexylingerie.com\/sv\/wp-json\/wp\/v2\/media\/39519"}],"wp:attachment":[{"href":"https:\/\/gretasexylingerie.com\/sv\/wp-json\/wp\/v2\/media?parent=39514"}],"wp:term":[{"taxonomy":"product_brand","embeddable":true,"href":"https:\/\/gretasexylingerie.com\/sv\/wp-json\/wp\/v2\/product_brand?post=39514"},{"taxonomy":"product_cat","embeddable":true,"href":"https:\/\/gretasexylingerie.com\/sv\/wp-json\/wp\/v2\/product_cat?post=39514"},{"taxonomy":"product_tag","embeddable":true,"href":"https:\/\/gretasexylingerie.com\/sv\/wp-json\/wp\/v2\/product_tag?post=39514"}],"curies":[{"name":"wp","href":"https:\/\/api.w.org\/{rel}","templated":true}]}}