{"id":39496,"date":"2023-04-18T21:04:27","date_gmt":"2023-04-18T13:04:27","guid":{"rendered":"https:\/\/gretasexylingerie.com\/?post_type=product&#038;p=39496"},"modified":"2023-09-05T20:51:19","modified_gmt":"2023-09-05T12:51:19","slug":"mork-stil-sexiga-underklader","status":"publish","type":"product","link":"https:\/\/gretasexylingerie.com\/sv\/products\/dark-style-sexy-lingerie\/","title":{"rendered":"Sexiga underkl\u00e4der i m\u00f6rk stil"},"content":{"rendered":"<p>1.Sultry Style: The Dark Style Sexy Underkl\u00e4der \u00e4r designade f\u00f6r att ta fram din inre f\u00f6rf\u00f6rare. Med sina v\u00e5gade utsk\u00e4rningar och bandiga detaljer \u00e4r detta underkl\u00e4desset perfekt f\u00f6r dig som vill g\u00f6ra ett statement och h\u00f6ja v\u00e4rmen i sovrummet.<\/p>\n\n\n\n<p>2. Bekv\u00e4m passform: Tillverkad med andningsbart och stretchigt tyg, detta underkl\u00e4derset \u00e4r designat f\u00f6r att ge maximal komfort samtidigt som det kramar om dina kurvor p\u00e5 alla r\u00e4tt st\u00e4llen. De justerbara remmarna och bandet ger en anpassad passform f\u00f6r varje kroppstyp.<\/p>\n\n\n\n<p>3. Material av h\u00f6g kvalitet: Sexiga underkl\u00e4der i m\u00f6rk stil \u00e4r gjorda med material av h\u00f6gsta kvalitet som \u00e4r designade f\u00f6r att h\u00e5lla. Du kan b\u00e4ra detta underkl\u00e4desset om och om igen, med vetskapen om att det kommer att h\u00e5lla i sig.<\/p>\n\n\n\n<p>4.M\u00e5ngsidig: Detta underkl\u00e4derset \u00e4r perfekt f\u00f6r en m\u00e4ngd olika tillf\u00e4llen, fr\u00e5n en romantisk kv\u00e4ll hemma till en utekv\u00e4ll med v\u00e4nner. Oavsett om du vill s\u00e4tta en touch av kant till din vardagliga look eller vill v\u00e4rma upp saker i sovrummet, \u00e4r Dark Style Sexy Underkl\u00e4der det perfekta valet.<\/p>\n\n\n\n<figure class=\"wp-block-table\"><table><tbody><tr><td colspan=\"5\">Webbplatsdiagram (CM)<\/td><td class=\"has-text-align-center\" data-align=\"center\"><\/td><td class=\"has-text-align-center\" data-align=\"center\"><\/td><td class=\"has-text-align-center\" data-align=\"center\"><\/td><\/tr><tr><td>Storlek<\/td><td class=\"has-text-align-center\" data-align=\"center\">L\u00e4ngd<\/td><td class=\"has-text-align-center\" data-align=\"center\">Axel<\/td><td class=\"has-text-align-center\" data-align=\"center\">Under byst<\/td><td class=\"has-text-align-center\" data-align=\"center\">Ankel omkrets<\/td><td class=\"has-text-align-center\" data-align=\"center\">Trosor i midjan<\/td><td class=\"has-text-align-center\" data-align=\"center\">Trosans l\u00e4ngd<\/td><td class=\"has-text-align-center\" data-align=\"center\">Fotens omkrets<\/td><\/tr><tr><td>S<\/td><td class=\"has-text-align-center\" data-align=\"center\">27<\/td><td class=\"has-text-align-center\" data-align=\"center\">38<\/td><td class=\"has-text-align-center\" data-align=\"center\">64-86<\/td><td class=\"has-text-align-center\" data-align=\"center\">62-84<\/td><td class=\"has-text-align-center\" data-align=\"center\">66-98<\/td><td class=\"has-text-align-center\" data-align=\"center\">22.5<\/td><td class=\"has-text-align-center\" data-align=\"center\">47<\/td><\/tr><tr><td>M<\/td><td class=\"has-text-align-center\" data-align=\"center\">28<\/td><td class=\"has-text-align-center\" data-align=\"center\">38<\/td><td class=\"has-text-align-center\" data-align=\"center\">68-90<\/td><td class=\"has-text-align-center\" data-align=\"center\">66-88<\/td><td class=\"has-text-align-center\" data-align=\"center\">70-102<\/td><td class=\"has-text-align-center\" data-align=\"center\">23.5<\/td><td class=\"has-text-align-center\" data-align=\"center\">49.2<\/td><\/tr><tr><td>L<\/td><td class=\"has-text-align-center\" data-align=\"center\">29<\/td><td class=\"has-text-align-center\" data-align=\"center\">38<\/td><td class=\"has-text-align-center\" data-align=\"center\">72-94<\/td><td class=\"has-text-align-center\" data-align=\"center\">70-92<\/td><td class=\"has-text-align-center\" data-align=\"center\">74-106<\/td><td class=\"has-text-align-center\" data-align=\"center\">24.5<\/td><td class=\"has-text-align-center\" data-align=\"center\">51.4<\/td><\/tr><tr><td colspan=\"5\">Webbplatsdiagram (INCH)<\/td><td class=\"has-text-align-center\" data-align=\"center\"><\/td><td class=\"has-text-align-center\" data-align=\"center\"><\/td><td class=\"has-text-align-center\" data-align=\"center\"><\/td><\/tr><tr><td>Storlek<\/td><td class=\"has-text-align-center\" data-align=\"center\">L\u00e4ngd<\/td><td class=\"has-text-align-center\" data-align=\"center\">Axel<\/td><td class=\"has-text-align-center\" data-align=\"center\">Under byst<\/td><td class=\"has-text-align-center\" data-align=\"center\">Ankel omkrets<\/td><td class=\"has-text-align-center\" data-align=\"center\">Trosor i midjan<\/td><td class=\"has-text-align-center\" data-align=\"center\">Trosans l\u00e4ngd<\/td><td class=\"has-text-align-center\" data-align=\"center\">Fotens omkrets<\/td><\/tr><tr><td>S<\/td><td class=\"has-text-align-center\" data-align=\"center\">10.62&nbsp;<\/td><td class=\"has-text-align-center\" data-align=\"center\">14.96<\/td><td class=\"has-text-align-center\" data-align=\"center\">25.19-33.85<\/td><td class=\"has-text-align-center\" data-align=\"center\">24.40-33.04<\/td><td class=\"has-text-align-center\" data-align=\"center\">25.98-38.58<\/td><td class=\"has-text-align-center\" data-align=\"center\">8.85<\/td><td class=\"has-text-align-center\" data-align=\"center\">18.5<\/td><\/tr><tr><td>M<\/td><td class=\"has-text-align-center\" data-align=\"center\">11.02&nbsp;<\/td><td class=\"has-text-align-center\" data-align=\"center\">14.96<\/td><td class=\"has-text-align-center\" data-align=\"center\">26.77-35.43<\/td><td class=\"has-text-align-center\" data-align=\"center\">25.98-34.64<\/td><td class=\"has-text-align-center\" data-align=\"center\">27.55-40.15<\/td><td class=\"has-text-align-center\" data-align=\"center\">9.25<\/td><td class=\"has-text-align-center\" data-align=\"center\">19.37<\/td><\/tr><tr><td>L<\/td><td class=\"has-text-align-center\" data-align=\"center\">11.41&nbsp;<\/td><td class=\"has-text-align-center\" data-align=\"center\">14.96<\/td><td class=\"has-text-align-center\" data-align=\"center\">28.34-37.00<\/td><td class=\"has-text-align-center\" data-align=\"center\">27.55-36.22<\/td><td class=\"has-text-align-center\" data-align=\"center\">29.13-41.73<\/td><td class=\"has-text-align-center\" data-align=\"center\">9.64&nbsp;<\/td><td class=\"has-text-align-center\" data-align=\"center\">20.23&nbsp;<\/td><\/tr><tr><td colspan=\"8\">Notera:<br>1. Det kanske \u00e4r 1-2 cm avvikelse i olika storlekar, placeringar och stretch av tyger. Storlekstabell \u00e4r endast f\u00f6r referens, det kan vara lite skillnad med vad du f\u00e5r.<br>2.Det finns 3 typer av elasticitet: h\u00f6g elasticitet (tv\u00e5sidigt str\u00e4ckt), medium elasticitet (ensidigt str\u00e4ckt) och icke-elastiskt (kan inte str\u00e4ckas).<br>3. F\u00e4rgen kan vara ljusare eller m\u00f6rkare p\u00e5 grund av olika PC-sk\u00e4rmar.<br>4.Tv\u00e4tta den f\u00f6r hand i 30 graders vatten, h\u00e4ng p\u00e5 tork i skuggan, f\u00f6rbjud blekning.<br>5. Det kanske \u00e4r lite skillnad p\u00e5 detaljer och m\u00f6nster.<\/td><\/tr><\/tbody><\/table><\/figure>\n\n\n\n<p><\/p>","protected":false},"excerpt":{"rendered":"<p>Setet inneh\u00e5ller en sexig svart bh och trosor med dj\u00e4rva utsk\u00e4rningar och knytdetaljer. Den mystiska stilen \u00e4r perfekt f\u00f6r dem som vill g\u00f6ra ett uttalande vid speciella evenemang. Det andningsbara och stretchiga tyget s\u00e4kerst\u00e4ller maximal komfort. Best\u00e4ll nu f\u00f6r att uppleva den ultimata komforten, modet och sexigheten.<\/p>","protected":false},"featured_media":39508,"template":"","meta":[],"product_brand":[],"product_cat":[388,386,367],"product_tag":[861,446,867,447],"class_list":{"0":"post-39496","1":"product","2":"type-product","3":"status-publish","4":"has-post-thumbnail","6":"product_cat-wholesale-gartered-corset","7":"product_cat-sexy-bustiers","8":"product_cat-sexy-lingerie","9":"product_tag-brunette-lingerie","10":"product_tag-wholesale-sexy-see-through-lingerie","11":"product_tag-sexy-push-up-lingerie","12":"product_tag-wholesale-strappy-sexy-lingerie","13":"pa_color-black","14":"pa_cup-full-cup","15":"pa_size-wholesale-large-size-women-sexy-lingerie","16":"pa_size-wholesale-medium-size-women-sexy-lingerie","17":"pa_size-wholesale-small-size-sexy-lingerie","19":"first","20":"instock","21":"taxable","22":"shipping-taxable","23":"purchasable","24":"product-type-variable"},"tiered_pricing_type":"fixed","tiered_pricing_fixed_rules":[],"tiered_pricing_product_settings":{"layout":"default","base_unit_name":{"singular":null,"plural":null},"default_variation":null},"tiered_pricing_minimum_quantity":null,"tiered_pricing_roles_data":{"default_wholesaler":{"product_id":39496,"role":"default_wholesaler","pricing_type":"flat","regular_price":null,"sale_price":null,"discount":null,"discount_type":"sale_price","tiered_pricing_type":"fixed","percentage_rules":[],"fixed_rules":{"2":"9.19","30":"7.89","500":"6.89"},"minimum":null},"dropshippinger":{"product_id":39496,"role":"dropshippinger","pricing_type":"flat","regular_price":null,"sale_price":null,"discount":null,"discount_type":"sale_price","tiered_pricing_type":"fixed","percentage_rules":[],"fixed_rules":{"1":"10.99","5":"9.19","30":"6.89"},"minimum":null}},"tiered_pricing_percentage_rules":[],"tiered_pricing_maximum_quantity":null,"tiered_pricing_quantity_step":null,"_links":{"self":[{"href":"https:\/\/gretasexylingerie.com\/sv\/wp-json\/wp\/v2\/product\/39496","targetHints":{"allow":["GET"]}}],"collection":[{"href":"https:\/\/gretasexylingerie.com\/sv\/wp-json\/wp\/v2\/product"}],"about":[{"href":"https:\/\/gretasexylingerie.com\/sv\/wp-json\/wp\/v2\/types\/product"}],"wp:featuredmedia":[{"embeddable":true,"href":"https:\/\/gretasexylingerie.com\/sv\/wp-json\/wp\/v2\/media\/39508"}],"wp:attachment":[{"href":"https:\/\/gretasexylingerie.com\/sv\/wp-json\/wp\/v2\/media?parent=39496"}],"wp:term":[{"taxonomy":"product_brand","embeddable":true,"href":"https:\/\/gretasexylingerie.com\/sv\/wp-json\/wp\/v2\/product_brand?post=39496"},{"taxonomy":"product_cat","embeddable":true,"href":"https:\/\/gretasexylingerie.com\/sv\/wp-json\/wp\/v2\/product_cat?post=39496"},{"taxonomy":"product_tag","embeddable":true,"href":"https:\/\/gretasexylingerie.com\/sv\/wp-json\/wp\/v2\/product_tag?post=39496"}],"curies":[{"name":"wp","href":"https:\/\/api.w.org\/{rel}","templated":true}]}}