{"id":39458,"date":"2023-04-18T20:24:09","date_gmt":"2023-04-18T12:24:09","guid":{"rendered":"https:\/\/gretasexylingerie.com\/?post_type=product&#038;p=39458"},"modified":"2023-12-09T19:36:49","modified_gmt":"2023-12-09T11:36:49","slug":"mesh-genomskinlig-sexig-underklader-kostym","status":"publish","type":"product","link":"https:\/\/gretasexylingerie.com\/sv\/products\/mesh-see-through-sexy-lingerie-suit\/","title":{"rendered":"Partihandel Mesh Splicing Genomskinlig sexig underkl\u00e4der kostym"},"content":{"rendered":"<p>1.Unik design: Den genomskinliga sexiga underkl\u00e4derna sexiga kostymen med n\u00e4tskarvning har en unik och v\u00e5gad design som s\u00e4kerligen kommer att v\u00e4nda huvudet och g\u00f6ra ett uttalande.<\/p>\n\n\n\n<p>2. Bekv\u00e4m passform: Tillverkat av mjuka och andningsbara material, detta underkl\u00e4desset \u00e4r designat f\u00f6r att vara bekv\u00e4mt och formsittande, s\u00e5 att du kan k\u00e4nna dig s\u00e4ker och sexig hela dagen.<\/p>\n\n\n\n<p>3.M\u00e5ngsidigt slitage: Detta underkl\u00e4desset \u00e4r m\u00e5ngsidigt nog att b\u00e4ras som b\u00e5de underkl\u00e4der och ytterplagg, vilket g\u00f6r det till ett bra komplement till vilken garderob som helst.<\/p>\n\n\n\n<p>4.Perfekt f\u00f6r intima tillf\u00e4llen: Oavsett om du vill piffa upp saker i sovrummet eller \u00f6verraska din partner med en sexig ny look, \u00e4r detta underkl\u00e4desset det perfekta valet f\u00f6r en f\u00f6rf\u00f6risk och lockande stil.<\/p>\n\n\n\n<figure class=\"wp-block-table\"><table><tbody><tr><td colspan=\"6\">Webbplatsdiagram (CM)<\/td><\/tr><tr><td>Storlek<\/td><td class=\"has-text-align-center\" data-align=\"center\">L\u00e4ngd<\/td><td class=\"has-text-align-center\" data-align=\"center\">Axel<\/td><td class=\"has-text-align-center\" data-align=\"center\">Under byst<\/td><td class=\"has-text-align-center\" data-align=\"center\">Trosor i midjan<\/td><td class=\"has-text-align-center\" data-align=\"center\">Trosans l\u00e4ngd<\/td><\/tr><tr><td>S<\/td><td class=\"has-text-align-center\" data-align=\"center\">16<\/td><td class=\"has-text-align-center\" data-align=\"center\">35.5<\/td><td class=\"has-text-align-center\" data-align=\"center\">67-86<\/td><td class=\"has-text-align-center\" data-align=\"center\">64-96<\/td><td class=\"has-text-align-center\" data-align=\"center\">22.5<\/td><\/tr><tr><td>M<\/td><td class=\"has-text-align-center\" data-align=\"center\">16.6<\/td><td class=\"has-text-align-center\" data-align=\"center\">35.5<\/td><td class=\"has-text-align-center\" data-align=\"center\">71-90<\/td><td class=\"has-text-align-center\" data-align=\"center\">68-104<\/td><td class=\"has-text-align-center\" data-align=\"center\">23.5<\/td><\/tr><tr><td>L<\/td><td class=\"has-text-align-center\" data-align=\"center\">17.2<\/td><td class=\"has-text-align-center\" data-align=\"center\">35.5<\/td><td class=\"has-text-align-center\" data-align=\"center\">75-94<\/td><td class=\"has-text-align-center\" data-align=\"center\">72-108<\/td><td class=\"has-text-align-center\" data-align=\"center\">24.5<\/td><\/tr><tr><td colspan=\"6\">Webbplatsdiagram (INCH)<\/td><\/tr><tr><td>Storlek<\/td><td class=\"has-text-align-center\" data-align=\"center\">Kopph\u00f6jd<\/td><td class=\"has-text-align-center\" data-align=\"center\">Axel<\/td><td class=\"has-text-align-center\" data-align=\"center\">Under byst<\/td><td class=\"has-text-align-center\" data-align=\"center\">Trosor i midjan<\/td><td class=\"has-text-align-center\" data-align=\"center\">Trosans l\u00e4ngd<\/td><\/tr><tr><td>S<\/td><td class=\"has-text-align-center\" data-align=\"center\">6.29<\/td><td class=\"has-text-align-center\" data-align=\"center\">13.18<\/td><td class=\"has-text-align-center\" data-align=\"center\">26.37-33.85<\/td><td class=\"has-text-align-center\" data-align=\"center\">25.19-37.79<\/td><td class=\"has-text-align-center\" data-align=\"center\">8.85<\/td><\/tr><tr><td>M<\/td><td class=\"has-text-align-center\" data-align=\"center\">6.53<\/td><td class=\"has-text-align-center\" data-align=\"center\">13.18<\/td><td class=\"has-text-align-center\" data-align=\"center\">27.95-35.43<\/td><td class=\"has-text-align-center\" data-align=\"center\">26.77-40.94<\/td><td class=\"has-text-align-center\" data-align=\"center\">9.21<\/td><\/tr><tr><td>L<\/td><td class=\"has-text-align-center\" data-align=\"center\">6.77&nbsp;<\/td><td class=\"has-text-align-center\" data-align=\"center\">13.18<\/td><td class=\"has-text-align-center\" data-align=\"center\">29.52-37.00<\/td><td class=\"has-text-align-center\" data-align=\"center\">28.34-42.51<\/td><td class=\"has-text-align-center\" data-align=\"center\">9.64&nbsp;<\/td><\/tr><tr><td colspan=\"6\">Notera:<br>1. Det kanske \u00e4r 1-2 cm avvikelse i olika storlekar, placeringar och stretch av tyger. Storlekstabell \u00e4r endast f\u00f6r referens, det kan vara lite skillnad med vad du f\u00e5r.<br>2.Det finns 3 typer av elasticitet: h\u00f6g elasticitet (tv\u00e5sidigt str\u00e4ckt), medium elasticitet (ensidigt str\u00e4ckt) och icke-elastiskt (kan inte str\u00e4ckas).<br>3. F\u00e4rgen kan vara ljusare eller m\u00f6rkare p\u00e5 grund av olika PC-sk\u00e4rmar.<br>4.Tv\u00e4tta den f\u00f6r hand i 30 graders vatten, h\u00e4ng p\u00e5 tork i skuggan, f\u00f6rbjud blekning.<br>5. Det kanske \u00e4r lite skillnad p\u00e5 detaljer och m\u00f6nster.<\/td><\/tr><\/tbody><\/table><\/figure>\n\n\n\n<p><\/p>","protected":false},"excerpt":{"rendered":"<p>Tillverkad av h\u00f6gkvalitativt material, dessa underkl\u00e4der \u00e4r bekv\u00e4ma att b\u00e4ra under l\u00e5ng tid. Intrikata detaljer och uppm\u00e4rksamhet p\u00e5 design g\u00f6r den h\u00e4r dr\u00e4kten till ett m\u00e5ste f\u00f6r alla tillf\u00e4llen f\u00f6r att k\u00e4nna dig trygg och energisk i din egen hud. L\u00e4mplig f\u00f6r kvinnor i alla former och storlekar. Om du vill piffa upp saker och ting \u00e4r det h\u00e4r setet perfekt f\u00f6r dig. Best\u00e4ll det nu och upplev det ultimata inom f\u00f6rf\u00f6risk stil!<\/p>","protected":false},"featured_media":39466,"template":"","meta":[],"product_brand":[],"product_cat":[368,367,375],"product_tag":[861,524,446,880,453,864,865],"class_list":{"0":"post-39458","1":"product","2":"type-product","3":"status-publish","4":"has-post-thumbnail","6":"product_cat-bra-panty-set","7":"product_cat-sexy-lingerie","8":"product_cat-whoelsale-sheer-bra-and-panty-sets","9":"product_tag-brunette-lingerie","10":"product_tag-metal-lingerie","11":"product_tag-wholesale-sexy-see-through-lingerie","12":"product_tag-sexy-2-piece-lingerie","13":"product_tag-wholesale-sexy-naughty-lingerie","14":"product_tag-sexy-petite-lingerie","15":"product_tag-sexy-skimpy-lingerie","16":"pa_color-black","17":"pa_cup-full-cup","18":"pa_size-wholesale-large-size-women-sexy-lingerie","19":"pa_size-wholesale-medium-size-women-sexy-lingerie","20":"pa_size-wholesale-small-size-sexy-lingerie","22":"first","23":"outofstock","24":"taxable","25":"shipping-taxable","26":"purchasable","27":"product-type-variable"},"tiered_pricing_type":"fixed","tiered_pricing_fixed_rules":[],"tiered_pricing_product_settings":{"layout":"default","base_unit_name":{"singular":null,"plural":null},"default_variation":null},"tiered_pricing_minimum_quantity":null,"tiered_pricing_roles_data":{"default_wholesaler":{"product_id":39458,"role":"default_wholesaler","pricing_type":"flat","regular_price":null,"sale_price":null,"discount":null,"discount_type":"sale_price","tiered_pricing_type":"fixed","percentage_rules":[],"fixed_rules":{"2":"7.59","30":"6.49","500":"5.69"},"minimum":null},"dropshippinger":{"product_id":39458,"role":"dropshippinger","pricing_type":"flat","regular_price":null,"sale_price":null,"discount":null,"discount_type":"sale_price","tiered_pricing_type":"fixed","percentage_rules":[],"fixed_rules":{"1":"9.09","5":"7.59","30":"5.69"},"minimum":null}},"tiered_pricing_percentage_rules":[],"tiered_pricing_maximum_quantity":null,"tiered_pricing_quantity_step":null,"_links":{"self":[{"href":"https:\/\/gretasexylingerie.com\/sv\/wp-json\/wp\/v2\/product\/39458","targetHints":{"allow":["GET"]}}],"collection":[{"href":"https:\/\/gretasexylingerie.com\/sv\/wp-json\/wp\/v2\/product"}],"about":[{"href":"https:\/\/gretasexylingerie.com\/sv\/wp-json\/wp\/v2\/types\/product"}],"wp:featuredmedia":[{"embeddable":true,"href":"https:\/\/gretasexylingerie.com\/sv\/wp-json\/wp\/v2\/media\/39466"}],"wp:attachment":[{"href":"https:\/\/gretasexylingerie.com\/sv\/wp-json\/wp\/v2\/media?parent=39458"}],"wp:term":[{"taxonomy":"product_brand","embeddable":true,"href":"https:\/\/gretasexylingerie.com\/sv\/wp-json\/wp\/v2\/product_brand?post=39458"},{"taxonomy":"product_cat","embeddable":true,"href":"https:\/\/gretasexylingerie.com\/sv\/wp-json\/wp\/v2\/product_cat?post=39458"},{"taxonomy":"product_tag","embeddable":true,"href":"https:\/\/gretasexylingerie.com\/sv\/wp-json\/wp\/v2\/product_tag?post=39458"}],"curies":[{"name":"wp","href":"https:\/\/api.w.org\/{rel}","templated":true}]}}