{"id":39444,"date":"2023-04-18T20:08:39","date_gmt":"2023-04-18T12:08:39","guid":{"rendered":"https:\/\/gretasexylingerie.com\/?post_type=product&#038;p=39444"},"modified":"2023-11-10T21:53:11","modified_gmt":"2023-11-10T13:53:11","slug":"broderade-ihaliga-sexiga-underklader-sexiga-set","status":"publish","type":"product","link":"https:\/\/gretasexylingerie.com\/sv\/products\/embroidered-hollow-sexy-lingerie-sexy-set\/","title":{"rendered":"Broderade ih\u00e5liga sexiga underkl\u00e4der sexiga set"},"content":{"rendered":"<p>1.Uts\u00f6kt broderi: Broderade ih\u00e5liga sexiga sexiga underkl\u00e4der har invecklade och vackra broderier som ger en touch av elegans och lyx till din underkl\u00e4deskollektion.<\/p>\n\n\n\n<p>2. Bekv\u00e4m och andningsbar: Tillverkad av mjuka och l\u00e4tta material, detta underkl\u00e4desset \u00e4r designat f\u00f6r att vara bekv\u00e4mt och andas, s\u00e5 att du kan k\u00e4nna dig s\u00e4ker och bekv\u00e4m hela dagen.<\/p>\n\n\n\n<p>3.M\u00e5ngsidigt slitage: Detta underkl\u00e4derset \u00e4r m\u00e5ngsidigt nog att b\u00e4ras som b\u00e5de underkl\u00e4der och ytterplagg, vilket g\u00f6r det till ett bra komplement till alla garderober.<\/p>\n\n\n\n<p>4.Perfekt f\u00f6r speciella tillf\u00e4llen: Oavsett om du letar efter en romantisk kv\u00e4ll eller en speciell h\u00e4ndelse, \u00e4r detta underkl\u00e4desset det perfekta valet f\u00f6r en sexig och sofistikerad look som f\u00e5r dig att k\u00e4nna dig sj\u00e4lvs\u00e4ker och st\u00e4rkt.<\/p>\n\n\n\n<figure class=\"wp-block-table\"><table><tbody><tr><td colspan=\"6\">Webbplatsdiagram (CM)<\/td><\/tr><tr><td>Storlek<\/td><td class=\"has-text-align-center\" data-align=\"center\">Kopph\u00f6jd<\/td><td class=\"has-text-align-center\" data-align=\"center\">Under byst<\/td><td class=\"has-text-align-center\" data-align=\"center\">Trosor i midjan<\/td><td class=\"has-text-align-center\" data-align=\"center\">Trosans l\u00e4ngd<\/td><td class=\"has-text-align-center\" data-align=\"center\">Midja<\/td><\/tr><tr><td>S<\/td><td class=\"has-text-align-center\" data-align=\"center\">12.5<\/td><td class=\"has-text-align-center\" data-align=\"center\">70-86<\/td><td class=\"has-text-align-center\" data-align=\"center\">66-96<\/td><td class=\"has-text-align-center\" data-align=\"center\">20<\/td><td class=\"has-text-align-center\" data-align=\"center\">58<\/td><\/tr><tr><td>M<\/td><td class=\"has-text-align-center\" data-align=\"center\">13.5<\/td><td class=\"has-text-align-center\" data-align=\"center\">74-90<\/td><td class=\"has-text-align-center\" data-align=\"center\">70-100<\/td><td class=\"has-text-align-center\" data-align=\"center\">21<\/td><td class=\"has-text-align-center\" data-align=\"center\">62<\/td><\/tr><tr><td>L<\/td><td class=\"has-text-align-center\" data-align=\"center\">14.5<\/td><td class=\"has-text-align-center\" data-align=\"center\">78-94<\/td><td class=\"has-text-align-center\" data-align=\"center\">74-104<\/td><td class=\"has-text-align-center\" data-align=\"center\">22<\/td><td class=\"has-text-align-center\" data-align=\"center\">67<\/td><\/tr><tr><td colspan=\"6\">Webbplatsdiagram (INCH)<\/td><\/tr><tr><td>Storlek<\/td><td class=\"has-text-align-center\" data-align=\"center\">Kopph\u00f6jd<\/td><td class=\"has-text-align-center\" data-align=\"center\">Under byst<\/td><td class=\"has-text-align-center\" data-align=\"center\">Trosor i midjan<\/td><td class=\"has-text-align-center\" data-align=\"center\">Trosans l\u00e4ngd<\/td><td class=\"has-text-align-center\" data-align=\"center\">Midja<\/td><\/tr><tr><td>S<\/td><td class=\"has-text-align-center\" data-align=\"center\">4.92<\/td><td class=\"has-text-align-center\" data-align=\"center\">27.55-33.85<\/td><td class=\"has-text-align-center\" data-align=\"center\">25.19-37.79<\/td><td class=\"has-text-align-center\" data-align=\"center\">7.87<\/td><td class=\"has-text-align-center\" data-align=\"center\">22.83<\/td><\/tr><tr><td>M<\/td><td class=\"has-text-align-center\" data-align=\"center\">5.31<\/td><td class=\"has-text-align-center\" data-align=\"center\">29.13-35.43<\/td><td class=\"has-text-align-center\" data-align=\"center\">26.77-39.37<\/td><td class=\"has-text-align-center\" data-align=\"center\">8.26<\/td><td class=\"has-text-align-center\" data-align=\"center\">24.40&nbsp;<\/td><\/tr><tr><td>L<\/td><td class=\"has-text-align-center\" data-align=\"center\">5.70&nbsp;<\/td><td class=\"has-text-align-center\" data-align=\"center\">30.70-37.00<\/td><td class=\"has-text-align-center\" data-align=\"center\">28.34-40.94<\/td><td class=\"has-text-align-center\" data-align=\"center\">8.66&nbsp;<\/td><td class=\"has-text-align-center\" data-align=\"center\">26.37&nbsp;<\/td><\/tr><tr><td colspan=\"6\">Notera:<br>1. Det kanske \u00e4r 1-2 cm avvikelse i olika storlekar, placeringar och stretch av tyger. Storlekstabell \u00e4r endast f\u00f6r referens, det kan vara lite skillnad med vad du f\u00e5r.<br>2.Det finns 3 typer av elasticitet: h\u00f6g elasticitet (tv\u00e5sidigt str\u00e4ckt), medium elasticitet (ensidigt str\u00e4ckt) och icke-elastiskt (kan inte str\u00e4ckas).<br>3. F\u00e4rgen kan vara ljusare eller m\u00f6rkare p\u00e5 grund av olika PC-sk\u00e4rmar.<br>4.Tv\u00e4tta den f\u00f6r hand i 30 graders vatten, h\u00e4ng p\u00e5 tork i skuggan, f\u00f6rbjud blekning.<br>5. Det kanske \u00e4r lite skillnad p\u00e5 detaljer och m\u00f6nster.<\/td><\/tr><\/tbody><\/table><\/figure>\n\n\n\n<p><\/p>","protected":false},"excerpt":{"rendered":"<p>Alla seten har fantastiska utsk\u00e4rningsdesigner f\u00f6r att l\u00e4gga till glamour till din look, medan justerbara remmar och remmar erbjuder en anpassningsbar passform f\u00f6r varje kroppsform. N\u00f6j dig inte med enkla underkl\u00e4der, b\u00e4r broderade utskurna sexiga underkl\u00e4der sexiga kostymer, kliv in i den ultimata f\u00f6rf\u00f6relsens v\u00e4rld.<\/p>\n<p>https:\/\/youtu.be\/PJ8shHTwhKo<\/p>","protected":false},"featured_media":39452,"template":"","meta":[],"product_brand":[],"product_cat":[368,374,367,375],"product_tag":[868,512,861,454,518,451,446,864],"class_list":{"0":"post-39444","1":"product","2":"type-product","3":"status-publish","4":"has-post-thumbnail","6":"product_cat-bra-panty-set","7":"product_cat-wholesale-garter-belt-set","8":"product_cat-sexy-lingerie","9":"product_cat-whoelsale-sheer-bra-and-panty-sets","10":"product_tag-4-piece-lingerie-set","11":"product_tag-bow-lingerie","12":"product_tag-brunette-lingerie","13":"product_tag-wholesale-sexy-embroidered-lingerie","14":"product_tag-mesh-lingerie","15":"product_tag-wholesale-revealing-lingerie","16":"product_tag-wholesale-sexy-see-through-lingerie","17":"product_tag-sexy-petite-lingerie","18":"pa_color-black","19":"pa_color-red-women-sexy-lingerie","20":"pa_cup-wholesale-half-cup-women-sexy-lingerie","21":"pa_size-wholesale-large-size-women-sexy-lingerie","22":"pa_size-wholesale-medium-size-women-sexy-lingerie","23":"pa_size-wholesale-small-size-sexy-lingerie","25":"first","26":"instock","27":"taxable","28":"shipping-taxable","29":"purchasable","30":"product-type-variable"},"tiered_pricing_type":"fixed","tiered_pricing_fixed_rules":[],"tiered_pricing_product_settings":{"layout":"default","base_unit_name":{"singular":null,"plural":null},"default_variation":{}},"tiered_pricing_minimum_quantity":null,"tiered_pricing_roles_data":{"default_wholesaler":{"product_id":39444,"role":"default_wholesaler","pricing_type":"flat","regular_price":null,"sale_price":null,"discount":null,"discount_type":"sale_price","tiered_pricing_type":"fixed","percentage_rules":[],"fixed_rules":{"2":"9.69","30":"8.29","500":"7.29"},"minimum":null},"dropshippinger":{"product_id":39444,"role":"dropshippinger","pricing_type":"flat","regular_price":null,"sale_price":null,"discount":null,"discount_type":"sale_price","tiered_pricing_type":"fixed","percentage_rules":[],"fixed_rules":{"1":"11.59","5":"9.69","30":"7.29"},"minimum":null}},"tiered_pricing_percentage_rules":[],"tiered_pricing_maximum_quantity":null,"tiered_pricing_quantity_step":null,"_links":{"self":[{"href":"https:\/\/gretasexylingerie.com\/sv\/wp-json\/wp\/v2\/product\/39444","targetHints":{"allow":["GET"]}}],"collection":[{"href":"https:\/\/gretasexylingerie.com\/sv\/wp-json\/wp\/v2\/product"}],"about":[{"href":"https:\/\/gretasexylingerie.com\/sv\/wp-json\/wp\/v2\/types\/product"}],"wp:featuredmedia":[{"embeddable":true,"href":"https:\/\/gretasexylingerie.com\/sv\/wp-json\/wp\/v2\/media\/39452"}],"wp:attachment":[{"href":"https:\/\/gretasexylingerie.com\/sv\/wp-json\/wp\/v2\/media?parent=39444"}],"wp:term":[{"taxonomy":"product_brand","embeddable":true,"href":"https:\/\/gretasexylingerie.com\/sv\/wp-json\/wp\/v2\/product_brand?post=39444"},{"taxonomy":"product_cat","embeddable":true,"href":"https:\/\/gretasexylingerie.com\/sv\/wp-json\/wp\/v2\/product_cat?post=39444"},{"taxonomy":"product_tag","embeddable":true,"href":"https:\/\/gretasexylingerie.com\/sv\/wp-json\/wp\/v2\/product_tag?post=39444"}],"curies":[{"name":"wp","href":"https:\/\/api.w.org\/{rel}","templated":true}]}}