{"id":39388,"date":"2023-04-17T22:30:57","date_gmt":"2023-04-17T14:30:57","guid":{"rendered":"https:\/\/gretasexylingerie.com\/?post_type=product&#038;p=39388"},"modified":"2023-10-22T22:32:33","modified_gmt":"2023-10-22T14:32:33","slug":"medfoljande-erotiska-underklader-set","status":"publish","type":"product","link":"https:\/\/gretasexylingerie.com\/sv\/products\/bundled-erotic-lingerie-set\/","title":{"rendered":"Medf\u00f6ljande erotiska underkl\u00e4derset"},"content":{"rendered":"<p>1. Sexig och f\u00f6rf\u00f6risk design: Det buntade erotiska underkl\u00e4dersetet \u00e4r designat f\u00f6r att t\u00e4nda passion och lust, med sin lockande och f\u00f6rf\u00f6riska design. Setet inneh\u00e5ller en bh, trosa, strumpebandsb\u00e4lte och l\u00e5rh\u00f6ga strumpor, allt tillverkat av h\u00f6gkvalitativt, skirt spetsmaterial som skapar en oemotst\u00e5ndlig och sexig look.<\/p>\n\n\n\n<p>2. Bekv\u00e4mt och st\u00f6djande: Underkl\u00e4dessetet \u00e4r tillverkat av mjuka och stretchiga material som \u00e4r bekv\u00e4ma och st\u00f6djande. BH:n ger gott om st\u00f6d och lyft, medan strumpebandet och strumpor sitter s\u00e4kert p\u00e5 plats utan att glida eller glida ner.<\/p>\n\n\n\n<p>3.M\u00e5ngsidig och anpassningsbar: Det buntade erotiska underkl\u00e4dersetet kan b\u00e4ras tillsammans som ett komplett set eller blandas och matchas med andra underkl\u00e4der. De justerbara remmarna och krokarna g\u00f6r att du kan anpassa passformen och stilen p\u00e5 varje del f\u00f6r att passa dina preferenser och kroppstyp.<\/p>\n\n\n\n<p>4. Prisv\u00e4rd lyx: The Bunted Erotic Lingerie Set erbjuder en lyxig och exklusiv underkl\u00e4desupplevelse till ett \u00f6verkomligt pris. Setet \u00e4r tillverkat av h\u00f6gkvalitativa material och har intrikata detaljer, vilket g\u00f6r det till ett lyxigt tillskott till din underkl\u00e4deskollektion utan att bryta banken. Dessutom g\u00f6r setets m\u00e5ngsidighet och h\u00e5llbarhet det till ett stort v\u00e4rde f\u00f6r pengarna.<\/p>\n\n\n\n<figure class=\"wp-block-table is-style-stripes\"><table class=\"has-fixed-layout\"><tbody><tr><td colspan=\"5\">Webbplatsdiagram (CM)<\/td><\/tr><tr><td>Storlek<\/td><td class=\"has-text-align-center\" data-align=\"center\">L\u00e4ngd<\/td><td class=\"has-text-align-center\" data-align=\"center\">Under byst<\/td><td class=\"has-text-align-center\" data-align=\"center\">Byxor i midjan<\/td><td>Trosans l\u00e4ngd<\/td><\/tr><tr><td>S<\/td><td class=\"has-text-align-center\" data-align=\"center\">44<\/td><td class=\"has-text-align-center\" data-align=\"center\">68-86<\/td><td class=\"has-text-align-center\" data-align=\"center\">67-96<\/td><td>23<\/td><\/tr><tr><td>M<\/td><td class=\"has-text-align-center\" data-align=\"center\">45<\/td><td class=\"has-text-align-center\" data-align=\"center\">72-90<\/td><td class=\"has-text-align-center\" data-align=\"center\">71-100<\/td><td>24<\/td><\/tr><tr><td>L<\/td><td class=\"has-text-align-center\" data-align=\"center\">46<\/td><td class=\"has-text-align-center\" data-align=\"center\">76-94<\/td><td class=\"has-text-align-center\" data-align=\"center\">75-104<\/td><td>25<\/td><\/tr><tr><td colspan=\"5\">Webbplatsdiagram (INCH)<\/td><\/tr><tr><td>Storlek<\/td><td class=\"has-text-align-center\" data-align=\"center\">L\u00e4ngd<\/td><td class=\"has-text-align-center\" data-align=\"center\">Under byst<\/td><td class=\"has-text-align-center\" data-align=\"center\">Byxor i midjan<\/td><td>Trosans l\u00e4ngd<\/td><\/tr><tr><td>S<\/td><td class=\"has-text-align-center\" data-align=\"center\">17.32<\/td><td class=\"has-text-align-center\" data-align=\"center\">26.77-33.85<\/td><td class=\"has-text-align-center\" data-align=\"center\">26.37-37.79<\/td><td>9.05<\/td><\/tr><tr><td>M<\/td><td class=\"has-text-align-center\" data-align=\"center\">17.71<\/td><td class=\"has-text-align-center\" data-align=\"center\">28.34-35.43<\/td><td class=\"has-text-align-center\" data-align=\"center\">27.95-39.37<\/td><td>9.44<\/td><\/tr><tr><td>L<\/td><td class=\"has-text-align-center\" data-align=\"center\">18.11<\/td><td class=\"has-text-align-center\" data-align=\"center\">29.92-37.00<\/td><td class=\"has-text-align-center\" data-align=\"center\">29.52-40.94<\/td><td>9.84&nbsp;<\/td><\/tr><tr><td colspan=\"5\">Notera:<br>1. Det kanske \u00e4r 1-2 cm avvikelse i olika storlekar, placeringar och stretch av tyger. Storlekstabell \u00e4r endast f\u00f6r referens, det kan vara lite skillnad med vad du f\u00e5r.<br>2.Det finns 3 typer av elasticitet: h\u00f6g elasticitet (tv\u00e5sidigt str\u00e4ckt), medium elasticitet (ensidigt str\u00e4ckt) och icke-elastiskt (kan inte str\u00e4ckas).<br>3. F\u00e4rgen kan vara ljusare eller m\u00f6rkare p\u00e5 grund av olika PC-sk\u00e4rmar.<br>4.Tv\u00e4tta den f\u00f6r hand i 30 graders vatten, h\u00e4ng p\u00e5 tork i skuggan, f\u00f6rbjud blekning.<br>5. Det kanske \u00e4r lite skillnad p\u00e5 detaljer och m\u00f6nster.<\/td><\/tr><\/tbody><\/table><\/figure>\n\n\n\n<p><\/p>","protected":false},"excerpt":{"rendered":"<p>Introduktionen av Bunted Erotic Lingerie Set, ett prisv\u00e4rt underkl\u00e4desset f\u00f6r kvinnor som vill vara sj\u00e4lvs\u00e4kra och attraktiva, h\u00f6gkvalitativa material och fina detaljer g\u00f6r detta set till ett m\u00e5ste f\u00f6r alla underkl\u00e4deskollektioner.<\/p>\n<p>https:\/\/youtu.be\/x12DQQkcq7M<\/p>","protected":false},"featured_media":39395,"template":"","meta":[],"product_brand":[],"product_cat":[388,386,367],"product_tag":[861,880,453,447,504],"class_list":{"0":"post-39388","1":"product","2":"type-product","3":"status-publish","4":"has-post-thumbnail","6":"product_cat-wholesale-gartered-corset","7":"product_cat-sexy-bustiers","8":"product_cat-sexy-lingerie","9":"product_tag-brunette-lingerie","10":"product_tag-sexy-2-piece-lingerie","11":"product_tag-wholesale-sexy-naughty-lingerie","12":"product_tag-wholesale-strappy-sexy-lingerie","13":"product_tag-ultra-sexy","14":"pa_color-black","15":"pa_cup-full-cup","16":"pa_size-wholesale-large-size-women-sexy-lingerie","17":"pa_size-wholesale-medium-size-women-sexy-lingerie","18":"pa_size-wholesale-small-size-sexy-lingerie","20":"first","21":"instock","22":"taxable","23":"shipping-taxable","24":"purchasable","25":"product-type-variable"},"tiered_pricing_type":"fixed","tiered_pricing_fixed_rules":[],"tiered_pricing_product_settings":{"layout":"default","base_unit_name":{"singular":null,"plural":null},"default_variation":{}},"tiered_pricing_minimum_quantity":null,"tiered_pricing_roles_data":{"default_wholesaler":{"product_id":39388,"role":"default_wholesaler","pricing_type":"flat","regular_price":null,"sale_price":null,"discount":null,"discount_type":"sale_price","tiered_pricing_type":"fixed","percentage_rules":[],"fixed_rules":{"2":"10.19","30":"8.79","500":"7.69"},"minimum":null},"dropshippinger":{"product_id":39388,"role":"dropshippinger","pricing_type":"flat","regular_price":null,"sale_price":null,"discount":null,"discount_type":"sale_price","tiered_pricing_type":"fixed","percentage_rules":[],"fixed_rules":{"1":"12.19","5":"10.19","30":"7.69"},"minimum":null}},"tiered_pricing_percentage_rules":[],"tiered_pricing_maximum_quantity":null,"tiered_pricing_quantity_step":null,"_links":{"self":[{"href":"https:\/\/gretasexylingerie.com\/sv\/wp-json\/wp\/v2\/product\/39388","targetHints":{"allow":["GET"]}}],"collection":[{"href":"https:\/\/gretasexylingerie.com\/sv\/wp-json\/wp\/v2\/product"}],"about":[{"href":"https:\/\/gretasexylingerie.com\/sv\/wp-json\/wp\/v2\/types\/product"}],"wp:featuredmedia":[{"embeddable":true,"href":"https:\/\/gretasexylingerie.com\/sv\/wp-json\/wp\/v2\/media\/39395"}],"wp:attachment":[{"href":"https:\/\/gretasexylingerie.com\/sv\/wp-json\/wp\/v2\/media?parent=39388"}],"wp:term":[{"taxonomy":"product_brand","embeddable":true,"href":"https:\/\/gretasexylingerie.com\/sv\/wp-json\/wp\/v2\/product_brand?post=39388"},{"taxonomy":"product_cat","embeddable":true,"href":"https:\/\/gretasexylingerie.com\/sv\/wp-json\/wp\/v2\/product_cat?post=39388"},{"taxonomy":"product_tag","embeddable":true,"href":"https:\/\/gretasexylingerie.com\/sv\/wp-json\/wp\/v2\/product_tag?post=39388"}],"curies":[{"name":"wp","href":"https:\/\/api.w.org\/{rel}","templated":true}]}}