{"id":39380,"date":"2023-04-17T22:14:30","date_gmt":"2023-04-17T14:14:30","guid":{"rendered":"https:\/\/gretasexylingerie.com\/?post_type=product&#038;p=39380"},"modified":"2023-12-09T19:33:40","modified_gmt":"2023-12-09T11:33:40","slug":"sexiga-underklader-i-mesh-i-tre-delar","status":"publish","type":"product","link":"https:\/\/gretasexylingerie.com\/sv\/products\/mesh-sexy-underwear-three-piece-set\/","title":{"rendered":"Grossist mesh sexiga underkl\u00e4der tre delar set"},"content":{"rendered":"<p>1. F\u00f6rf\u00f6risk och lockande design: Sexiga underkl\u00e4der i n\u00e4t i tre delar \u00e4r designade f\u00f6r att f\u00e5 dig att k\u00e4nna dig s\u00e4ker, sexig och lockande. Det skira meshtyget och remsdetaljerna skapar en ultrasexig look som \u00e4r perfekt f\u00f6r intima tillf\u00e4llen eller som ett statement i din underkl\u00e4deskollektion.<\/p>\n\n\n\n<p>2. Bekv\u00e4m och andningsbar: Underkl\u00e4derssetet \u00e4r tillverkat av h\u00f6gkvalitativa, l\u00e4tta material som \u00e4r bekv\u00e4ma och andas. Det mjuka meshtyget k\u00e4nns smidigt mot huden, medan de justerbara banden och det elastiska midjebandet s\u00e4kerst\u00e4ller en bekv\u00e4m och s\u00e4ker passform.<\/p>\n\n\n\n<p>3.M\u00e5ngsidig och anpassningsbar: Sexiga meshunderkl\u00e4der i tre delar kommer med en bralette, stringtrosa och strumpebandsb\u00e4lte, som kan b\u00e4ras separat eller tillsammans. De justerbara remmarna och krokarna g\u00f6r att du kan anpassa passformen och stilen f\u00f6r att passa dina \u00f6nskem\u00e5l.<\/p>\n\n\n\n<p>4. Prisv\u00e4rd lyx: Sexiga underkl\u00e4der i n\u00e4t i tre delar erbjuder en exklusiv underkl\u00e4desupplevelse till ett \u00f6verkomligt pris. Setet \u00e4r tillverkat av h\u00f6gkvalitativa material och har intrikata detaljer, vilket g\u00f6r det till ett lyxigt tillskott till din underkl\u00e4deskollektion utan att bryta banken. Dessutom g\u00f6r den m\u00e5ngsidiga designen och h\u00e5llbarheten hos setet det till ett stort v\u00e4rde f\u00f6r pengarna.<\/p>\n\n\n\n<figure class=\"wp-block-table\"><table class=\"has-fixed-layout\"><tbody><tr><td colspan=\"8\">Webbplatsdiagram (CM)<\/td><\/tr><tr><td>Storlek<\/td><td class=\"has-text-align-center\" data-align=\"center\">H\u00f6gsta l\u00e4ngd<\/td><td class=\"has-text-align-center\" data-align=\"center\">Nacke<\/td><td class=\"has-text-align-center\" data-align=\"center\">Under byst<\/td><td class=\"has-text-align-center\" data-align=\"center\">Midja<\/td><td class=\"has-text-align-center\" data-align=\"center\">Fotens omkrets<\/td><td class=\"has-text-align-center\" data-align=\"center\">Trosor i midjan<\/td><td class=\"has-text-align-center\" data-align=\"center\">Trosans l\u00e4ngd<\/td><\/tr><tr><td>S<\/td><td class=\"has-text-align-center\" data-align=\"center\">19<\/td><td class=\"has-text-align-center\" data-align=\"center\">36<\/td><td class=\"has-text-align-center\" data-align=\"center\">59-86<\/td><td class=\"has-text-align-center\" data-align=\"center\">64-96<\/td><td class=\"has-text-align-center\" data-align=\"center\">46<\/td><td class=\"has-text-align-center\" data-align=\"center\">86-98<\/td><td class=\"has-text-align-center\" data-align=\"center\">21<\/td><\/tr><tr><td>M<\/td><td class=\"has-text-align-center\" data-align=\"center\">20<\/td><td class=\"has-text-align-center\" data-align=\"center\">37.5<\/td><td class=\"has-text-align-center\" data-align=\"center\">63-90<\/td><td class=\"has-text-align-center\" data-align=\"center\">68-100<\/td><td class=\"has-text-align-center\" data-align=\"center\">48<\/td><td class=\"has-text-align-center\" data-align=\"center\">90-102<\/td><td class=\"has-text-align-center\" data-align=\"center\">22<\/td><\/tr><tr><td>L<\/td><td class=\"has-text-align-center\" data-align=\"center\">21<\/td><td class=\"has-text-align-center\" data-align=\"center\">39<\/td><td class=\"has-text-align-center\" data-align=\"center\">67-94<\/td><td class=\"has-text-align-center\" data-align=\"center\">72-104<\/td><td class=\"has-text-align-center\" data-align=\"center\">50<\/td><td class=\"has-text-align-center\" data-align=\"center\">94-106<\/td><td class=\"has-text-align-center\" data-align=\"center\">23<\/td><\/tr><tr><td colspan=\"8\">Webbplatsdiagram (INCH)<\/td><\/tr><tr><td>Storlek<\/td><td class=\"has-text-align-center\" data-align=\"center\">H\u00f6gsta l\u00e4ngd<\/td><td class=\"has-text-align-center\" data-align=\"center\">Nacke<\/td><td class=\"has-text-align-center\" data-align=\"center\">Under byst<\/td><td class=\"has-text-align-center\" data-align=\"center\">Midja<\/td><td class=\"has-text-align-center\" data-align=\"center\">Fotens omkrets<\/td><td class=\"has-text-align-center\" data-align=\"center\">Trosor i midjan<\/td><td class=\"has-text-align-center\" data-align=\"center\">Trosans l\u00e4ngd<\/td><\/tr><tr><td>S<\/td><td class=\"has-text-align-center\" data-align=\"center\">7.48<\/td><td class=\"has-text-align-center\" data-align=\"center\">14.17<\/td><td class=\"has-text-align-center\" data-align=\"center\">23.22-33.85<\/td><td class=\"has-text-align-center\" data-align=\"center\">25.19-37.79<\/td><td class=\"has-text-align-center\" data-align=\"center\">18.11<\/td><td class=\"has-text-align-center\" data-align=\"center\">35.03-38.58<\/td><td class=\"has-text-align-center\" data-align=\"center\">8.26<\/td><\/tr><tr><td>M<\/td><td class=\"has-text-align-center\" data-align=\"center\">7.87<\/td><td class=\"has-text-align-center\" data-align=\"center\">14.76<\/td><td class=\"has-text-align-center\" data-align=\"center\">24.80-35.43<\/td><td class=\"has-text-align-center\" data-align=\"center\">26.77-39.37<\/td><td class=\"has-text-align-center\" data-align=\"center\">18.89<\/td><td class=\"has-text-align-center\" data-align=\"center\">35.43-40.15<\/td><td class=\"has-text-align-center\" data-align=\"center\">8.66<\/td><\/tr><tr><td>L<\/td><td class=\"has-text-align-center\" data-align=\"center\">8.26<\/td><td class=\"has-text-align-center\" data-align=\"center\">15.35<\/td><td class=\"has-text-align-center\" data-align=\"center\">26.37-37.00<\/td><td class=\"has-text-align-center\" data-align=\"center\">28.36-40.94<\/td><td class=\"has-text-align-center\" data-align=\"center\">19.68<\/td><td class=\"has-text-align-center\" data-align=\"center\">37.00-41.73<\/td><td class=\"has-text-align-center\" data-align=\"center\">9.05<\/td><\/tr><tr><td colspan=\"8\">Notera:<br>1. Det kanske \u00e4r 1-2 cm avvikelse i olika storlekar, placeringar och stretch av tyger. Storlekstabell \u00e4r endast f\u00f6r referens, det kan vara lite skillnad med vad du f\u00e5r.<br>2.Det finns 3 typer av elasticitet: h\u00f6g elasticitet (tv\u00e5sidigt str\u00e4ckt), medium elasticitet (ensidigt str\u00e4ckt) och icke-elastiskt (kan inte str\u00e4ckas).<br>3. F\u00e4rgen kan vara ljusare eller m\u00f6rkare p\u00e5 grund av olika PC-sk\u00e4rmar.<br>4.Tv\u00e4tta den f\u00f6r hand i 30 graders vatten, h\u00e4ng p\u00e5 tork i skuggan, f\u00f6rbjud blekning.<br>5. Det kanske \u00e4r lite skillnad p\u00e5 detaljer och m\u00f6nster.<\/td><\/tr><\/tbody><\/table><\/figure>","protected":false},"excerpt":{"rendered":"<p>Setet har en unik meshdesign som g\u00f6r att huden kan ses f\u00f6r en lockande look. Dr\u00e4kten \u00e4r gjord av h\u00f6gkvalitativa material f\u00f6r att s\u00e4kerst\u00e4lla komfort och h\u00e5llbarhet. Om du vill l\u00e4gga till sp\u00e4nning och flirtig till din underkl\u00e4deskollektion, \u00e4r Mesh Sexy Lingerie Trio perfekt f\u00f6r dig!<\/p>","protected":false},"featured_media":39385,"template":"","meta":[],"product_brand":[],"product_cat":[368,374,367,375],"product_tag":[868,532,518,524,973,446,865],"class_list":{"0":"post-39380","1":"product","2":"type-product","3":"status-publish","4":"has-post-thumbnail","6":"product_cat-bra-panty-set","7":"product_cat-wholesale-garter-belt-set","8":"product_cat-sexy-lingerie","9":"product_cat-whoelsale-sheer-bra-and-panty-sets","10":"product_tag-4-piece-lingerie-set","11":"product_tag-lingerie-suspender-set","12":"product_tag-mesh-lingerie","13":"product_tag-metal-lingerie","14":"product_tag-oem","15":"product_tag-wholesale-sexy-see-through-lingerie","16":"product_tag-sexy-skimpy-lingerie","17":"pa_color-yellow","18":"pa_cup-full-cup","19":"pa_size-wholesale-large-size-women-sexy-lingerie","20":"pa_size-wholesale-medium-size-women-sexy-lingerie","21":"pa_size-wholesale-small-size-sexy-lingerie","23":"first","24":"outofstock","25":"taxable","26":"shipping-taxable","27":"purchasable","28":"product-type-variable"},"tiered_pricing_type":"fixed","tiered_pricing_fixed_rules":[],"tiered_pricing_product_settings":{"layout":"default","base_unit_name":{"singular":null,"plural":null},"default_variation":null},"tiered_pricing_minimum_quantity":null,"tiered_pricing_roles_data":{"default_wholesaler":{"product_id":39380,"role":"default_wholesaler","pricing_type":"flat","regular_price":null,"sale_price":null,"discount":null,"discount_type":"sale_price","tiered_pricing_type":"fixed","percentage_rules":[],"fixed_rules":{"2":"7.89","30":"6.79","500":"5.89"},"minimum":null},"dropshippinger":{"product_id":39380,"role":"dropshippinger","pricing_type":"flat","regular_price":null,"sale_price":null,"discount":null,"discount_type":"sale_price","tiered_pricing_type":"fixed","percentage_rules":[],"fixed_rules":{"1":"9.39","5":"7.89","30":"5.89"},"minimum":null}},"tiered_pricing_percentage_rules":[],"tiered_pricing_maximum_quantity":null,"tiered_pricing_quantity_step":null,"_links":{"self":[{"href":"https:\/\/gretasexylingerie.com\/sv\/wp-json\/wp\/v2\/product\/39380","targetHints":{"allow":["GET"]}}],"collection":[{"href":"https:\/\/gretasexylingerie.com\/sv\/wp-json\/wp\/v2\/product"}],"about":[{"href":"https:\/\/gretasexylingerie.com\/sv\/wp-json\/wp\/v2\/types\/product"}],"wp:featuredmedia":[{"embeddable":true,"href":"https:\/\/gretasexylingerie.com\/sv\/wp-json\/wp\/v2\/media\/39385"}],"wp:attachment":[{"href":"https:\/\/gretasexylingerie.com\/sv\/wp-json\/wp\/v2\/media?parent=39380"}],"wp:term":[{"taxonomy":"product_brand","embeddable":true,"href":"https:\/\/gretasexylingerie.com\/sv\/wp-json\/wp\/v2\/product_brand?post=39380"},{"taxonomy":"product_cat","embeddable":true,"href":"https:\/\/gretasexylingerie.com\/sv\/wp-json\/wp\/v2\/product_cat?post=39380"},{"taxonomy":"product_tag","embeddable":true,"href":"https:\/\/gretasexylingerie.com\/sv\/wp-json\/wp\/v2\/product_tag?post=39380"}],"curies":[{"name":"wp","href":"https:\/\/api.w.org\/{rel}","templated":true}]}}