{"id":39368,"date":"2023-04-17T21:37:06","date_gmt":"2023-04-17T13:37:06","guid":{"rendered":"https:\/\/gretasexylingerie.com\/?post_type=product&#038;p=39368"},"modified":"2023-09-05T20:51:04","modified_gmt":"2023-09-05T12:51:04","slug":"sexig-spets-jumpsuit-i-siden","status":"publish","type":"product","link":"https:\/\/gretasexylingerie.com\/sv\/products\/sexy-silk-cutout-lace-jumpsuit\/","title":{"rendered":"Sexig sidenutsk\u00e4rning spets jumpsuit"},"content":{"rendered":"<p>1. Elegant och sexig design: Lace Sexy Jumpsuit \u00e4r ett moderiktigt och chic plagg som kombinerar spets med en elegant och modern design. Jumpsuiten \u00e4r designad f\u00f6r att smickra din figur och f\u00e5 dig att k\u00e4nna dig sj\u00e4lvs\u00e4ker och glamor\u00f6s. Den \u00e4r perfekt f\u00f6r formella tillf\u00e4llen, br\u00f6llop och andra speciella evenemang.<\/p>\n\n\n\n<p>2. Bekv\u00e4m och m\u00e5ngsidig: Lace Sexy Jumpsuit \u00e4r gjord av h\u00f6gkvalitativa material som \u00e4r b\u00e5de bekv\u00e4ma och h\u00e5llbara. Tyget \u00e4r l\u00e4tt och andas, vilket g\u00f6r det perfekt f\u00f6r varmt v\u00e4der. Jumpsuiten kan kl\u00e4s upp eller ner beroende p\u00e5 tillf\u00e4lle, vilket g\u00f6r den till ett m\u00e5ngsidigt komplement till din garderob.<\/p>\n\n\n\n<p>3. Smickrande passform: Jumpsuiten \u00e4r designad f\u00f6r att accentuera dina kurvor och skapa en smickrande siluett. Spetsdetaljerna tillf\u00f6r en touch av elegans och sofistikering, medan den passande midjan och byxorna med vida ben f\u00f6rl\u00e4nger dina ben och skapar en str\u00f6mlinjeformad look.<\/p>\n\n\n\n<p>4. Prisv\u00e4rd lyx: Lace Sexy Jumpsuit \u00e4r ett h\u00f6gkvalitativt plagg som \u00e4r prisv\u00e4rt, vilket g\u00f6r det tillg\u00e4ngligt f\u00f6r ett brett spektrum av kunder. Du kan njuta av lyxen och elegansen hos en designad jumpsuit utan att bryta banken. Dessutom g\u00f6r jumpsuitens h\u00e5llbarhet och tidl\u00f6sa stil den till ett bra investeringsplagg som du kan b\u00e4ra i m\u00e5nga \u00e5r fram\u00f6ver.<\/p>\n\n\n\n<figure class=\"wp-block-table is-style-regular\"><table><tbody><tr><td colspan=\"6\">Webbplatsdiagram (CM)<\/td><\/tr><tr><td>Storlek<\/td><td class=\"has-text-align-center\" data-align=\"center\">S\u00e4tta dit<\/td><td class=\"has-text-align-center\" data-align=\"center\">Axel<\/td><td class=\"has-text-align-center\" data-align=\"center\">Fotens omkrets<\/td><td class=\"has-text-align-center\" data-align=\"center\">L\u00e4ngd<\/td><td class=\"has-text-align-center\" data-align=\"center\">Midja<\/td><\/tr><tr><td>S<\/td><td class=\"has-text-align-center\" data-align=\"center\">88<\/td><td class=\"has-text-align-center\" data-align=\"center\">35<\/td><td class=\"has-text-align-center\" data-align=\"center\">60<\/td><td class=\"has-text-align-center\" data-align=\"center\">55<\/td><td class=\"has-text-align-center\" data-align=\"center\">64-96<\/td><\/tr><tr><td>M<\/td><td class=\"has-text-align-center\" data-align=\"center\">92<\/td><td class=\"has-text-align-center\" data-align=\"center\">35<\/td><td class=\"has-text-align-center\" data-align=\"center\">62.8<\/td><td class=\"has-text-align-center\" data-align=\"center\">57<\/td><td class=\"has-text-align-center\" data-align=\"center\">68-100<\/td><\/tr><tr><td>L<\/td><td class=\"has-text-align-center\" data-align=\"center\">96<\/td><td class=\"has-text-align-center\" data-align=\"center\">35<\/td><td class=\"has-text-align-center\" data-align=\"center\">65.6<\/td><td class=\"has-text-align-center\" data-align=\"center\">59<\/td><td class=\"has-text-align-center\" data-align=\"center\">72-104<\/td><\/tr><tr><td colspan=\"6\">Webbplatsdiagram (INCH)<\/td><\/tr><tr><td>Storlek<\/td><td class=\"has-text-align-center\" data-align=\"center\">S\u00e4tta dit<\/td><td class=\"has-text-align-center\" data-align=\"center\">Axel<\/td><td class=\"has-text-align-center\" data-align=\"center\">Fotens omkrets<\/td><td class=\"has-text-align-center\" data-align=\"center\">L\u00e4ngd<\/td><td class=\"has-text-align-center\" data-align=\"center\">Midja<\/td><\/tr><tr><td>S<\/td><td class=\"has-text-align-center\" data-align=\"center\">34.64<\/td><td class=\"has-text-align-center\" data-align=\"center\">13.77<\/td><td class=\"has-text-align-center\" data-align=\"center\">23.62<\/td><td class=\"has-text-align-center\" data-align=\"center\">21.65<\/td><td class=\"has-text-align-center\" data-align=\"center\">25.19-37.79<\/td><\/tr><tr><td>M<\/td><td class=\"has-text-align-center\" data-align=\"center\">36.22<\/td><td class=\"has-text-align-center\" data-align=\"center\">13.77<\/td><td class=\"has-text-align-center\" data-align=\"center\">24.72<\/td><td class=\"has-text-align-center\" data-align=\"center\">22.44<\/td><td class=\"has-text-align-center\" data-align=\"center\">26.77-39.37<\/td><\/tr><tr><td>L<\/td><td class=\"has-text-align-center\" data-align=\"center\">37.79<\/td><td class=\"has-text-align-center\" data-align=\"center\">13.77<\/td><td class=\"has-text-align-center\" data-align=\"center\">25.82<\/td><td class=\"has-text-align-center\" data-align=\"center\">23.22&nbsp;<\/td><td class=\"has-text-align-center\" data-align=\"center\">28.34-40.94<\/td><\/tr><tr><td colspan=\"6\">Notera:<br>1. Det kanske \u00e4r 1-2 cm avvikelse i olika storlekar, placeringar och stretch av tyger. Storlekstabell \u00e4r endast f\u00f6r referens, det kan vara lite skillnad med vad du f\u00e5r.<br>2.Det finns 3 typer av elasticitet: h\u00f6g elasticitet (tv\u00e5sidigt str\u00e4ckt), medium elasticitet (ensidigt str\u00e4ckt) och icke-elastiskt (kan inte str\u00e4ckas).<br>3. F\u00e4rgen kan vara ljusare eller m\u00f6rkare p\u00e5 grund av olika PC-sk\u00e4rmar.<br>4.Tv\u00e4tta den f\u00f6r hand i 30 graders vatten, h\u00e4ng p\u00e5 tork i skuggan, f\u00f6rbjud blekning.<br>5. Det kanske \u00e4r lite skillnad p\u00e5 detaljer och m\u00f6nster.<\/td><\/tr><\/tbody><\/table><\/figure>\n\n\n\n<p><\/p>","protected":false},"excerpt":{"rendered":"<p>Underkl\u00e4derna \u00e4r gjorda av h\u00f6gkvalitativt spetsmaterial, vilket \u00e4r lyxigt och sexigt. Den sofistikerade designen skapar en elegant och glamor\u00f6s look, vilket g\u00f6r den till det perfekta valet f\u00f6r alla tillf\u00e4llen. L\u00e4mplig f\u00f6r kvinnor i alla former och storlekar. G\u00f6r en stor g\u00e5va till en \u00e4lskad.<\/p>","protected":false},"featured_media":39375,"template":"","meta":[],"product_brand":[],"product_cat":[370,371,367],"product_tag":[448,875,510,867,866,862],"class_list":{"0":"post-39368","1":"product","2":"type-product","3":"status-publish","4":"has-post-thumbnail","6":"product_cat-bodysuit","7":"product_cat-wholesale-sexy-lace-bodysuit","8":"product_cat-sexy-lingerie","9":"product_tag-wholesale-elegant-sexy-lingerie","10":"product_tag-lace-sexy-lingerie","11":"product_tag-ruffles-lingerie","12":"product_tag-sexy-push-up-lingerie","13":"product_tag-sexy-romper-lingerie","14":"product_tag-sexy-silk-lingerie","15":"pa_color-fire-brick-women-sexy-lingerie","16":"pa_cup-full-cup","17":"pa_size-wholesale-large-size-women-sexy-lingerie","18":"pa_size-wholesale-medium-size-women-sexy-lingerie","19":"pa_size-wholesale-small-size-sexy-lingerie","21":"first","22":"instock","23":"taxable","24":"shipping-taxable","25":"purchasable","26":"product-type-variable"},"tiered_pricing_type":"fixed","tiered_pricing_fixed_rules":[],"tiered_pricing_product_settings":{"layout":"default","base_unit_name":{"singular":null,"plural":null},"default_variation":null},"tiered_pricing_minimum_quantity":null,"tiered_pricing_roles_data":{"default_wholesaler":{"product_id":39368,"role":"default_wholesaler","pricing_type":"flat","regular_price":null,"sale_price":null,"discount":null,"discount_type":"sale_price","tiered_pricing_type":"fixed","percentage_rules":[],"fixed_rules":{"2":"8.89","30":"7.59","500":"6.69"},"minimum":null},"dropshippinger":{"product_id":39368,"role":"dropshippinger","pricing_type":"flat","regular_price":null,"sale_price":null,"discount":null,"discount_type":"sale_price","tiered_pricing_type":"fixed","percentage_rules":[],"fixed_rules":{"1":"10.69","5":"8.89","30":"6.69"},"minimum":null}},"tiered_pricing_percentage_rules":[],"tiered_pricing_maximum_quantity":null,"tiered_pricing_quantity_step":null,"_links":{"self":[{"href":"https:\/\/gretasexylingerie.com\/sv\/wp-json\/wp\/v2\/product\/39368","targetHints":{"allow":["GET"]}}],"collection":[{"href":"https:\/\/gretasexylingerie.com\/sv\/wp-json\/wp\/v2\/product"}],"about":[{"href":"https:\/\/gretasexylingerie.com\/sv\/wp-json\/wp\/v2\/types\/product"}],"wp:featuredmedia":[{"embeddable":true,"href":"https:\/\/gretasexylingerie.com\/sv\/wp-json\/wp\/v2\/media\/39375"}],"wp:attachment":[{"href":"https:\/\/gretasexylingerie.com\/sv\/wp-json\/wp\/v2\/media?parent=39368"}],"wp:term":[{"taxonomy":"product_brand","embeddable":true,"href":"https:\/\/gretasexylingerie.com\/sv\/wp-json\/wp\/v2\/product_brand?post=39368"},{"taxonomy":"product_cat","embeddable":true,"href":"https:\/\/gretasexylingerie.com\/sv\/wp-json\/wp\/v2\/product_cat?post=39368"},{"taxonomy":"product_tag","embeddable":true,"href":"https:\/\/gretasexylingerie.com\/sv\/wp-json\/wp\/v2\/product_tag?post=39368"}],"curies":[{"name":"wp","href":"https:\/\/api.w.org\/{rel}","templated":true}]}}