{"id":39351,"date":"2023-04-17T20:20:36","date_gmt":"2023-04-17T12:20:36","guid":{"rendered":"https:\/\/gretasexylingerie.com\/?post_type=product&#038;p=39351"},"modified":"2023-09-05T20:51:03","modified_gmt":"2023-09-05T12:51:03","slug":"sexiga-pure-desire-tjejer-underklader-sexig-kostym","status":"publish","type":"product","link":"https:\/\/gretasexylingerie.com\/sv\/products\/sexy-pure-desire-girls-underwear-sexy-suit\/","title":{"rendered":"Pure Desire Girls Underkl\u00e4der Sexig kostym"},"content":{"rendered":"<p>1. Bekv\u00e4m och smickrande passform: Den sexiga Pure Desire Girls Underwear Sexy Suit \u00e4r designad f\u00f6r att passa bekv\u00e4mt och smickrande p\u00e5 tjejer i alla storlekar. Det mjuka och stretchiga materialet formar sig efter kroppen och ger en \u00e5tsittande men bekv\u00e4m passform som m\u00f6jligg\u00f6r enkel r\u00f6relse.<\/p>\n\n\n\n<p>2.Snygg och trendig design: Den sexiga Pure Desire Girls Underwear Sexy Suit \u00e4r snygg och trendig, vilket g\u00f6r den till det perfekta tillskottet till alla tjejers underkl\u00e4der. Med sin i\u00f6gonfallande design och uppm\u00e4rksamhet p\u00e5 detaljer kommer den h\u00e4r dr\u00e4kten s\u00e4kerligen att g\u00f6ra ett uttalande och v\u00e4nda upp sig.<\/p>\n\n\n\n<p>3. Material av h\u00f6g kvalitet: Detta underkl\u00e4desset \u00e4r tillverkat av h\u00f6gkvalitativa material som \u00e4r b\u00e5de h\u00e5llbara och l\u00e5ngvariga. Den t\u00e5l flera tv\u00e4ttar och slitage, vilket s\u00e4kerst\u00e4ller att du f\u00e5r ut det mesta av din investering.<\/p>\n\n\n\n<p>4. \u00d6kar sj\u00e4lvf\u00f6rtroendet och sj\u00e4lvk\u00e4nslan: Att b\u00e4ra de sexiga Pure Desire Girls underkl\u00e4der Sexiga kostymen kan \u00f6ka en tjejs sj\u00e4lvf\u00f6rtroende och sj\u00e4lvk\u00e4nsla. Den \u00e4r utformad f\u00f6r att f\u00e5 henne att k\u00e4nna sig sexig och \u00e5tr\u00e5v\u00e4rd, vilket kan ha en positiv inverkan p\u00e5 hennes allm\u00e4nna hum\u00f6r och livssyn.<\/p>\n\n\n\n<figure class=\"wp-block-table\"><table><tbody><tr><td colspan=\"8\">Webbplatsdiagram (CM)<\/td><\/tr><tr><td>Storlek<\/td><td class=\"has-text-align-center\" data-align=\"center\">Under byst<\/td><td class=\"has-text-align-center\" data-align=\"center\">\u00c4rm<\/td><td class=\"has-text-align-center\" data-align=\"center\">L\u00e4ngd p\u00e5 sidokjolen<\/td><td class=\"has-text-align-center\" data-align=\"center\">Trosor i midjan<\/td><td class=\"has-text-align-center\" data-align=\"center\">Trosans l\u00e4ngd<\/td><td class=\"has-text-align-center\" data-align=\"center\">L\u00e4ngd<\/td><td class=\"has-text-align-center\" data-align=\"center\">Midja<\/td><\/tr><tr><td>S<\/td><td class=\"has-text-align-center\" data-align=\"center\">54-82<\/td><td class=\"has-text-align-center\" data-align=\"center\">42<\/td><td class=\"has-text-align-center\" data-align=\"center\">22<\/td><td class=\"has-text-align-center\" data-align=\"center\">66-98<\/td><td class=\"has-text-align-center\" data-align=\"center\">20.5<\/td><td class=\"has-text-align-center\" data-align=\"center\">22<\/td><td class=\"has-text-align-center\" data-align=\"center\">61-84<\/td><\/tr><tr><td>M<\/td><td class=\"has-text-align-center\" data-align=\"center\">58-86<\/td><td class=\"has-text-align-center\" data-align=\"center\">43<\/td><td class=\"has-text-align-center\" data-align=\"center\">23<\/td><td class=\"has-text-align-center\" data-align=\"center\">70-102<\/td><td class=\"has-text-align-center\" data-align=\"center\">21.5<\/td><td class=\"has-text-align-center\" data-align=\"center\">23<\/td><td class=\"has-text-align-center\" data-align=\"center\">65-88<\/td><\/tr><tr><td>L<\/td><td class=\"has-text-align-center\" data-align=\"center\">62-90<\/td><td class=\"has-text-align-center\" data-align=\"center\">44<\/td><td class=\"has-text-align-center\" data-align=\"center\">24<\/td><td class=\"has-text-align-center\" data-align=\"center\">74-106<\/td><td class=\"has-text-align-center\" data-align=\"center\">22.5<\/td><td class=\"has-text-align-center\" data-align=\"center\">24<\/td><td class=\"has-text-align-center\" data-align=\"center\">69-92<\/td><\/tr><tr><td colspan=\"8\">Webbplatsdiagram (INCH)<\/td><\/tr><tr><td>Storlek<\/td><td class=\"has-text-align-center\" data-align=\"center\">Under byst<\/td><td class=\"has-text-align-center\" data-align=\"center\">\u00c4rm<\/td><td class=\"has-text-align-center\" data-align=\"center\">L\u00e4ngd p\u00e5 sidokjolen<\/td><td class=\"has-text-align-center\" data-align=\"center\">Trosor i midjan<\/td><td class=\"has-text-align-center\" data-align=\"center\">Trosans l\u00e4ngd<\/td><td class=\"has-text-align-center\" data-align=\"center\">L\u00e4ngd<\/td><td class=\"has-text-align-center\" data-align=\"center\">Midja<\/td><\/tr><tr><td>S<\/td><td class=\"has-text-align-center\" data-align=\"center\">21.26-32.28<\/td><td class=\"has-text-align-center\" data-align=\"center\">16.53<\/td><td class=\"has-text-align-center\" data-align=\"center\">8.66<\/td><td class=\"has-text-align-center\" data-align=\"center\">25.98-38.58<\/td><td class=\"has-text-align-center\" data-align=\"center\">8.07<\/td><td class=\"has-text-align-center\" data-align=\"center\">8.66<\/td><td class=\"has-text-align-center\" data-align=\"center\">24.01-33.07<\/td><\/tr><tr><td>M<\/td><td class=\"has-text-align-center\" data-align=\"center\">22.83-33.85<\/td><td class=\"has-text-align-center\" data-align=\"center\">16.92<\/td><td class=\"has-text-align-center\" data-align=\"center\">9.05<\/td><td class=\"has-text-align-center\" data-align=\"center\">27.55-40.15<\/td><td class=\"has-text-align-center\" data-align=\"center\">8.46<\/td><td class=\"has-text-align-center\" data-align=\"center\">9.05<\/td><td class=\"has-text-align-center\" data-align=\"center\">25.59-34.64<\/td><\/tr><tr><td>L<\/td><td class=\"has-text-align-center\" data-align=\"center\">24.40-35.43<\/td><td class=\"has-text-align-center\" data-align=\"center\">17.32<\/td><td class=\"has-text-align-center\" data-align=\"center\">9.44<\/td><td class=\"has-text-align-center\" data-align=\"center\">29.13-41.73<\/td><td class=\"has-text-align-center\" data-align=\"center\">8.85<\/td><td class=\"has-text-align-center\" data-align=\"center\">9.44&nbsp;<\/td><td class=\"has-text-align-center\" data-align=\"center\">27.16-36.22<\/td><\/tr><tr><td colspan=\"8\">Notera:<br>1. Det kanske \u00e4r 1-2 cm avvikelse i olika storlekar, placeringar och stretch av tyger. Storlekstabell \u00e4r endast f\u00f6r referens, det kan vara lite skillnad med vad du f\u00e5r.<br>2.Det finns 3 typer av elasticitet: h\u00f6g elasticitet (tv\u00e5sidigt str\u00e4ckt), medium elasticitet (ensidigt str\u00e4ckt) och icke-elastiskt (kan inte str\u00e4ckas).<br>3. F\u00e4rgen kan vara ljusare eller m\u00f6rkare p\u00e5 grund av olika PC-sk\u00e4rmar.<br>4.Tv\u00e4tta den f\u00f6r hand i 30 graders vatten, h\u00e4ng p\u00e5 tork i skuggan, f\u00f6rbjud blekning.<br>5. Det kanske \u00e4r lite skillnad p\u00e5 detaljer och m\u00f6nster.<\/td><\/tr><\/tbody><\/table><\/figure>\n\n\n\n<p><\/p>","protected":false},"excerpt":{"rendered":"<p>Dessa underkl\u00e4der har spets f\u00f6r en sexig och lockande atmosf\u00e4r. Det mjuka materialet kommer att f\u00e5 dig att k\u00e4nna att du inte har p\u00e5 dig n\u00e5gonting, och den intrikata designen ger ultimat st\u00f6d. Detta sexiga set \u00e4r tillr\u00e4ckligt h\u00e5llbart f\u00f6r att njuta av det \u00e5ret runt. Best\u00e4ll den nu och upplev ultimat femininitet och sensualitet!<\/p>","protected":false},"featured_media":39363,"template":"","meta":[],"product_brand":[],"product_cat":[368,387,388,386,367],"product_tag":[505,528,524,510,446,453,867,865],"class_list":{"0":"post-39351","1":"product","2":"type-product","3":"status-publish","4":"has-post-thumbnail","6":"product_cat-bra-panty-set","7":"product_cat-wholesale-bustier-bra-set","8":"product_cat-wholesale-gartered-corset","9":"product_cat-sexy-bustiers","10":"product_cat-sexy-lingerie","11":"product_tag-5-piece-lingerie-set","12":"product_tag-halter-lingerie","13":"product_tag-metal-lingerie","14":"product_tag-ruffles-lingerie","15":"product_tag-wholesale-sexy-see-through-lingerie","16":"product_tag-wholesale-sexy-naughty-lingerie","17":"product_tag-sexy-push-up-lingerie","18":"product_tag-sexy-skimpy-lingerie","19":"pa_color-pink-women-sexy-lingerie","20":"pa_cup-full-cup","21":"pa_size-wholesale-large-size-women-sexy-lingerie","22":"pa_size-wholesale-medium-size-women-sexy-lingerie","23":"pa_size-wholesale-small-size-sexy-lingerie","25":"first","26":"instock","27":"taxable","28":"shipping-taxable","29":"purchasable","30":"product-type-variable"},"tiered_pricing_type":"fixed","tiered_pricing_fixed_rules":[],"tiered_pricing_product_settings":{"layout":"default","base_unit_name":{"singular":null,"plural":null},"default_variation":null},"tiered_pricing_minimum_quantity":null,"tiered_pricing_roles_data":{"default_wholesaler":{"product_id":39351,"role":"default_wholesaler","pricing_type":"flat","regular_price":null,"sale_price":null,"discount":null,"discount_type":"sale_price","tiered_pricing_type":"fixed","percentage_rules":[],"fixed_rules":{"2":"11.49","30":"9.89","500":"8.59"},"minimum":null},"dropshippinger":{"product_id":39351,"role":"dropshippinger","pricing_type":"flat","regular_price":null,"sale_price":null,"discount":null,"discount_type":"sale_price","tiered_pricing_type":"fixed","percentage_rules":[],"fixed_rules":{"1":"13.79","5":"11.49","30":"8.59"},"minimum":null}},"tiered_pricing_percentage_rules":[],"tiered_pricing_maximum_quantity":null,"tiered_pricing_quantity_step":null,"_links":{"self":[{"href":"https:\/\/gretasexylingerie.com\/sv\/wp-json\/wp\/v2\/product\/39351","targetHints":{"allow":["GET"]}}],"collection":[{"href":"https:\/\/gretasexylingerie.com\/sv\/wp-json\/wp\/v2\/product"}],"about":[{"href":"https:\/\/gretasexylingerie.com\/sv\/wp-json\/wp\/v2\/types\/product"}],"wp:featuredmedia":[{"embeddable":true,"href":"https:\/\/gretasexylingerie.com\/sv\/wp-json\/wp\/v2\/media\/39363"}],"wp:attachment":[{"href":"https:\/\/gretasexylingerie.com\/sv\/wp-json\/wp\/v2\/media?parent=39351"}],"wp:term":[{"taxonomy":"product_brand","embeddable":true,"href":"https:\/\/gretasexylingerie.com\/sv\/wp-json\/wp\/v2\/product_brand?post=39351"},{"taxonomy":"product_cat","embeddable":true,"href":"https:\/\/gretasexylingerie.com\/sv\/wp-json\/wp\/v2\/product_cat?post=39351"},{"taxonomy":"product_tag","embeddable":true,"href":"https:\/\/gretasexylingerie.com\/sv\/wp-json\/wp\/v2\/product_tag?post=39351"}],"curies":[{"name":"wp","href":"https:\/\/api.w.org\/{rel}","templated":true}]}}