{"id":31747,"date":"2023-02-02T21:21:41","date_gmt":"2023-02-02T13:21:41","guid":{"rendered":"https:\/\/gretasexylingerie.com\/?post_type=product&#038;p=31747"},"modified":"2023-09-05T20:51:01","modified_gmt":"2023-09-05T12:51:01","slug":"sexig-spetsbyxa-for-kvinnor","status":"publish","type":"product","link":"https:\/\/gretasexylingerie.com\/sv\/products\/womens-lace-sexy-c-string-panty\/","title":{"rendered":"Sexig C String trosa i spets f\u00f6r kvinnor"},"content":{"rendered":"<p>Funktioner:<\/p>\n<p>1. Sexiga spetsbyxor f\u00f6r kvinnor \u00e4r gjorda av ett h\u00f6gkvalitativt material som \u00e4r mjukt och bekv\u00e4mt att b\u00e4ra. Den \u00e4r designad f\u00f6r att passa perfekt och ge en \u00e5tsittande och smickrande passform. Spetsdetaljerna ger produkten en touch av elegans och femininitet vilket g\u00f6r den till ett utm\u00e4rkt val f\u00f6r en romantisk kv\u00e4ll.<br \/>\n2. Produkten \u00e4r designad f\u00f6r dig som letar efter en intim och f\u00f6rf\u00f6risk look och k\u00e4nsla. Dess spetsdetaljer och genomskinliga natur ger en lockande attraktionskraft som s\u00e4kerligen kommer att behaga.<br \/>\n3. Den sexiga spetsbysan f\u00f6r kvinnor med C String \u00e4r designad f\u00f6r att kunna tv\u00e4ttas i maskin, s\u00e5 att kunderna enkelt kan beh\u00e5lla sina underkl\u00e4der som nya. Spetstyget \u00e4r designat f\u00f6r att vara h\u00e5llbart, s\u00e5 att kunderna kan njuta av samma bra passform och stil i m\u00e5nga \u00e5r.<br \/>\n4. Den h\u00e4r produkten \u00e4r ett bra s\u00e4tt att g\u00f6ra ett minnesv\u00e4rt uttalande i sovrummet. Dess kombination av komfort och sexighet kommer s\u00e4kerligen att tillfredsst\u00e4lla alla partner, vilket g\u00f6r det till ett m\u00e5ste f\u00f6r alla vuxenbutiker.<\/p>","protected":false},"excerpt":{"rendered":"<p>G\u00f6r dig redo att krydda ditt sexliv med v\u00e5r sexiga C String Trosa f\u00f6r kvinnor! Dessa ultrasexiga underkl\u00e4der \u00e4r perfekta f\u00f6r alla speciella tillf\u00e4llen, med sin delikata spets- och stringdesign som f\u00e5r din partner att g\u00e5 vild. Det \u00e4r bekv\u00e4mt och perfekt f\u00f6r alla speciella kv\u00e4llar. Skaffa din nu och g\u00f6r dina n\u00e4tter extra speciella!<\/p>","protected":false},"featured_media":31748,"template":"","meta":[],"product_brand":[],"product_cat":[400,402,399],"product_tag":[516,504],"class_list":{"0":"post-31747","1":"product","2":"type-product","3":"status-publish","4":"has-post-thumbnail","6":"product_cat-c-string-panties","7":"product_cat-lace-panties","8":"product_cat-sexy-panty","9":"product_tag-lace-lingerie","10":"product_tag-ultra-sexy","11":"pa_color-black","12":"pa_color-blue-women-sexy-lingerie","13":"pa_color-red-women-sexy-lingerie","14":"pa_color-white","15":"pa_size-free","17":"first","18":"instock","19":"taxable","20":"shipping-taxable","21":"purchasable","22":"product-type-variable"},"tiered_pricing_type":"fixed","tiered_pricing_fixed_rules":[],"tiered_pricing_product_settings":{"layout":"default","base_unit_name":{"singular":null,"plural":null},"default_variation":null},"tiered_pricing_minimum_quantity":null,"tiered_pricing_roles_data":{"default_wholesaler":{"product_id":31747,"role":"default_wholesaler","pricing_type":"flat","regular_price":null,"sale_price":null,"discount":null,"discount_type":"sale_price","tiered_pricing_type":"fixed","percentage_rules":[],"fixed_rules":{"2":"1.59","100":"1.09","800":"0.79"},"minimum":null},"dropshippinger":{"product_id":31747,"role":"dropshippinger","pricing_type":"flat","regular_price":null,"sale_price":null,"discount":null,"discount_type":"sale_price","tiered_pricing_type":"fixed","percentage_rules":[],"fixed_rules":{"1":"2.09","30":"1.29","100":"1.09"},"minimum":null}},"tiered_pricing_percentage_rules":[],"tiered_pricing_maximum_quantity":null,"tiered_pricing_quantity_step":null,"_links":{"self":[{"href":"https:\/\/gretasexylingerie.com\/sv\/wp-json\/wp\/v2\/product\/31747","targetHints":{"allow":["GET"]}}],"collection":[{"href":"https:\/\/gretasexylingerie.com\/sv\/wp-json\/wp\/v2\/product"}],"about":[{"href":"https:\/\/gretasexylingerie.com\/sv\/wp-json\/wp\/v2\/types\/product"}],"wp:featuredmedia":[{"embeddable":true,"href":"https:\/\/gretasexylingerie.com\/sv\/wp-json\/wp\/v2\/media\/31748"}],"wp:attachment":[{"href":"https:\/\/gretasexylingerie.com\/sv\/wp-json\/wp\/v2\/media?parent=31747"}],"wp:term":[{"taxonomy":"product_brand","embeddable":true,"href":"https:\/\/gretasexylingerie.com\/sv\/wp-json\/wp\/v2\/product_brand?post=31747"},{"taxonomy":"product_cat","embeddable":true,"href":"https:\/\/gretasexylingerie.com\/sv\/wp-json\/wp\/v2\/product_cat?post=31747"},{"taxonomy":"product_tag","embeddable":true,"href":"https:\/\/gretasexylingerie.com\/sv\/wp-json\/wp\/v2\/product_tag?post=31747"}],"curies":[{"name":"wp","href":"https:\/\/api.w.org\/{rel}","templated":true}]}}