{"id":31723,"date":"2023-02-02T21:09:42","date_gmt":"2023-02-02T13:09:42","guid":{"rendered":"https:\/\/gretasexylingerie.com\/?post_type=product&#038;p=31723"},"modified":"2023-09-05T20:51:00","modified_gmt":"2023-09-05T12:51:00","slug":"sexig-och-sot-tecknad-broderi-c-string-trosa","status":"publish","type":"product","link":"https:\/\/gretasexylingerie.com\/sv\/products\/sexy-and-cute-cartoon-embroidery-c-string-panty\/","title":{"rendered":"Sexig Och S\u00f6t Tecknad Broderi C String Trosa"},"content":{"rendered":"<p>Funktioner:<\/p>\n<p>1. Sexig och s\u00f6t tecknad broderi C String Trosa \u00e4r gjord av h\u00f6gkvalitativa tyger som andas, vilket kommer att f\u00e5 dig att k\u00e4nna dig bekv\u00e4m och sj\u00e4lvs\u00e4ker. Designen \u00e4r trendig och attraktiv, och det f\u00e4rgglada tecknade broderiet ger en lekfull och rolig touch till din underkl\u00e4deskollektion.<br \/>\n2. Det lekfulla tecknade broderiet ger en unik touch till den h\u00e4r trosan som f\u00e5r dig att sticka ut i m\u00e4ngden. Det kommer att vara ett bra till\u00e4gg till din underkl\u00e4deskollektion och kommer garanterat att ge dig komplimanger.<br \/>\n3. Den h\u00e4r trosan \u00e4r gjord av h\u00f6gkvalitativa material som \u00e4r mjuka, l\u00e4tta och andas, vilket s\u00e4kerst\u00e4ller maximal komfort och h\u00e5llbarhet. Dess unika design och broderim\u00f6nster g\u00f6r den till ett utm\u00e4rkt val f\u00f6r dem som vill se sexiga och s\u00f6ta ut.<br \/>\n4. Den sexiga och s\u00f6ta tecknade broderitrosan med C String \u00e4r ett prisv\u00e4rt och praktiskt val f\u00f6r vuxenbutiker. Det kommer att vara en stor tillg\u00e5ng f\u00f6r din underkl\u00e4deskollektion och kommer s\u00e4kerligen att f\u00e5 kunderna att komma tillbaka f\u00f6r mer.<\/p>","protected":false},"excerpt":{"rendered":"<p>V\u00e4lkommen till en v\u00e4rld av sexiga och s\u00f6ta tecknade broderier C String Trosa. V\u00e5ra C String Trosor \u00e4r designade med komfort och stil i \u00e5tanke. Tillverkade av h\u00f6gkvalitativa tyger och material, ger de en bekv\u00e4m passform och ett moderiktigt utseende. Oavsett om du letar efter en intim utekv\u00e4ll eller ett speciellt tillf\u00e4lle, kommer dessa trosor med C String s\u00e4kert att f\u00e5 dig att se och k\u00e4nna dig sexig.<\/p>","protected":false},"featured_media":31734,"template":"","meta":[],"product_brand":[],"product_cat":[400,399],"product_tag":[448,454,504],"class_list":{"0":"post-31723","1":"product","2":"type-product","3":"status-publish","4":"has-post-thumbnail","6":"product_cat-c-string-panties","7":"product_cat-sexy-panty","8":"product_tag-wholesale-elegant-sexy-lingerie","9":"product_tag-wholesale-sexy-embroidered-lingerie","10":"product_tag-ultra-sexy","11":"pa_size-free","13":"first","14":"instock","15":"taxable","16":"shipping-taxable","17":"purchasable","18":"product-type-variable"},"tiered_pricing_type":"fixed","tiered_pricing_fixed_rules":[],"tiered_pricing_product_settings":{"layout":"default","base_unit_name":{"singular":null,"plural":null},"default_variation":null},"tiered_pricing_minimum_quantity":null,"tiered_pricing_roles_data":{"default_wholesaler":{"product_id":31723,"role":"default_wholesaler","pricing_type":"flat","regular_price":null,"sale_price":null,"discount":null,"discount_type":"sale_price","tiered_pricing_type":"fixed","percentage_rules":[],"fixed_rules":{"2":"1.59","100":"1.09","800":"0.79"},"minimum":null},"dropshippinger":{"product_id":31723,"role":"dropshippinger","pricing_type":"flat","regular_price":null,"sale_price":null,"discount":null,"discount_type":"sale_price","tiered_pricing_type":"fixed","percentage_rules":[],"fixed_rules":{"1":"2.09","30":"1.29","100":"1.09"},"minimum":null}},"tiered_pricing_percentage_rules":[],"tiered_pricing_maximum_quantity":null,"tiered_pricing_quantity_step":null,"_links":{"self":[{"href":"https:\/\/gretasexylingerie.com\/sv\/wp-json\/wp\/v2\/product\/31723","targetHints":{"allow":["GET"]}}],"collection":[{"href":"https:\/\/gretasexylingerie.com\/sv\/wp-json\/wp\/v2\/product"}],"about":[{"href":"https:\/\/gretasexylingerie.com\/sv\/wp-json\/wp\/v2\/types\/product"}],"wp:featuredmedia":[{"embeddable":true,"href":"https:\/\/gretasexylingerie.com\/sv\/wp-json\/wp\/v2\/media\/31734"}],"wp:attachment":[{"href":"https:\/\/gretasexylingerie.com\/sv\/wp-json\/wp\/v2\/media?parent=31723"}],"wp:term":[{"taxonomy":"product_brand","embeddable":true,"href":"https:\/\/gretasexylingerie.com\/sv\/wp-json\/wp\/v2\/product_brand?post=31723"},{"taxonomy":"product_cat","embeddable":true,"href":"https:\/\/gretasexylingerie.com\/sv\/wp-json\/wp\/v2\/product_cat?post=31723"},{"taxonomy":"product_tag","embeddable":true,"href":"https:\/\/gretasexylingerie.com\/sv\/wp-json\/wp\/v2\/product_tag?post=31723"}],"curies":[{"name":"wp","href":"https:\/\/api.w.org\/{rel}","templated":true}]}}