{"id":31608,"date":"2023-02-01T21:25:32","date_gmt":"2023-02-01T13:25:32","guid":{"rendered":"https:\/\/gretasexylingerie.com\/?post_type=product&#038;p=31608"},"modified":"2023-09-05T20:50:56","modified_gmt":"2023-09-05T12:50:56","slug":"genomskinlig-mesh-rosett-spets-trosa","status":"publish","type":"product","link":"https:\/\/gretasexylingerie.com\/sv\/products\/transparent-mesh-bow-lace-panty\/","title":{"rendered":"Transparent mesh rosett spetstrosa"},"content":{"rendered":"<p>Funktioner:<\/p>\n\n\n\n<p>1. Uts\u00f6kt dekoration. Korsdesign fram och bak, pilb\u00e5ge i leken, fr\u00e4sch och elegant, uts\u00f6kt utsmyckning, enkel stil Ganska feminint och elegant temperament.<br>2. Inga sp\u00e5rkanter. Korsmidjan \u00e4r tunn och n\u00e4ra kroppen, och s\u00f6mnadsprocessen \u00e4r rigor\u00f6s, s\u00e5 det \u00e4r inte l\u00e4tt att ta av tr\u00e5den och riva, och tyget \u00e4r sl\u00e4tt och mjukt vid ber\u00f6ring.<br>3. Andningsbar gren. Materialet \u00e4r fint och smidigt, grenen \u00e4r bekv\u00e4m att b\u00e4ra, l\u00e4tt och andas.<br>4. Sexig \u00f6ppen gren. Vetenskapligt designad, separerad p\u00e5 r\u00e4tt plats, dold mysterium sexig, l\u00e5t din \u00e4lskare inte sluta.<\/p>","protected":false},"excerpt":{"rendered":"<p>Denna genomskinliga rosetttrosa \u00e4r den perfekta kombinationen av s\u00f6tt och sexigt. Tillverkad av ett mjukt och stretchigt tyg, designat f\u00f6r att ge en bekv\u00e4m och s\u00e4ker passform. Med sin feminina och romantiska design \u00e4r den h\u00e4r trosan det perfekta till\u00e4gget till alla underkl\u00e4deskollektioner.<\/p>","protected":false},"featured_media":31619,"template":"","meta":[],"product_brand":[],"product_cat":[402,401,399],"product_tag":[512,516,446],"class_list":{"0":"post-31608","1":"product","2":"type-product","3":"status-publish","4":"has-post-thumbnail","6":"product_cat-lace-panties","7":"product_cat-crotchless-panties","8":"product_cat-sexy-panty","9":"product_tag-bow-lingerie","10":"product_tag-lace-lingerie","11":"product_tag-wholesale-sexy-see-through-lingerie","12":"pa_color-black","13":"pa_color-pink-women-sexy-lingerie","14":"pa_color-red-women-sexy-lingerie","15":"pa_color-white","16":"pa_size-free","18":"first","19":"instock","20":"taxable","21":"shipping-taxable","22":"purchasable","23":"product-type-variable"},"tiered_pricing_type":"fixed","tiered_pricing_fixed_rules":[],"tiered_pricing_product_settings":{"layout":"default","base_unit_name":{"singular":null,"plural":null},"default_variation":null},"tiered_pricing_minimum_quantity":null,"tiered_pricing_roles_data":{"default_wholesaler":{"product_id":31608,"role":"default_wholesaler","pricing_type":"flat","regular_price":null,"sale_price":null,"discount":null,"discount_type":"sale_price","tiered_pricing_type":"fixed","percentage_rules":[],"fixed_rules":{"2":"1.39","100":"0.99","800":"0.69"},"minimum":null},"dropshippinger":{"product_id":31608,"role":"dropshippinger","pricing_type":"flat","regular_price":null,"sale_price":null,"discount":null,"discount_type":"sale_price","tiered_pricing_type":"fixed","percentage_rules":[],"fixed_rules":{"1":"1.89","30":"1.09","100":"0.99"},"minimum":null}},"tiered_pricing_percentage_rules":[],"tiered_pricing_maximum_quantity":null,"tiered_pricing_quantity_step":null,"_links":{"self":[{"href":"https:\/\/gretasexylingerie.com\/sv\/wp-json\/wp\/v2\/product\/31608","targetHints":{"allow":["GET"]}}],"collection":[{"href":"https:\/\/gretasexylingerie.com\/sv\/wp-json\/wp\/v2\/product"}],"about":[{"href":"https:\/\/gretasexylingerie.com\/sv\/wp-json\/wp\/v2\/types\/product"}],"wp:featuredmedia":[{"embeddable":true,"href":"https:\/\/gretasexylingerie.com\/sv\/wp-json\/wp\/v2\/media\/31619"}],"wp:attachment":[{"href":"https:\/\/gretasexylingerie.com\/sv\/wp-json\/wp\/v2\/media?parent=31608"}],"wp:term":[{"taxonomy":"product_brand","embeddable":true,"href":"https:\/\/gretasexylingerie.com\/sv\/wp-json\/wp\/v2\/product_brand?post=31608"},{"taxonomy":"product_cat","embeddable":true,"href":"https:\/\/gretasexylingerie.com\/sv\/wp-json\/wp\/v2\/product_cat?post=31608"},{"taxonomy":"product_tag","embeddable":true,"href":"https:\/\/gretasexylingerie.com\/sv\/wp-json\/wp\/v2\/product_tag?post=31608"}],"curies":[{"name":"wp","href":"https:\/\/api.w.org\/{rel}","templated":true}]}}