{"id":31561,"date":"2023-02-01T20:26:40","date_gmt":"2023-02-01T12:26:40","guid":{"rendered":"https:\/\/gretasexylingerie.com\/?post_type=product&#038;p=31561"},"modified":"2023-09-05T20:50:54","modified_gmt":"2023-09-05T12:50:54","slug":"sexig-paljettbroderad-trosa-utan-gren","status":"publish","type":"product","link":"https:\/\/gretasexylingerie.com\/sv\/products\/sexy-sequin-embroidered-crotchless-panty\/","title":{"rendered":"Sexig paljettbroderad grenl\u00f6s trosa"},"content":{"rendered":"<p>Funktioner:<\/p>\n\n\n\n<p>1. Sexig paljettbroderi med \u00f6ppen grentrosa \u00e4r ett mycket fashionabla underkl\u00e4der, att b\u00e4ra det kommer att f\u00e5 dig att k\u00e4nna dig sexig och sj\u00e4lvs\u00e4ker.<br>2. Fj\u00e4rilsbroderi och paljettdekoration. V\u00e4ldesignat fj\u00e4rilsbroderi skyddar din hemliga tr\u00e4dg\u00e5rd. Utsmyckad med paljetter f\u00f6r att g\u00f6ra din hemlighet \u00e4nnu mer lockande.<br>3. Underkl\u00e4dernas \u00f6ppna grendesign \u00e4r mycket l\u00e4mplig f\u00f6r intima stunder med din partner. Paljettbroderi ger en touch av glamour och sexighet till din underkl\u00e4deskollektion.<br>4. Tyget \u00e4r andningsbart och l\u00e4tt, och det stretchiga elastiska midjebandet s\u00e4kerst\u00e4ller en bekv\u00e4m passform f\u00f6r alla former och storlekar. Dessutom \u00e4r dessa byxor l\u00e4tta att sk\u00f6ta och kan tv\u00e4ttas f\u00f6r hand eller i maskin.<\/p>\n\n\n\n<p><\/p>","protected":false},"excerpt":{"rendered":"<p>Dessa sexiga paljettbroderade grenl\u00f6sa trosor \u00e4r perfekta f\u00f6r alla speciella tillf\u00e4llen. Tillverkade av h\u00f6gkvalitativa material och prydda med vackra paljetterbroderier, kommer dessa trosor s\u00e4kerligen att f\u00e5 dig att k\u00e4nna dig och se fantastisk ut. Den perfekta kombinationen av sexigt och sofistikerat, dessa trosor kommer s\u00e4kerligen att f\u00e5 dig att k\u00e4nna dig som en gudinna.<\/p>","protected":false},"featured_media":31565,"template":"","meta":[],"product_brand":[],"product_cat":[401,403,399],"product_tag":[448,454,518,446,504],"class_list":{"0":"post-31561","1":"product","2":"type-product","3":"status-publish","4":"has-post-thumbnail","6":"product_cat-crotchless-panties","7":"product_cat-micro-thong","8":"product_cat-sexy-panty","9":"product_tag-wholesale-elegant-sexy-lingerie","10":"product_tag-wholesale-sexy-embroidered-lingerie","11":"product_tag-mesh-lingerie","12":"product_tag-wholesale-sexy-see-through-lingerie","13":"product_tag-ultra-sexy","14":"pa_color-black","15":"pa_color-red-women-sexy-lingerie","16":"pa_color-white","17":"pa_size-free","19":"first","20":"instock","21":"taxable","22":"shipping-taxable","23":"purchasable","24":"product-type-variable"},"tiered_pricing_type":"fixed","tiered_pricing_fixed_rules":[],"tiered_pricing_product_settings":{"layout":"default","base_unit_name":{"singular":null,"plural":null},"default_variation":null},"tiered_pricing_minimum_quantity":null,"tiered_pricing_roles_data":{"default_wholesaler":{"product_id":31561,"role":"default_wholesaler","pricing_type":"flat","regular_price":null,"sale_price":null,"discount":null,"discount_type":"sale_price","tiered_pricing_type":"fixed","percentage_rules":[],"fixed_rules":{"2":"1.39","100":"1.09","800":"0.99"},"minimum":null},"dropshippinger":{"product_id":31561,"role":"dropshippinger","pricing_type":"flat","regular_price":null,"sale_price":null,"discount":null,"discount_type":"sale_price","tiered_pricing_type":"fixed","percentage_rules":[],"fixed_rules":{"1":"1.89","30":"1.09","100":"0.99"},"minimum":null}},"tiered_pricing_percentage_rules":[],"tiered_pricing_maximum_quantity":null,"tiered_pricing_quantity_step":null,"_links":{"self":[{"href":"https:\/\/gretasexylingerie.com\/sv\/wp-json\/wp\/v2\/product\/31561","targetHints":{"allow":["GET"]}}],"collection":[{"href":"https:\/\/gretasexylingerie.com\/sv\/wp-json\/wp\/v2\/product"}],"about":[{"href":"https:\/\/gretasexylingerie.com\/sv\/wp-json\/wp\/v2\/types\/product"}],"wp:featuredmedia":[{"embeddable":true,"href":"https:\/\/gretasexylingerie.com\/sv\/wp-json\/wp\/v2\/media\/31565"}],"wp:attachment":[{"href":"https:\/\/gretasexylingerie.com\/sv\/wp-json\/wp\/v2\/media?parent=31561"}],"wp:term":[{"taxonomy":"product_brand","embeddable":true,"href":"https:\/\/gretasexylingerie.com\/sv\/wp-json\/wp\/v2\/product_brand?post=31561"},{"taxonomy":"product_cat","embeddable":true,"href":"https:\/\/gretasexylingerie.com\/sv\/wp-json\/wp\/v2\/product_cat?post=31561"},{"taxonomy":"product_tag","embeddable":true,"href":"https:\/\/gretasexylingerie.com\/sv\/wp-json\/wp\/v2\/product_tag?post=31561"}],"curies":[{"name":"wp","href":"https:\/\/api.w.org\/{rel}","templated":true}]}}