{"id":31448,"date":"2023-01-31T22:35:55","date_gmt":"2023-01-31T14:35:55","guid":{"rendered":"https:\/\/gretasexylingerie.com\/?post_type=product&#038;p=31448"},"modified":"2023-09-05T20:50:51","modified_gmt":"2023-09-05T12:50:51","slug":"glamour-natstrumpbyxor-med-strass","status":"publish","type":"product","link":"https:\/\/gretasexylingerie.com\/sv\/products\/glamor-fishnet-tights-with-rhinestones\/","title":{"rendered":"Glamour n\u00e4tstrumpbyxor med strass"},"content":{"rendered":"<p>Funktioner:<\/p>\n\n\n\n<p>1. Fiskn\u00e4t i gl\u00e4nsande strass, strumpor med h\u00f6g midja, elastiskt midjeband, tights i glittermesh, mjuk res\u00e5r, optisk bantningseffekt. Dessa glittertights kommer att f\u00e5nga ljuset och ge \u00e4nnu mer gnistan till din redan bl\u00e4ndande look.<br>2. Uts\u00f6kta vanliga kurvor, l\u00e5t dig bli en m\u00f6rk magiker, du kommer alltid att vara s\u00e5 vacker.<br>3, L\u00e4mplig f\u00f6r klubbar, karnevaler, kostymfester, Halloween, f\u00f6rest\u00e4llningar, karnevaler, handduksklubbar, etc. Dessa gl\u00e4nsande leggings \u00e4r ocks\u00e5 en favorit bland dansartister<br>4. Superelastisk och h\u00e5llbar: 90% nylon, 10% spandex. Tillverkade av sammetslen nylon och stretchig spandex, dessa mjuka och bekv\u00e4ma n\u00e4tstrumpor str\u00e4cker sig f\u00f6r att passa dina ben perfekt och kramar till och med din byst f\u00f6r en stil som ingen annan. De f\u00f6rst\u00e4rkta n\u00e4ttightsen med h\u00f6g midja och t\u00e5 \u00e4r ocks\u00e5 slitstarka, halk- och l\u00f6pt\u00e5liga, vilket s\u00e4kerst\u00e4ller en bekv\u00e4m passform. Inte l\u00e4tt att slita.<\/p>","protected":false},"excerpt":{"rendered":"<p>G\u00f6r din alltid i centrum med Glamour Fishnet Tights med strass. Tillverkad av h\u00f6gkvalitativt nylonmaterial, den uts\u00f6kta konsistensen f\u00e5r dina l\u00e5r att se ut som uts\u00f6kta m\u00e5larpenslar, designen med strumpeband i ett stycke och strumpor \u00e4r inte fulla av strass.<\/p>","protected":false},"featured_media":31452,"template":"","meta":[],"product_brand":[],"product_cat":[415,411,404,416],"product_tag":[541,518,451,525,447],"class_list":{"0":"post-31448","1":"product","2":"type-product","3":"status-publish","4":"has-post-thumbnail","6":"product_cat-wholeale-shiny-pantyhose","7":"product_cat-sexy-pantyhose","8":"product_cat-sexy-stocking","9":"product_cat-wholesale-suspender-pantyhose","10":"product_tag-fishnet-lingerie","11":"product_tag-mesh-lingerie","12":"product_tag-wholesale-revealing-lingerie","13":"product_tag-rhinestone-lingerie","14":"product_tag-wholesale-strappy-sexy-lingerie","15":"pa_color-black","17":"first","18":"instock","19":"taxable","20":"shipping-taxable","21":"purchasable","22":"product-type-variable"},"tiered_pricing_type":"fixed","tiered_pricing_fixed_rules":[],"tiered_pricing_product_settings":{"layout":"default","base_unit_name":{"singular":null,"plural":null},"default_variation":null},"tiered_pricing_minimum_quantity":null,"tiered_pricing_roles_data":{"default_wholesaler":{"product_id":31448,"role":"default_wholesaler","pricing_type":"flat","regular_price":null,"sale_price":null,"discount":null,"discount_type":"sale_price","tiered_pricing_type":"fixed","percentage_rules":[],"fixed_rules":{"2":"3.39","50":"2.69","800":"1.99"},"minimum":null},"dropshippinger":{"product_id":31448,"role":"dropshippinger","pricing_type":"flat","regular_price":null,"sale_price":null,"discount":null,"discount_type":"sale_price","tiered_pricing_type":"fixed","percentage_rules":[],"fixed_rules":{"1":"3.79","10":"3.39","50":"2.69"},"minimum":null}},"tiered_pricing_percentage_rules":[],"tiered_pricing_maximum_quantity":null,"tiered_pricing_quantity_step":null,"_links":{"self":[{"href":"https:\/\/gretasexylingerie.com\/sv\/wp-json\/wp\/v2\/product\/31448","targetHints":{"allow":["GET"]}}],"collection":[{"href":"https:\/\/gretasexylingerie.com\/sv\/wp-json\/wp\/v2\/product"}],"about":[{"href":"https:\/\/gretasexylingerie.com\/sv\/wp-json\/wp\/v2\/types\/product"}],"wp:featuredmedia":[{"embeddable":true,"href":"https:\/\/gretasexylingerie.com\/sv\/wp-json\/wp\/v2\/media\/31452"}],"wp:attachment":[{"href":"https:\/\/gretasexylingerie.com\/sv\/wp-json\/wp\/v2\/media?parent=31448"}],"wp:term":[{"taxonomy":"product_brand","embeddable":true,"href":"https:\/\/gretasexylingerie.com\/sv\/wp-json\/wp\/v2\/product_brand?post=31448"},{"taxonomy":"product_cat","embeddable":true,"href":"https:\/\/gretasexylingerie.com\/sv\/wp-json\/wp\/v2\/product_cat?post=31448"},{"taxonomy":"product_tag","embeddable":true,"href":"https:\/\/gretasexylingerie.com\/sv\/wp-json\/wp\/v2\/product_tag?post=31448"}],"curies":[{"name":"wp","href":"https:\/\/api.w.org\/{rel}","templated":true}]}}