{"id":31426,"date":"2023-01-31T22:07:15","date_gmt":"2023-01-31T14:07:15","guid":{"rendered":"https:\/\/gretasexylingerie.com\/?post_type=product&#038;p=31426"},"modified":"2023-09-05T20:50:50","modified_gmt":"2023-09-05T12:50:50","slug":"blommor-fiskenat-glitter-strumpbyxor","status":"publish","type":"product","link":"https:\/\/gretasexylingerie.com\/sv\/products\/flowers-fishing-net-glitter-pantyhose\/","title":{"rendered":"Blommor Fiskn\u00e4t Glitter Strumpbyxor"},"content":{"rendered":"<p>Funktioner:<\/p>\n<p>1. T\u00e4ckt med gl\u00e4nsande strass. Den avancerade varmborrningsprocessen \u00e4r antagen, s\u00e5 att varje strass sitter stadigt fast p\u00e5 strumpbyxorna och det \u00e4r inte l\u00e4tt att falla av l\u00e4tt.<br \/>\n2. Anv\u00e4nda h\u00f6gkvalitativt nylontyg, h\u00f6g elasticitet och n\u00e4tstruktur kan anpassas till olika kroppar l\u00e4ttare.<br \/>\n3. Strumpebandsdesignen i ett stycke och meshb\u00e4ltet kan enkelt matchas perfekt med alla kl\u00e4der.<br \/>\n4. Strumporna \u00e4r dekorerade med uts\u00f6kta m\u00f6nster f\u00f6r att g\u00f6ra kundernas ben mer sexiga.<br \/>\n5. L\u00e4tt att reng\u00f6ra: Damunderkl\u00e4der b\u00f6r tv\u00e4ttas innan de b\u00e4rs, bara handtv\u00e4tt i kallt vatten och sedan dropptorka; Stryk inte.<\/p>","protected":false},"excerpt":{"rendered":"<p>Piffa upp dina kv\u00e4llar med blommorna Fiskn\u00e4t Glitter Strumpbyxor! Tillverkad av h\u00f6gt\u00f6jbart tyg, den \u00f6mt\u00e5liga n\u00e4tstrukturen kan anpassa sig till mer av kroppen. Strumpebandsb\u00e4lte i ett stycke med n\u00e4tkonstruktion i midjan och vackert m\u00f6nstrade ben. Det hela \u00e4r t\u00e4ckt med gnistrande strass.<\/p>","protected":false},"featured_media":31430,"template":"","meta":[],"product_brand":[],"product_cat":[415,411,404,416],"product_tag":[532,525,504],"class_list":{"0":"post-31426","1":"product","2":"type-product","3":"status-publish","4":"has-post-thumbnail","6":"product_cat-wholeale-shiny-pantyhose","7":"product_cat-sexy-pantyhose","8":"product_cat-sexy-stocking","9":"product_cat-wholesale-suspender-pantyhose","10":"product_tag-lingerie-suspender-set","11":"product_tag-rhinestone-lingerie","12":"product_tag-ultra-sexy","13":"pa_color-bisque-women-sexy-lingerie","14":"pa_color-black","15":"pa_color-deep-pink-women-sexy-lingerie","17":"first","18":"instock","19":"taxable","20":"shipping-taxable","21":"purchasable","22":"product-type-variable"},"tiered_pricing_type":"fixed","tiered_pricing_fixed_rules":[],"tiered_pricing_product_settings":{"layout":"default","base_unit_name":{"singular":null,"plural":null},"default_variation":null},"tiered_pricing_minimum_quantity":null,"tiered_pricing_roles_data":{"default_wholesaler":{"product_id":31426,"role":"default_wholesaler","pricing_type":"flat","regular_price":null,"sale_price":null,"discount":null,"discount_type":"sale_price","tiered_pricing_type":"fixed","percentage_rules":[],"fixed_rules":{"2":"3.39","50":"2.69","800":"1.99"},"minimum":null},"dropshippinger":{"product_id":31426,"role":"dropshippinger","pricing_type":"flat","regular_price":null,"sale_price":null,"discount":null,"discount_type":"sale_price","tiered_pricing_type":"fixed","percentage_rules":[],"fixed_rules":{"1":"3.79","10":"3.39","50":"2.69"},"minimum":null}},"tiered_pricing_percentage_rules":[],"tiered_pricing_maximum_quantity":null,"tiered_pricing_quantity_step":null,"_links":{"self":[{"href":"https:\/\/gretasexylingerie.com\/sv\/wp-json\/wp\/v2\/product\/31426","targetHints":{"allow":["GET"]}}],"collection":[{"href":"https:\/\/gretasexylingerie.com\/sv\/wp-json\/wp\/v2\/product"}],"about":[{"href":"https:\/\/gretasexylingerie.com\/sv\/wp-json\/wp\/v2\/types\/product"}],"wp:featuredmedia":[{"embeddable":true,"href":"https:\/\/gretasexylingerie.com\/sv\/wp-json\/wp\/v2\/media\/31430"}],"wp:attachment":[{"href":"https:\/\/gretasexylingerie.com\/sv\/wp-json\/wp\/v2\/media?parent=31426"}],"wp:term":[{"taxonomy":"product_brand","embeddable":true,"href":"https:\/\/gretasexylingerie.com\/sv\/wp-json\/wp\/v2\/product_brand?post=31426"},{"taxonomy":"product_cat","embeddable":true,"href":"https:\/\/gretasexylingerie.com\/sv\/wp-json\/wp\/v2\/product_cat?post=31426"},{"taxonomy":"product_tag","embeddable":true,"href":"https:\/\/gretasexylingerie.com\/sv\/wp-json\/wp\/v2\/product_tag?post=31426"}],"curies":[{"name":"wp","href":"https:\/\/api.w.org\/{rel}","templated":true}]}}