{"id":31385,"date":"2023-01-31T20:28:34","date_gmt":"2023-01-31T12:28:34","guid":{"rendered":"https:\/\/gretasexylingerie.com\/?post_type=product&#038;p=31385"},"modified":"2023-09-05T20:50:47","modified_gmt":"2023-09-05T12:50:47","slug":"forforisk-sexig-hogblank-grenlosa-strumpbyxor","status":"publish","type":"product","link":"https:\/\/gretasexylingerie.com\/sv\/products\/seductive-sexy-high-gloss-crotchless-pantyhose\/","title":{"rendered":"F\u00f6rf\u00f6risk Sexig H\u00f6gglans Strumpbyxor utan gren"},"content":{"rendered":"<p>Funktioner:<\/p>\n\n\n\n<p>1. H\u00f6gt elastiskt midjeband. Det flexibla elastiska midjebandet str\u00e4cker sig fritt, \u00f6verkroppen \u00e4r mjuk och klar, stramar upp huden runt midjan och \u00e4r bekv\u00e4m och n\u00e4ra kroppen.<br>2. Sexig spets. Spetsdesignen vid grenen ger inte bara m\u00e4nniskor upproriskhet, utan visar ocks\u00e5 en elegant och rytmisk atmosf\u00e4r, som v\u00e4ntar p\u00e5 att bli er\u00f6vrad.<br>3. Dubbelsidig snidning. Insvept i snidade blommor, insvept mellan benen, p\u00e5verkar hans nerver och sl\u00e5r lilla hj\u00e4rtat.<br>4. Passionerad \u00f6ppen grendesign, s\u00e5 att den hemliga tr\u00e4dg\u00e5rden utan tvekan avsl\u00f6jas, med en l\u00e4tt rynkad panna och leende, l\u00e4ngtans eld \u00e4r ostoppbar och passionen \u00e4r p\u00e5 gr\u00e4nsen till avfyring.<\/p>","protected":false},"excerpt":{"rendered":"<p>B\u00e4r dj\u00e4rv stil med den f\u00f6rf\u00f6riska sexiga h\u00f6gblanka grenl\u00f6sa strumpbyxorna. Tillverkad av h\u00f6gkvalitativt k\u00e4rnspunnet silke, genomskinlig design, sex f\u00e4rgval.<\/p>","protected":false},"featured_media":31387,"template":"","meta":[],"product_brand":[],"product_cat":[412,414,411,404],"product_tag":[452,448,518,446,504],"class_list":{"0":"post-31385","1":"product","2":"type-product","3":"status-publish","4":"has-post-thumbnail","6":"product_cat-wholesale-crotchless-pantyhose","7":"product_cat-wholesale-sexy-nylon-pantyhose","8":"product_cat-sexy-pantyhose","9":"product_cat-sexy-stocking","10":"product_tag-wholesale-boudoir-lingerie","11":"product_tag-wholesale-elegant-sexy-lingerie","12":"product_tag-mesh-lingerie","13":"product_tag-wholesale-sexy-see-through-lingerie","14":"product_tag-ultra-sexy","15":"pa_color-bisque-women-sexy-lingerie","16":"pa_color-black","17":"pa_color-grey","18":"pa_color-pink-women-sexy-lingerie","19":"pa_color-purple-women-sexy-lingerie","20":"pa_color-white","22":"first","23":"instock","24":"taxable","25":"shipping-taxable","26":"purchasable","27":"product-type-variable"},"tiered_pricing_type":"fixed","tiered_pricing_fixed_rules":[],"tiered_pricing_product_settings":{"layout":"default","base_unit_name":{"singular":null,"plural":null},"default_variation":null},"tiered_pricing_minimum_quantity":null,"tiered_pricing_roles_data":{"default_wholesaler":{"product_id":31385,"role":"default_wholesaler","pricing_type":"flat","regular_price":null,"sale_price":null,"discount":null,"discount_type":"sale_price","tiered_pricing_type":"fixed","percentage_rules":[],"fixed_rules":{"2":"1.59","50":"1.29","800":"0.89"},"minimum":null},"dropshippinger":{"product_id":31385,"role":"dropshippinger","pricing_type":"flat","regular_price":null,"sale_price":null,"discount":null,"discount_type":"sale_price","tiered_pricing_type":"fixed","percentage_rules":[],"fixed_rules":{"1":"1.79","10":"1.59","50":"1.29"},"minimum":null}},"tiered_pricing_percentage_rules":[],"tiered_pricing_maximum_quantity":null,"tiered_pricing_quantity_step":null,"_links":{"self":[{"href":"https:\/\/gretasexylingerie.com\/sv\/wp-json\/wp\/v2\/product\/31385","targetHints":{"allow":["GET"]}}],"collection":[{"href":"https:\/\/gretasexylingerie.com\/sv\/wp-json\/wp\/v2\/product"}],"about":[{"href":"https:\/\/gretasexylingerie.com\/sv\/wp-json\/wp\/v2\/types\/product"}],"wp:featuredmedia":[{"embeddable":true,"href":"https:\/\/gretasexylingerie.com\/sv\/wp-json\/wp\/v2\/media\/31387"}],"wp:attachment":[{"href":"https:\/\/gretasexylingerie.com\/sv\/wp-json\/wp\/v2\/media?parent=31385"}],"wp:term":[{"taxonomy":"product_brand","embeddable":true,"href":"https:\/\/gretasexylingerie.com\/sv\/wp-json\/wp\/v2\/product_brand?post=31385"},{"taxonomy":"product_cat","embeddable":true,"href":"https:\/\/gretasexylingerie.com\/sv\/wp-json\/wp\/v2\/product_cat?post=31385"},{"taxonomy":"product_tag","embeddable":true,"href":"https:\/\/gretasexylingerie.com\/sv\/wp-json\/wp\/v2\/product_tag?post=31385"}],"curies":[{"name":"wp","href":"https:\/\/api.w.org\/{rel}","templated":true}]}}