{"id":31366,"date":"2023-01-29T20:24:31","date_gmt":"2023-01-29T12:24:31","guid":{"rendered":"https:\/\/gretasexylingerie.com\/?post_type=product&#038;p=31366"},"modified":"2023-12-09T16:09:37","modified_gmt":"2023-12-09T08:09:37","slug":"spets-kvinna-hangsel-nat-strumpbyxor","status":"publish","type":"product","link":"https:\/\/gretasexylingerie.com\/sv\/products\/lace-woman-suspender-fishnet-tights\/","title":{"rendered":"Spets Kvinna Suspender Fishnet Tights"},"content":{"rendered":"<p>Funktioner:<\/p>\n\n\n\n<p>1. Tillverkad av h\u00f6gkvalitativt transparent meshtyg, superelastiskt, vilket g\u00f6r dina ben mer sexiga och smala.<br>2. Den h\u00f6gelastiska sexiga spetsen anv\u00e4nds som en slips och ett sk\u00e4rp, som l\u00e4tt kan anpassas till olika figurer, och som kan tas p\u00e5 och av mycket enkelt.<br>3. Samma spetsdekoration anv\u00e4nds p\u00e5 den \u00f6vre delen av benen, utan intensiv s\u00f6mnad, vilket inte kommer att f\u00e5 dig att k\u00e4nna n\u00e5got obehag.<br>4. S\u00f6ml\u00f6s teknologi, strumporna \u00e4r integrerade formade, undviker fler stygnm\u00e4rken, g\u00f6r dig inte bara bekv\u00e4mare, utan passar ocks\u00e5 b\u00e4ttre med dina kl\u00e4der.<\/p>","protected":false},"excerpt":{"rendered":"<p>F\u00e5nga din \u00e4lskades hj\u00e4rta med n\u00e4tstrumpbyxorna i spets. Anv\u00e4ndningen av fint n\u00e4t g\u00f6r dina ben mer sexiga och smala. Spets anv\u00e4nds som b\u00e4lte och slips, har inte bara h\u00f6g elasticitet utan \u00e4r ocks\u00e5 vackrare.<\/p>","protected":false},"featured_media":31370,"template":"","meta":[],"product_brand":[],"product_cat":[416,411,404],"product_tag":[516,518,973,446,447,504],"class_list":{"0":"post-31366","1":"product","2":"type-product","3":"status-publish","4":"has-post-thumbnail","6":"product_cat-wholesale-suspender-pantyhose","7":"product_cat-sexy-pantyhose","8":"product_cat-sexy-stocking","9":"product_tag-lace-lingerie","10":"product_tag-mesh-lingerie","11":"product_tag-oem","12":"product_tag-wholesale-sexy-see-through-lingerie","13":"product_tag-wholesale-strappy-sexy-lingerie","14":"product_tag-ultra-sexy","15":"pa_color-black","16":"pa_size-free","18":"first","19":"instock","20":"taxable","21":"shipping-taxable","22":"purchasable","23":"product-type-variable"},"tiered_pricing_type":"fixed","tiered_pricing_fixed_rules":[],"tiered_pricing_product_settings":{"layout":"default","base_unit_name":{"singular":null,"plural":null},"default_variation":null},"tiered_pricing_minimum_quantity":null,"tiered_pricing_roles_data":{"default_wholesaler":{"product_id":31366,"role":"default_wholesaler","pricing_type":"flat","regular_price":null,"sale_price":null,"discount":null,"discount_type":"sale_price","tiered_pricing_type":"fixed","percentage_rules":[],"fixed_rules":{"2":"2.99","50":"2.39","800":"1.69"},"minimum":null},"dropshippinger":{"product_id":31366,"role":"dropshippinger","pricing_type":"flat","regular_price":null,"sale_price":null,"discount":null,"discount_type":"sale_price","tiered_pricing_type":"fixed","percentage_rules":[],"fixed_rules":{"1":"3.39","10":"2.99","50":"2.39"},"minimum":null}},"tiered_pricing_percentage_rules":[],"tiered_pricing_maximum_quantity":null,"tiered_pricing_quantity_step":null,"_links":{"self":[{"href":"https:\/\/gretasexylingerie.com\/sv\/wp-json\/wp\/v2\/product\/31366","targetHints":{"allow":["GET"]}}],"collection":[{"href":"https:\/\/gretasexylingerie.com\/sv\/wp-json\/wp\/v2\/product"}],"about":[{"href":"https:\/\/gretasexylingerie.com\/sv\/wp-json\/wp\/v2\/types\/product"}],"wp:featuredmedia":[{"embeddable":true,"href":"https:\/\/gretasexylingerie.com\/sv\/wp-json\/wp\/v2\/media\/31370"}],"wp:attachment":[{"href":"https:\/\/gretasexylingerie.com\/sv\/wp-json\/wp\/v2\/media?parent=31366"}],"wp:term":[{"taxonomy":"product_brand","embeddable":true,"href":"https:\/\/gretasexylingerie.com\/sv\/wp-json\/wp\/v2\/product_brand?post=31366"},{"taxonomy":"product_cat","embeddable":true,"href":"https:\/\/gretasexylingerie.com\/sv\/wp-json\/wp\/v2\/product_cat?post=31366"},{"taxonomy":"product_tag","embeddable":true,"href":"https:\/\/gretasexylingerie.com\/sv\/wp-json\/wp\/v2\/product_tag?post=31366"}],"curies":[{"name":"wp","href":"https:\/\/api.w.org\/{rel}","templated":true}]}}