{"id":31130,"date":"2023-01-29T17:49:40","date_gmt":"2023-01-29T09:49:40","guid":{"rendered":"https:\/\/gretasexylingerie.com\/?post_type=product&#038;p=31130"},"modified":"2023-09-05T20:50:43","modified_gmt":"2023-09-05T12:50:43","slug":"vertikal-remsa-retro-ihaliga-spets-strumpbyxor","status":"publish","type":"product","link":"https:\/\/gretasexylingerie.com\/sv\/products\/vertical-strip-retro-hollow-lace-pantyhose\/","title":{"rendered":"Vertical Strip Retro Hollow Lace Strumpbyxor"},"content":{"rendered":"<p>Funktioner:<\/p>\n\n\n\n<p>1. Material: Mjukt material ger dig en bekv\u00e4m upplevelse. Stark elasticitet g\u00f6r detta strumpebands- och strumporset l\u00e4mpligt f\u00f6r fler m\u00e4nniskor av olika kroppstyper. Tro mig, din hud kommer att \u00e4lska dessa n\u00e4tstrumpor.<br>2. Funktioner: Underbara blommiga och sexiga strumpebandsdetaljer i spets \u00e4r perfekt tillsammans med dj\u00e4rva fiskn\u00e4t f\u00f6r en fantastisk look!<br>3. Inkorporera mer sexiga modeelement f\u00f6r att visa en perfekt figur och inspirera till sj\u00e4lvf\u00f6rtroende. L\u00e4mplig f\u00f6r alla \u00e5rstider. De ser bra ut under kjolar eller hot pants. De \u00e4r ocks\u00e5 l\u00e4mpliga f\u00f6r vardagskl\u00e4der, scenframtr\u00e4danden och maskeradfester.<br>4. Till\u00e4mpliga tillf\u00e4llen: Dessa fashionabla n\u00e4tstrumpor \u00e4r l\u00e4mpliga f\u00f6r fester, festivaler, shower, barer, cosplay, eller bara som en daglig outfitmatch, vilket ger elegans och fler h\u00f6jdpunkter till din totala outfit.<\/p>","protected":false},"excerpt":{"rendered":"<p>Vertical Strip Retro Hollow Lace Strumpbyxor \u00e4r en av v\u00e5ra mest s\u00e5lda serier, de anv\u00e4nder h\u00f6gelastiskt material och designar det mest popul\u00e4ra och fashionabla m\u00f6nstret p\u00e5 den, s\u00e5 att de kan forma en perfekt match med alla kl\u00e4dstilar.<\/p>","protected":false},"featured_media":31161,"template":"","meta":[],"product_brand":[],"product_cat":[414,411,404],"product_tag":[452,504],"class_list":{"0":"post-31130","1":"product","2":"type-product","3":"status-publish","4":"has-post-thumbnail","6":"product_cat-wholesale-sexy-nylon-pantyhose","7":"product_cat-sexy-pantyhose","8":"product_cat-sexy-stocking","9":"product_tag-wholesale-boudoir-lingerie","10":"product_tag-ultra-sexy","11":"pa_size-free","13":"first","14":"instock","15":"taxable","16":"shipping-taxable","17":"purchasable","18":"product-type-variable"},"tiered_pricing_type":"fixed","tiered_pricing_fixed_rules":[],"tiered_pricing_product_settings":{"layout":"default","base_unit_name":{"singular":null,"plural":null},"default_variation":null},"tiered_pricing_minimum_quantity":null,"tiered_pricing_roles_data":{"default_wholesaler":{"product_id":31130,"role":"default_wholesaler","pricing_type":"flat","regular_price":null,"sale_price":null,"discount":null,"discount_type":"sale_price","tiered_pricing_type":"fixed","percentage_rules":[],"fixed_rules":{"2":"1.79","50":"1.49","800":"0.99"},"minimum":null},"dropshippinger":{"product_id":31130,"role":"dropshippinger","pricing_type":"flat","regular_price":null,"sale_price":null,"discount":null,"discount_type":"sale_price","tiered_pricing_type":"fixed","percentage_rules":[],"fixed_rules":{"1":"2.09","10":"1.79","50":"1.49"},"minimum":null}},"tiered_pricing_percentage_rules":[],"tiered_pricing_maximum_quantity":null,"tiered_pricing_quantity_step":null,"_links":{"self":[{"href":"https:\/\/gretasexylingerie.com\/sv\/wp-json\/wp\/v2\/product\/31130","targetHints":{"allow":["GET"]}}],"collection":[{"href":"https:\/\/gretasexylingerie.com\/sv\/wp-json\/wp\/v2\/product"}],"about":[{"href":"https:\/\/gretasexylingerie.com\/sv\/wp-json\/wp\/v2\/types\/product"}],"wp:featuredmedia":[{"embeddable":true,"href":"https:\/\/gretasexylingerie.com\/sv\/wp-json\/wp\/v2\/media\/31161"}],"wp:attachment":[{"href":"https:\/\/gretasexylingerie.com\/sv\/wp-json\/wp\/v2\/media?parent=31130"}],"wp:term":[{"taxonomy":"product_brand","embeddable":true,"href":"https:\/\/gretasexylingerie.com\/sv\/wp-json\/wp\/v2\/product_brand?post=31130"},{"taxonomy":"product_cat","embeddable":true,"href":"https:\/\/gretasexylingerie.com\/sv\/wp-json\/wp\/v2\/product_cat?post=31130"},{"taxonomy":"product_tag","embeddable":true,"href":"https:\/\/gretasexylingerie.com\/sv\/wp-json\/wp\/v2\/product_tag?post=31130"}],"curies":[{"name":"wp","href":"https:\/\/api.w.org\/{rel}","templated":true}]}}