{"id":31063,"date":"2023-01-29T12:46:57","date_gmt":"2023-01-29T04:46:57","guid":{"rendered":"https:\/\/gretasexylingerie.com\/?post_type=product&#038;p=31063"},"modified":"2023-09-05T20:50:41","modified_gmt":"2023-09-05T12:50:41","slug":"sexiga-fyra-farger-bredda-spets-lar-hoga-strumpor","status":"publish","type":"product","link":"https:\/\/gretasexylingerie.com\/sv\/products\/sexy-four-color-widened-lace-thigh-high-socks\/","title":{"rendered":"Sexiga fyrf\u00e4rgade breddade spetsiga l\u00e5rstrumpor"},"content":{"rendered":"<p>Funktioner:<\/p>\n\n\n\n<p>1. Kvalitet: V\u00e5ra sexiga fyrf\u00e4rgade breda spetsiga l\u00e5rstrumpor \u00e4r gjorda av h\u00f6gkvalitativt material som \u00e4r bekv\u00e4mt och andas. De ger dig l\u00e5ngvarigt slitage och har en vadderad yta vid t\u00e5n s\u00e5 att du kan anv\u00e4nda dem om och om igen.<\/p>\n\n\n\n<p>2. Stil: Klassiska spetsm\u00f6nster i fyra olika f\u00e4rger ger dessa strumpor en unik och stilren look. Den breddade spetsdesignen g\u00f6r inte bara dina ben vackrare, utan g\u00f6r ocks\u00e5 de h\u00f6ga sockorna mer stabila och inte l\u00e4tta att ta av. Dessutom kommer det lockande spetsm\u00f6nstret att f\u00e5 dina ben att se l\u00e4ngre och smalare ut.<\/p>\n\n\n\n<p>3. Komfort: Dessa strumpor \u00e4r designade f\u00f6r maximal komfort. De \u00e4r l\u00e4tta och andas s\u00e5 att du inte k\u00e4nner dig begr\u00e4nsad n\u00e4r du b\u00e4r dem.<\/p>\n\n\n\n<p>4. M\u00e5ngsidighet: Oavsett om du vill kl\u00e4 upp dig eller bara koppla av \u00e4r dessa strumpor perfekta f\u00f6r alla tillf\u00e4llen. De \u00e4r perfekta f\u00f6r att leka dagligen, samlas med v\u00e4nner eller njuta av en annorlunda stund med din pojkv\u00e4n p\u00e5 natten.<\/p>\n\n\n\n<p>5. Prisv\u00e4rt: Med oslagbara priser kan du inte g\u00e5 fel med dessa snygga och smickrande strumpor. Skaffa ett par sexiga fyrf\u00e4rgade l\u00e5rstrumpor i breda spetsar i grossistledet idag och se bra ut utan att bryta banken.<\/p>","protected":false},"excerpt":{"rendered":"<p>Sexiga fyrf\u00e4rgade breddade spetsl\u00e5rstrumpor \u00e4r perfekta f\u00f6r alla tillf\u00e4llen! Dessa h\u00f6gkvalitativa strumpor har ett klassiskt spetsm\u00f6nster i fyra olika f\u00e4rger f\u00f6r en unik look. Den bredda designen ger mer t\u00e4ckning och ett stort r\u00f6relseomf\u00e5ng. Plus, spetsm\u00f6nstret g\u00f6r att dina ben ser l\u00e4ngre och smalare ut. Skaffa ditt par sexiga fyrf\u00e4rgade breddade spetsl\u00e5rh\u00f6ga strumpor idag!<\/p>","protected":false},"featured_media":31065,"template":"","meta":[],"product_brand":[],"product_cat":[419,404,417],"product_tag":[518,504],"class_list":{"0":"post-31063","1":"product","2":"type-product","3":"status-publish","4":"has-post-thumbnail","6":"product_cat-wholesale-lace-thigh-high-socks","7":"product_cat-sexy-stocking","8":"product_cat-thigh-highs","9":"product_tag-mesh-lingerie","10":"product_tag-ultra-sexy","11":"pa_color-bisque-women-sexy-lingerie","12":"pa_color-black","13":"pa_color-pink-women-sexy-lingerie","14":"pa_color-white","15":"pa_size-free","17":"first","18":"instock","19":"taxable","20":"shipping-taxable","21":"purchasable","22":"product-type-variable"},"tiered_pricing_type":"fixed","tiered_pricing_fixed_rules":[],"tiered_pricing_product_settings":{"layout":"default","base_unit_name":{"singular":null,"plural":null},"default_variation":null},"tiered_pricing_minimum_quantity":null,"tiered_pricing_roles_data":{"default_wholesaler":{"product_id":31063,"role":"default_wholesaler","pricing_type":"flat","regular_price":null,"sale_price":null,"discount":null,"discount_type":"sale_price","tiered_pricing_type":"fixed","percentage_rules":[],"fixed_rules":{"2":"1.49","50":"1.29","800":"1.09"},"minimum":null},"dropshippinger":{"product_id":31063,"role":"dropshippinger","pricing_type":"flat","regular_price":null,"sale_price":null,"discount":null,"discount_type":"sale_price","tiered_pricing_type":"fixed","percentage_rules":[],"fixed_rules":{"1":"2.89","10":"1.79","50":"1.29"},"minimum":null}},"tiered_pricing_percentage_rules":[],"tiered_pricing_maximum_quantity":null,"tiered_pricing_quantity_step":null,"_links":{"self":[{"href":"https:\/\/gretasexylingerie.com\/sv\/wp-json\/wp\/v2\/product\/31063","targetHints":{"allow":["GET"]}}],"collection":[{"href":"https:\/\/gretasexylingerie.com\/sv\/wp-json\/wp\/v2\/product"}],"about":[{"href":"https:\/\/gretasexylingerie.com\/sv\/wp-json\/wp\/v2\/types\/product"}],"wp:featuredmedia":[{"embeddable":true,"href":"https:\/\/gretasexylingerie.com\/sv\/wp-json\/wp\/v2\/media\/31065"}],"wp:attachment":[{"href":"https:\/\/gretasexylingerie.com\/sv\/wp-json\/wp\/v2\/media?parent=31063"}],"wp:term":[{"taxonomy":"product_brand","embeddable":true,"href":"https:\/\/gretasexylingerie.com\/sv\/wp-json\/wp\/v2\/product_brand?post=31063"},{"taxonomy":"product_cat","embeddable":true,"href":"https:\/\/gretasexylingerie.com\/sv\/wp-json\/wp\/v2\/product_cat?post=31063"},{"taxonomy":"product_tag","embeddable":true,"href":"https:\/\/gretasexylingerie.com\/sv\/wp-json\/wp\/v2\/product_tag?post=31063"}],"curies":[{"name":"wp","href":"https:\/\/api.w.org\/{rel}","templated":true}]}}