{"id":31039,"date":"2023-01-29T12:25:44","date_gmt":"2023-01-29T04:25:44","guid":{"rendered":"https:\/\/gretasexylingerie.com\/?post_type=product&#038;p=31039"},"modified":"2023-09-05T20:50:40","modified_gmt":"2023-09-05T12:50:40","slug":"ett-stycke-stormaskigt-fisknat-larhojder","status":"publish","type":"product","link":"https:\/\/gretasexylingerie.com\/sv\/products\/one-piece-large-mesh-fishnet-thigh-highs\/","title":{"rendered":"Ett stycke Large Mesh Fishnet Thigh Highs"},"content":{"rendered":"<p>Funktioner:<\/p>\n\n\n\n<p>1. Komfort och h\u00e5llbarhet: V\u00e5ra Holow Large Mesh Lace Fishnet Thigh High-strumpor \u00e4r gjorda av h\u00f6gelastiskt, h\u00f6gkvalitativt tyg, designat f\u00f6r ultimat komfort och l\u00e5ngvarigt slitage.<\/p>\n\n\n\n<p>2. Sexig design: Det stora meshn\u00e4tet tillf\u00f6r en touch av sexighet till din look, vilket g\u00f6r dem perfekta f\u00f6r alla speciella tillf\u00e4llen.<\/p>\n\n\n\n<p>3. Perfekt passform: Den integrerade formningsprocessen s\u00e4kerst\u00e4ller att alla v\u00e5ra strumpor \u00e4r perfekt utformade och designade f\u00f6r att passa din kropp perfekt.<\/p>\n\n\n\n<p>4. St\u00e5 ut: Oavsett om du vill l\u00e4gga till lite stil till din garderob eller g\u00f6ra ett uttalande, kommer v\u00e5ra Hollow Large Mesh Lace Fishnet High-strumpor att f\u00e5 dig att sticka ut.<\/p>","protected":false},"excerpt":{"rendered":"<p>Vi presenterar v\u00e5r nyaste produkt \u2013 l\u00e5nga n\u00e4tmaskn\u00e4t i ett stycke. V\u00e5rt tyg anv\u00e4nder h\u00f6gkvalitativ nylon f\u00f6r extra stretch, medan stora meshn\u00e4t ger en touch av sexighet till din look. Oavsett om du vill l\u00e4gga till lite stil i din garderob eller g\u00f6ra ett uttalande, kommer det h\u00e4r tyget s\u00e4kert att f\u00e5 dig att sticka ut!<\/p>","protected":false},"featured_media":31040,"template":"","meta":[],"product_brand":[],"product_cat":[418,404,420,417],"product_tag":[448,541,446,447,504],"class_list":{"0":"post-31039","1":"product","2":"type-product","3":"status-publish","4":"has-post-thumbnail","6":"product_cat-wholesale-fishnet-thigh-high-stockings","7":"product_cat-sexy-stocking","8":"product_cat-sexy-thigh-highs","9":"product_cat-thigh-highs","10":"product_tag-wholesale-elegant-sexy-lingerie","11":"product_tag-fishnet-lingerie","12":"product_tag-wholesale-sexy-see-through-lingerie","13":"product_tag-wholesale-strappy-sexy-lingerie","14":"product_tag-ultra-sexy","15":"pa_color-black","16":"pa_color-white","17":"pa_size-free","19":"first","20":"instock","21":"taxable","22":"shipping-taxable","23":"purchasable","24":"product-type-variable"},"tiered_pricing_type":"fixed","tiered_pricing_fixed_rules":[],"tiered_pricing_product_settings":{"layout":"default","base_unit_name":{"singular":null,"plural":null},"default_variation":null},"tiered_pricing_minimum_quantity":null,"tiered_pricing_roles_data":{"default_wholesaler":{"product_id":31039,"role":"default_wholesaler","pricing_type":"flat","regular_price":null,"sale_price":null,"discount":null,"discount_type":"sale_price","tiered_pricing_type":"fixed","percentage_rules":[],"fixed_rules":{"2":"0.79","50":"0.69","800":"0.59"},"minimum":null}},"tiered_pricing_percentage_rules":[],"tiered_pricing_maximum_quantity":null,"tiered_pricing_quantity_step":null,"_links":{"self":[{"href":"https:\/\/gretasexylingerie.com\/sv\/wp-json\/wp\/v2\/product\/31039","targetHints":{"allow":["GET"]}}],"collection":[{"href":"https:\/\/gretasexylingerie.com\/sv\/wp-json\/wp\/v2\/product"}],"about":[{"href":"https:\/\/gretasexylingerie.com\/sv\/wp-json\/wp\/v2\/types\/product"}],"wp:featuredmedia":[{"embeddable":true,"href":"https:\/\/gretasexylingerie.com\/sv\/wp-json\/wp\/v2\/media\/31040"}],"wp:attachment":[{"href":"https:\/\/gretasexylingerie.com\/sv\/wp-json\/wp\/v2\/media?parent=31039"}],"wp:term":[{"taxonomy":"product_brand","embeddable":true,"href":"https:\/\/gretasexylingerie.com\/sv\/wp-json\/wp\/v2\/product_brand?post=31039"},{"taxonomy":"product_cat","embeddable":true,"href":"https:\/\/gretasexylingerie.com\/sv\/wp-json\/wp\/v2\/product_cat?post=31039"},{"taxonomy":"product_tag","embeddable":true,"href":"https:\/\/gretasexylingerie.com\/sv\/wp-json\/wp\/v2\/product_tag?post=31039"}],"curies":[{"name":"wp","href":"https:\/\/api.w.org\/{rel}","templated":true}]}}