{"id":31030,"date":"2023-01-29T12:07:59","date_gmt":"2023-01-29T04:07:59","guid":{"rendered":"https:\/\/gretasexylingerie.com\/?post_type=product&#038;p=31030"},"modified":"2023-09-05T20:50:39","modified_gmt":"2023-09-05T12:50:39","slug":"ihaliga-stora-mesh-spets-nat-lar-hog-strumpor","status":"publish","type":"product","link":"https:\/\/gretasexylingerie.com\/sv\/products\/hollow-large-mesh-lace-fishnet-thigh-high-stockings\/","title":{"rendered":"Ih\u00e5liga stora mesh spetsar N\u00e4tl\u00e5r H\u00f6ga strumpor"},"content":{"rendered":"<p>Funktioner:<\/p>\n\n\n\n<p>1. Visa upp dina kurvor: Utskurna Mesh Spets Fishnet L\u00e5rstrumpor \u00e4r det perfekta s\u00e4ttet att visa upp dina kurvor och accentuera dina ben. Spetsmaterialet \u00e4r mjukt och bekv\u00e4mt, och det stora meshn\u00e4tet ger en touch av glamour. L\u00e5rl\u00e4ngden s\u00e4kerst\u00e4ller att du sticker ut fr\u00e5n m\u00e4ngden, och det elastiska midjebandet s\u00e4kerst\u00e4ller perfekt passform.<\/p>\n\n\n\n<p>2. Glamour\u00f6s styling: Dessa strumpor kommer s\u00e4kerligen att f\u00e5nga \u00f6gat och g\u00f6ra ett uttalande. Fiskn\u00e4tsdesignen l\u00e4gger till en lockande, glamor\u00f6s look som s\u00e4kerligen f\u00e5r dig att k\u00e4nna dig sj\u00e4lvs\u00e4ker och sexig.<\/p>\n\n\n\n<p>3. Komfort och flexibilitet: Dessa strumpor \u00e4r designade med en h\u00f6g stretchig halkfri t\u00e5 f\u00f6r att s\u00e4kerst\u00e4lla en perfekt passform. Det mjuka materialet s\u00e4kerst\u00e4ller maximal komfort och kommer inte att rulla eller halka hela dagen.<\/p>\n\n\n\n<p>4. L\u00e4ttsk\u00f6tt: Dessa strumpor \u00e4r ocks\u00e5 l\u00e4tta att sk\u00f6ta och underh\u00e5lla. Det h\u00f6gkvalitativa nylonmaterialet g\u00f6r att du kan tv\u00e4tta det flera g\u00e5nger, s\u00e5 det kan anv\u00e4ndas m\u00e5nga g\u00e5nger.<\/p>","protected":false},"excerpt":{"rendered":"<p>Utsk\u00e4rning \u00f6verdimensionerad Mesh Spets Fishnet L\u00e5r H\u00f6ga strumpor erbjuder en unik och i\u00f6gonfallande look som kommer att lysa upp din smekm\u00e5nad. Det h\u00f6gt\u00f6jbara nylonmaterialet \u00e4r mjukt och bekv\u00e4mt, och det stora meshn\u00e4tet ger en touch av charm. S\u00e4kert att l\u00e4gga till en touch av elegans och sofistikering till vilken ensemble som helst.<\/p>","protected":false},"featured_media":31034,"template":"","meta":[],"product_brand":[],"product_cat":[418,419,404,417],"product_tag":[541,516,447,504],"class_list":{"0":"post-31030","1":"product","2":"type-product","3":"status-publish","4":"has-post-thumbnail","6":"product_cat-wholesale-fishnet-thigh-high-stockings","7":"product_cat-wholesale-lace-thigh-high-socks","8":"product_cat-sexy-stocking","9":"product_cat-thigh-highs","10":"product_tag-fishnet-lingerie","11":"product_tag-lace-lingerie","12":"product_tag-wholesale-strappy-sexy-lingerie","13":"product_tag-ultra-sexy","14":"pa_color-black","15":"pa_size-free","17":"first","18":"instock","19":"taxable","20":"shipping-taxable","21":"purchasable","22":"product-type-variable"},"tiered_pricing_type":"fixed","tiered_pricing_fixed_rules":[],"tiered_pricing_product_settings":{"layout":"default","base_unit_name":{"singular":null,"plural":null},"default_variation":null},"tiered_pricing_minimum_quantity":null,"tiered_pricing_roles_data":{"default_wholesaler":{"product_id":31030,"role":"default_wholesaler","pricing_type":"flat","regular_price":null,"sale_price":null,"discount":null,"discount_type":"sale_price","tiered_pricing_type":"fixed","percentage_rules":[],"fixed_rules":{"2":"1.49","50":"1.29","800":"1.09"},"minimum":null},"dropshippinger":{"product_id":31030,"role":"dropshippinger","pricing_type":"flat","regular_price":null,"sale_price":null,"discount":null,"discount_type":"sale_price","tiered_pricing_type":"fixed","percentage_rules":[],"fixed_rules":{"1":"2.89","10":"1.79","50":"1.29"},"minimum":null}},"tiered_pricing_percentage_rules":[],"tiered_pricing_maximum_quantity":null,"tiered_pricing_quantity_step":null,"_links":{"self":[{"href":"https:\/\/gretasexylingerie.com\/sv\/wp-json\/wp\/v2\/product\/31030","targetHints":{"allow":["GET"]}}],"collection":[{"href":"https:\/\/gretasexylingerie.com\/sv\/wp-json\/wp\/v2\/product"}],"about":[{"href":"https:\/\/gretasexylingerie.com\/sv\/wp-json\/wp\/v2\/types\/product"}],"wp:featuredmedia":[{"embeddable":true,"href":"https:\/\/gretasexylingerie.com\/sv\/wp-json\/wp\/v2\/media\/31034"}],"wp:attachment":[{"href":"https:\/\/gretasexylingerie.com\/sv\/wp-json\/wp\/v2\/media?parent=31030"}],"wp:term":[{"taxonomy":"product_brand","embeddable":true,"href":"https:\/\/gretasexylingerie.com\/sv\/wp-json\/wp\/v2\/product_brand?post=31030"},{"taxonomy":"product_cat","embeddable":true,"href":"https:\/\/gretasexylingerie.com\/sv\/wp-json\/wp\/v2\/product_cat?post=31030"},{"taxonomy":"product_tag","embeddable":true,"href":"https:\/\/gretasexylingerie.com\/sv\/wp-json\/wp\/v2\/product_tag?post=31030"}],"curies":[{"name":"wp","href":"https:\/\/api.w.org\/{rel}","templated":true}]}}