{"id":30998,"date":"2023-01-29T11:49:21","date_gmt":"2023-01-29T03:49:21","guid":{"rendered":"https:\/\/gretasexylingerie.com\/?post_type=product&#038;p=30998"},"modified":"2023-09-05T20:50:38","modified_gmt":"2023-09-05T12:50:38","slug":"ultratunna-flerfargade-sexiga-lartoppar","status":"publish","type":"product","link":"https:\/\/gretasexylingerie.com\/sv\/products\/ultra-thin-multicolor-sexy-thigh-highs\/","title":{"rendered":"Ultratunna flerf\u00e4rgade sexiga l\u00e5rbyxor"},"content":{"rendered":"<p>Funktioner:<\/p>\n\n\n\n<p>1. Komfort: Dessa ultratunna flerf\u00e4rgade sexiga l\u00e5rbyxor \u00e4r gjorda av ett mjukt och stretchigt material, vilket s\u00e4kerst\u00e4ller en bekv\u00e4m passform. Tyget \u00e4r l\u00e4tt och andas, s\u00e5 att du kan h\u00e5lla dig sval och bekv\u00e4m oavsett temperatur.<\/p>\n\n\n\n<p>2. M\u00e5ngsidighet: L\u00e5rh\u00f6garna finns i en rad flerf\u00e4rgade nyanser, s\u00e5 att du kan mixa och matcha f\u00f6r att skapa din egen unika look. Oavsett om du letar efter en subtil nyans av f\u00e4rg eller ett dj\u00e4rvt uttalande, kommer dessa l\u00e5rbyxor att ta din garderob till n\u00e4sta niv\u00e5.<\/p>\n\n\n\n<p>3. Kvalitet: L\u00e5rbenen \u00e4r gjorda med precision och \u00e4r designade f\u00f6r att h\u00e5lla. Tyget \u00e4r slitstarkt, s\u00e5 du kan vara s\u00e4ker p\u00e5 att din look kommer att f\u00f6rbli intakt hela dagen.<\/p>\n\n\n\n<p>4. Stil: Med en chic look och en flirtig k\u00e4nsla, kommer dessa l\u00e5rtoppar garanterat att v\u00e4nda huvudet. De \u00e4r perfekta f\u00f6r att l\u00e4gga till lite f\u00e4rg till vilken outfit som helst. Oavsett om du letar efter en subtil nyans av f\u00e4rg eller ett dj\u00e4rvt uttalande, kommer dessa l\u00e5rbyxor att ta din garderob till n\u00e4sta niv\u00e5.<\/p>","protected":false},"excerpt":{"rendered":"<p>Dessa ultratunna flerf\u00e4rgade sexiga l\u00e5rbyxor \u00e4r det perfekta s\u00e4ttet att l\u00e4gga till lite f\u00e4rg till din garderob. De \u00e4r gjorda av ett mjukt och stretchigt material som s\u00e4kerst\u00e4ller en bekv\u00e4m passform. L\u00e5rtopparna finns i en rad flerf\u00e4rgade nyanser, s\u00e5 att du kan mixa och matcha f\u00f6r att skapa din egen unika look. Med en chic look och en fl\u00f6rtig k\u00e4nsla kommer dessa l\u00e5rryggar s\u00e4kerligen att v\u00e4nda huvudet.<\/p>","protected":false},"featured_media":31001,"template":"","meta":[],"product_brand":[],"product_cat":[420,404,417],"product_tag":[518,446,504],"class_list":{"0":"post-30998","1":"product","2":"type-product","3":"status-publish","4":"has-post-thumbnail","6":"product_cat-sexy-thigh-highs","7":"product_cat-sexy-stocking","8":"product_cat-thigh-highs","9":"product_tag-mesh-lingerie","10":"product_tag-wholesale-sexy-see-through-lingerie","11":"product_tag-ultra-sexy","12":"pa_color-bisque-women-sexy-lingerie","13":"pa_color-black","14":"pa_color-blue-women-sexy-lingerie","15":"pa_color-brown","16":"pa_color-green","17":"pa_color-grey","18":"pa_color-white","19":"pa_size-free","21":"first","22":"instock","23":"taxable","24":"shipping-taxable","25":"purchasable","26":"product-type-variable"},"tiered_pricing_type":"fixed","tiered_pricing_fixed_rules":[],"tiered_pricing_product_settings":{"layout":"default","base_unit_name":{"singular":null,"plural":null},"default_variation":null},"tiered_pricing_minimum_quantity":null,"tiered_pricing_roles_data":{"default_wholesaler":{"product_id":30998,"role":"default_wholesaler","pricing_type":"flat","regular_price":null,"sale_price":null,"discount":null,"discount_type":"sale_price","tiered_pricing_type":"fixed","percentage_rules":[],"fixed_rules":{"2":"1.59","50":"1.39","800":"1.19"},"minimum":null},"dropshippinger":{"product_id":30998,"role":"dropshippinger","pricing_type":"flat","regular_price":null,"sale_price":null,"discount":null,"discount_type":"sale_price","tiered_pricing_type":"fixed","percentage_rules":[],"fixed_rules":{"1":"3.19","10":"1.89","50":"1.39"},"minimum":null}},"tiered_pricing_percentage_rules":[],"tiered_pricing_maximum_quantity":null,"tiered_pricing_quantity_step":null,"_links":{"self":[{"href":"https:\/\/gretasexylingerie.com\/sv\/wp-json\/wp\/v2\/product\/30998","targetHints":{"allow":["GET"]}}],"collection":[{"href":"https:\/\/gretasexylingerie.com\/sv\/wp-json\/wp\/v2\/product"}],"about":[{"href":"https:\/\/gretasexylingerie.com\/sv\/wp-json\/wp\/v2\/types\/product"}],"wp:featuredmedia":[{"embeddable":true,"href":"https:\/\/gretasexylingerie.com\/sv\/wp-json\/wp\/v2\/media\/31001"}],"wp:attachment":[{"href":"https:\/\/gretasexylingerie.com\/sv\/wp-json\/wp\/v2\/media?parent=30998"}],"wp:term":[{"taxonomy":"product_brand","embeddable":true,"href":"https:\/\/gretasexylingerie.com\/sv\/wp-json\/wp\/v2\/product_brand?post=30998"},{"taxonomy":"product_cat","embeddable":true,"href":"https:\/\/gretasexylingerie.com\/sv\/wp-json\/wp\/v2\/product_cat?post=30998"},{"taxonomy":"product_tag","embeddable":true,"href":"https:\/\/gretasexylingerie.com\/sv\/wp-json\/wp\/v2\/product_tag?post=30998"}],"curies":[{"name":"wp","href":"https:\/\/api.w.org\/{rel}","templated":true}]}}