{"id":30986,"date":"2023-01-29T11:32:17","date_gmt":"2023-01-29T03:32:17","guid":{"rendered":"https:\/\/gretasexylingerie.com\/?post_type=product&#038;p=30986"},"modified":"2023-09-05T20:50:38","modified_gmt":"2023-09-05T12:50:38","slug":"fyra-randiga-latta-sommarsexiga-larbyxor","status":"publish","type":"product","link":"https:\/\/gretasexylingerie.com\/sv\/products\/four-stripe-lightweight-summer-sexy-thigh-highs\/","title":{"rendered":"Fyrrandiga l\u00e4tta sommarsexiga l\u00e5rskor"},"content":{"rendered":"<p>Funktioner:<\/p>\n\n\n\n<p>1. Sexig och m\u00e5ngsidig. Den starka och smala designen omsluter benmusklerna perfekt, stramar upp huden p\u00e5 benen, g\u00f6r benen raka och smala och g\u00f6r figuren mer feminin.<br>2. Specialhantverk. Den anv\u00e4nder speciella h\u00f6gkvalitativa material och l\u00e4gger till antistatiskt medel, som har antistatisk effekt.<br>3. Anti-halk design. Enligt Ergonomiprincipen \u00e4r den femfaldiga halkskyddsdesignen bekv\u00e4m och h\u00e5llbar, och den kommer inte att stoppa regnet eller halka.<br>4. H\u00f6gkvalitativ produktionsteknik. Det k\u00e4rnspunna sidentyget v\u00e4vt av syntetiskt por\u00f6st r\u00e5silke med flera fiberfibrer \u00e4r mjukt och hudv\u00e4nligt. T\u00e5delen \u00e4r sydd med dubbla n\u00e5lar, och elasticiteten \u00e4r f\u00f6rst\u00e4rkt, vilket \u00e4r mer h\u00e5llbart och slitstarkt.<br>5. Transparent design, mer naturlig modifiering av benformen, full av elasticitet, inte l\u00e4tt att deformera.<\/p>","protected":false},"excerpt":{"rendered":"<p>Fyrrandiga l\u00e4tta sommarsexiga l\u00e5rbyxor ger dig en annan komfortupplevelse. Tillverkad av h\u00f6gelastiskt k\u00e4rnspunnet siden, genomskinligt n\u00e4ttyg, fyrrandig design p\u00e5 t\u00e5n och halkfri design.<\/p>","protected":false},"featured_media":30992,"template":"","meta":[],"product_brand":[],"product_cat":[420,404,417],"product_tag":[452,518,447],"class_list":{"0":"post-30986","1":"product","2":"type-product","3":"status-publish","4":"has-post-thumbnail","6":"product_cat-sexy-thigh-highs","7":"product_cat-sexy-stocking","8":"product_cat-thigh-highs","9":"product_tag-wholesale-boudoir-lingerie","10":"product_tag-mesh-lingerie","11":"product_tag-wholesale-strappy-sexy-lingerie","12":"pa_color-bisque-women-sexy-lingerie","13":"pa_color-black","14":"pa_size-free","16":"first","17":"instock","18":"taxable","19":"shipping-taxable","20":"purchasable","21":"product-type-variable"},"tiered_pricing_type":"fixed","tiered_pricing_fixed_rules":[],"tiered_pricing_product_settings":{"layout":"default","base_unit_name":{"singular":null,"plural":null},"default_variation":null},"tiered_pricing_minimum_quantity":null,"tiered_pricing_roles_data":{"default_wholesaler":{"product_id":30986,"role":"default_wholesaler","pricing_type":"flat","regular_price":null,"sale_price":null,"discount":null,"discount_type":"sale_price","tiered_pricing_type":"fixed","percentage_rules":[],"fixed_rules":{"2":"1.59","50":"0.59","800":"0.49"},"minimum":null},"dropshippinger":{"product_id":30986,"role":"dropshippinger","pricing_type":"flat","regular_price":null,"sale_price":null,"discount":null,"discount_type":"sale_price","tiered_pricing_type":"fixed","percentage_rules":[],"fixed_rules":{"1":"1.09","10":"0.69","50":"0.49"},"minimum":null}},"tiered_pricing_percentage_rules":[],"tiered_pricing_maximum_quantity":null,"tiered_pricing_quantity_step":null,"_links":{"self":[{"href":"https:\/\/gretasexylingerie.com\/sv\/wp-json\/wp\/v2\/product\/30986","targetHints":{"allow":["GET"]}}],"collection":[{"href":"https:\/\/gretasexylingerie.com\/sv\/wp-json\/wp\/v2\/product"}],"about":[{"href":"https:\/\/gretasexylingerie.com\/sv\/wp-json\/wp\/v2\/types\/product"}],"wp:featuredmedia":[{"embeddable":true,"href":"https:\/\/gretasexylingerie.com\/sv\/wp-json\/wp\/v2\/media\/30992"}],"wp:attachment":[{"href":"https:\/\/gretasexylingerie.com\/sv\/wp-json\/wp\/v2\/media?parent=30986"}],"wp:term":[{"taxonomy":"product_brand","embeddable":true,"href":"https:\/\/gretasexylingerie.com\/sv\/wp-json\/wp\/v2\/product_brand?post=30986"},{"taxonomy":"product_cat","embeddable":true,"href":"https:\/\/gretasexylingerie.com\/sv\/wp-json\/wp\/v2\/product_cat?post=30986"},{"taxonomy":"product_tag","embeddable":true,"href":"https:\/\/gretasexylingerie.com\/sv\/wp-json\/wp\/v2\/product_tag?post=30986"}],"curies":[{"name":"wp","href":"https:\/\/api.w.org\/{rel}","templated":true}]}}