{"id":30978,"date":"2023-01-29T11:21:45","date_gmt":"2023-01-29T03:21:45","guid":{"rendered":"https:\/\/gretasexylingerie.com\/?post_type=product&#038;p=30978"},"modified":"2023-12-09T21:46:21","modified_gmt":"2023-12-09T13:46:21","slug":"pafagel-fjader-broderi-sexiga-lar-highs","status":"publish","type":"product","link":"https:\/\/gretasexylingerie.com\/sv\/products\/peacock-feather-embroidery-sexy-thigh-highs\/","title":{"rendered":"Grossisthandel Peacock Feather Broderi Sexiga l\u00e5r Highs"},"content":{"rendered":"<p>Funktioner:<\/p>\n\n\n\n<p>1. P\u00e5f\u00e5gelfj\u00e4derstrumpam\u00f6nster, ny design. Det f\u00e5r dig att verka som en p\u00e5f\u00e5gel som alltid har varit stolt och charmig, svajad av passion med en extraordin\u00e4r h\u00e5llning.<br>2. Retro baklinje. Den bantande baklinjen str\u00e4cker ut benlinjen, vilket \u00e4r mycket bra och en popul\u00e4r retrotrend.<br>3. Mjuk och transparent mesh. H\u00f6gelastiskt osynligt meshmaterial l\u00e4gger till ett lager av mystik till din hud.<\/p>","protected":false},"excerpt":{"rendered":"<p>Var p\u00e5f\u00e5gelgudinnan med p\u00e5f\u00e5gelfj\u00e4derbroderi Sexiga l\u00e5rbyxor. Tillverkad av h\u00f6gkvalitativt k\u00e4rnspunnet siden, broderat p\u00e5f\u00e5gelfj\u00e4derm\u00f6nster, bantar den bakre benlinjen.<\/p>","protected":false},"featured_media":30980,"template":"","meta":[],"product_brand":[],"product_cat":[420,404,417],"product_tag":[518],"class_list":{"0":"post-30978","1":"product","2":"type-product","3":"status-publish","4":"has-post-thumbnail","6":"product_cat-sexy-thigh-highs","7":"product_cat-sexy-stocking","8":"product_cat-thigh-highs","9":"product_tag-mesh-lingerie","10":"pa_color-black","11":"pa_size-free","13":"first","14":"instock","15":"taxable","16":"shipping-taxable","17":"purchasable","18":"product-type-variable"},"tiered_pricing_type":"fixed","tiered_pricing_fixed_rules":[],"tiered_pricing_product_settings":{"layout":"default","base_unit_name":{"singular":null,"plural":null},"default_variation":null},"tiered_pricing_minimum_quantity":null,"tiered_pricing_roles_data":{"default_wholesaler":{"product_id":30978,"role":"default_wholesaler","pricing_type":"flat","regular_price":null,"sale_price":null,"discount":null,"discount_type":"sale_price","tiered_pricing_type":"fixed","percentage_rules":[],"fixed_rules":{"2":"1.09","50":"0.89","800":"0.79"},"minimum":null},"dropshippinger":{"product_id":30978,"role":"dropshippinger","pricing_type":"flat","regular_price":null,"sale_price":null,"discount":null,"discount_type":"sale_price","tiered_pricing_type":"fixed","percentage_rules":[],"fixed_rules":{"1":"2.09","10":"1.25","30":"0.89"},"minimum":null}},"tiered_pricing_percentage_rules":[],"tiered_pricing_maximum_quantity":null,"tiered_pricing_quantity_step":null,"_links":{"self":[{"href":"https:\/\/gretasexylingerie.com\/sv\/wp-json\/wp\/v2\/product\/30978","targetHints":{"allow":["GET"]}}],"collection":[{"href":"https:\/\/gretasexylingerie.com\/sv\/wp-json\/wp\/v2\/product"}],"about":[{"href":"https:\/\/gretasexylingerie.com\/sv\/wp-json\/wp\/v2\/types\/product"}],"wp:featuredmedia":[{"embeddable":true,"href":"https:\/\/gretasexylingerie.com\/sv\/wp-json\/wp\/v2\/media\/30980"}],"wp:attachment":[{"href":"https:\/\/gretasexylingerie.com\/sv\/wp-json\/wp\/v2\/media?parent=30978"}],"wp:term":[{"taxonomy":"product_brand","embeddable":true,"href":"https:\/\/gretasexylingerie.com\/sv\/wp-json\/wp\/v2\/product_brand?post=30978"},{"taxonomy":"product_cat","embeddable":true,"href":"https:\/\/gretasexylingerie.com\/sv\/wp-json\/wp\/v2\/product_cat?post=30978"},{"taxonomy":"product_tag","embeddable":true,"href":"https:\/\/gretasexylingerie.com\/sv\/wp-json\/wp\/v2\/product_tag?post=30978"}],"curies":[{"name":"wp","href":"https:\/\/api.w.org\/{rel}","templated":true}]}}