{"id":30969,"date":"2023-01-29T10:45:06","date_gmt":"2023-01-29T02:45:06","guid":{"rendered":"https:\/\/gretasexylingerie.com\/?post_type=product&#038;p=30969"},"modified":"2023-09-05T20:50:37","modified_gmt":"2023-09-05T12:50:37","slug":"mesh-perspektiv-fishnet-klanning-lang-arm","status":"publish","type":"product","link":"https:\/\/gretasexylingerie.com\/sv\/products\/mesh-perspective-fishnet-dress-long-sleeve\/","title":{"rendered":"Mesh Perspective Fishnet Kl\u00e4nning L\u00e5ng\u00e4rmad"},"content":{"rendered":"<p>Funktion:<\/p>\n\n\n\n<p>* Mesh Perspective Fishnet Dress L\u00e5ng\u00e4rmad \u00e4r gjord av h\u00f6gkvalitativ nylon och spandex, som \u00e4r mjuk, stretchig och h\u00e5llbar. Dess material \u00e4r mycket sl\u00e4tt och f\u00e5r dig att k\u00e4nna dig mjuk och bekv\u00e4m.<br>* N\u00e4tkl\u00e4nning l\u00e5ng\u00e4rmad \u00e4r en storlek passar alla, stretchig, en storlek passar alla, smickrar din figur snyggt.<br>* Bra presentval: N\u00e4tstrumpor kan ges till dina flickv\u00e4nner och b\u00e4sta v\u00e4nner p\u00e5 festivaler, visa din kvinnlighet, l\u00e4gg till kul p\u00e5 s\u00f6ta alla hj\u00e4rtans dag, jubileum och andra festivaler<br>*Modedesign: Fishnet Body Strumpor Mode genomskinlig, Designen ger visuell effekt, \u00e5terspeglar vildhet och hethet, du kan matcha det med dagliga kjolar eller hotpants, scenframtr\u00e4danden och cosplay-fester, visa din figur och inspirera ditt sj\u00e4lvf\u00f6rtroende.<\/p>","protected":false},"excerpt":{"rendered":"<p>L\u00e5t din \u00e4lskares \u00f6gon vila p\u00e5 dig med den l\u00e5ng\u00e4rmade n\u00e4tkl\u00e4nningen i n\u00e4tperspektiv. Den antar en n\u00e4tdesign och anv\u00e4nder en n\u00e4tdesign p\u00e5 kroppens centrala axel, vilket g\u00f6r din kropp som en presentf\u00f6rpackning med en liten lucka \u00f6ppnad.<\/p>","protected":false},"featured_media":30971,"template":"","meta":[],"product_brand":[],"product_cat":[406,405,404],"product_tag":[518,446,447,504],"class_list":{"0":"post-30969","1":"product","2":"type-product","3":"status-publish","4":"has-post-thumbnail","6":"product_cat-wholesale-fishnet-dress","7":"product_cat-wholesale-bodystocking","8":"product_cat-sexy-stocking","9":"product_tag-mesh-lingerie","10":"product_tag-wholesale-sexy-see-through-lingerie","11":"product_tag-wholesale-strappy-sexy-lingerie","12":"product_tag-ultra-sexy","13":"pa_color-black","14":"pa_size-free","16":"first","17":"instock","18":"taxable","19":"shipping-taxable","20":"purchasable","21":"product-type-variable"},"tiered_pricing_type":"fixed","tiered_pricing_fixed_rules":[],"tiered_pricing_product_settings":{"layout":"default","base_unit_name":{"singular":null,"plural":null},"default_variation":null},"tiered_pricing_minimum_quantity":null,"tiered_pricing_roles_data":{"default_wholesaler":{"product_id":30969,"role":"default_wholesaler","pricing_type":"flat","regular_price":null,"sale_price":null,"discount":null,"discount_type":"sale_price","tiered_pricing_type":"fixed","percentage_rules":[],"fixed_rules":{"2":"2.19","30":"1.79","500":"1.39"},"minimum":null},"dropshippinger":{"product_id":30969,"role":"dropshippinger","pricing_type":"flat","regular_price":null,"sale_price":null,"discount":null,"discount_type":"sale_price","tiered_pricing_type":"fixed","percentage_rules":[],"fixed_rules":{"1":"2.69","5":"2.19","30":"1.59"},"minimum":null}},"tiered_pricing_percentage_rules":[],"tiered_pricing_maximum_quantity":null,"tiered_pricing_quantity_step":null,"_links":{"self":[{"href":"https:\/\/gretasexylingerie.com\/sv\/wp-json\/wp\/v2\/product\/30969","targetHints":{"allow":["GET"]}}],"collection":[{"href":"https:\/\/gretasexylingerie.com\/sv\/wp-json\/wp\/v2\/product"}],"about":[{"href":"https:\/\/gretasexylingerie.com\/sv\/wp-json\/wp\/v2\/types\/product"}],"wp:featuredmedia":[{"embeddable":true,"href":"https:\/\/gretasexylingerie.com\/sv\/wp-json\/wp\/v2\/media\/30971"}],"wp:attachment":[{"href":"https:\/\/gretasexylingerie.com\/sv\/wp-json\/wp\/v2\/media?parent=30969"}],"wp:term":[{"taxonomy":"product_brand","embeddable":true,"href":"https:\/\/gretasexylingerie.com\/sv\/wp-json\/wp\/v2\/product_brand?post=30969"},{"taxonomy":"product_cat","embeddable":true,"href":"https:\/\/gretasexylingerie.com\/sv\/wp-json\/wp\/v2\/product_cat?post=30969"},{"taxonomy":"product_tag","embeddable":true,"href":"https:\/\/gretasexylingerie.com\/sv\/wp-json\/wp\/v2\/product_tag?post=30969"}],"curies":[{"name":"wp","href":"https:\/\/api.w.org\/{rel}","templated":true}]}}