{"id":30950,"date":"2023-01-29T10:17:33","date_gmt":"2023-01-29T02:17:33","guid":{"rendered":"https:\/\/gretasexylingerie.com\/?post_type=product&#038;p=30950"},"modified":"2023-09-05T20:50:36","modified_gmt":"2023-09-05T12:50:36","slug":"randig-sexig-svart-klanning-med-fisknat","status":"publish","type":"product","link":"https:\/\/gretasexylingerie.com\/sv\/products\/striped-sexy-black-dress-with-fishnet\/","title":{"rendered":"Randig Sexig Svart Kl\u00e4nning Med Fiskn\u00e4t"},"content":{"rendered":"<p>Funktioner:<\/p>\n\n\n\n<p>* Randig sexig svart kl\u00e4nning med fiskn\u00e4t \u00e4r gjord av h\u00f6gkvalitativ nylon och spandex, som \u00e4r mjuk, stretchig och h\u00e5llbar. Dess material \u00e4r mycket sl\u00e4tt och f\u00e5r dig att k\u00e4nna dig mjuk och bekv\u00e4m.<br>* Randig sexig svart kl\u00e4nning med n\u00e4t \u00e4r en storlek passar alla, stretchig, en storlek passar alla, smickrar din figur snyggt.<br>* Bra presentval: N\u00e4tstrumpor kan ges till dina flickv\u00e4nner och b\u00e4sta v\u00e4nner p\u00e5 festivaler, visa din kvinnlighet, l\u00e4gg till kul p\u00e5 s\u00f6ta alla hj\u00e4rtans dag, jubileum och andra festivaler<br>*Modedesign: Fishnet Body Strumpor Mode genomskinlig, Designen ger visuell effekt, \u00e5terspeglar vildhet och hethet, du kan matcha det med dagliga kjolar eller hotpants, scenframtr\u00e4danden och cosplay-fester, visa din figur och inspirera ditt sj\u00e4lvf\u00f6rtroende.<\/p>","protected":false},"excerpt":{"rendered":"<p>Visa din \u00e4lskare hur attraktiv du \u00e4r i den randiga sexiga svarta kl\u00e4nningen med n\u00e4t. Designad med bekv\u00e4ma breda axelband, regelbundna rutn\u00e4tslinjer och snyggt placerade m\u00f6nster f\u00f6r att dekorera dina sidor.<\/p>","protected":false},"featured_media":30952,"template":"","meta":[],"product_brand":[],"product_cat":[406,405,404],"product_tag":[446,504],"class_list":{"0":"post-30950","1":"product","2":"type-product","3":"status-publish","4":"has-post-thumbnail","6":"product_cat-wholesale-fishnet-dress","7":"product_cat-wholesale-bodystocking","8":"product_cat-sexy-stocking","9":"product_tag-wholesale-sexy-see-through-lingerie","10":"product_tag-ultra-sexy","11":"pa_color-black","12":"pa_size-free","14":"first","15":"instock","16":"taxable","17":"shipping-taxable","18":"purchasable","19":"product-type-variable"},"tiered_pricing_type":"fixed","tiered_pricing_fixed_rules":[],"tiered_pricing_product_settings":{"layout":"default","base_unit_name":{"singular":null,"plural":null},"default_variation":null},"tiered_pricing_minimum_quantity":null,"tiered_pricing_roles_data":{"default_wholesaler":{"product_id":30950,"role":"default_wholesaler","pricing_type":"flat","regular_price":null,"sale_price":null,"discount":null,"discount_type":"sale_price","tiered_pricing_type":"fixed","percentage_rules":[],"fixed_rules":{"2":"4.39","30":"3.59","500":"2.69"},"minimum":null},"dropshippinger":{"product_id":30950,"role":"dropshippinger","pricing_type":"flat","regular_price":null,"sale_price":null,"discount":null,"discount_type":"sale_price","tiered_pricing_type":"fixed","percentage_rules":[],"fixed_rules":{"1":"5.39","5":"4.39","30":"3.09"},"minimum":null}},"tiered_pricing_percentage_rules":[],"tiered_pricing_maximum_quantity":null,"tiered_pricing_quantity_step":null,"_links":{"self":[{"href":"https:\/\/gretasexylingerie.com\/sv\/wp-json\/wp\/v2\/product\/30950","targetHints":{"allow":["GET"]}}],"collection":[{"href":"https:\/\/gretasexylingerie.com\/sv\/wp-json\/wp\/v2\/product"}],"about":[{"href":"https:\/\/gretasexylingerie.com\/sv\/wp-json\/wp\/v2\/types\/product"}],"wp:featuredmedia":[{"embeddable":true,"href":"https:\/\/gretasexylingerie.com\/sv\/wp-json\/wp\/v2\/media\/30952"}],"wp:attachment":[{"href":"https:\/\/gretasexylingerie.com\/sv\/wp-json\/wp\/v2\/media?parent=30950"}],"wp:term":[{"taxonomy":"product_brand","embeddable":true,"href":"https:\/\/gretasexylingerie.com\/sv\/wp-json\/wp\/v2\/product_brand?post=30950"},{"taxonomy":"product_cat","embeddable":true,"href":"https:\/\/gretasexylingerie.com\/sv\/wp-json\/wp\/v2\/product_cat?post=30950"},{"taxonomy":"product_tag","embeddable":true,"href":"https:\/\/gretasexylingerie.com\/sv\/wp-json\/wp\/v2\/product_tag?post=30950"}],"curies":[{"name":"wp","href":"https:\/\/api.w.org\/{rel}","templated":true}]}}