{"id":30904,"date":"2023-01-28T15:21:21","date_gmt":"2023-01-28T07:21:21","guid":{"rendered":"https:\/\/gretasexylingerie.com\/?post_type=product&#038;p=30904"},"modified":"2023-09-05T20:50:33","modified_gmt":"2023-09-05T12:50:33","slug":"gnistra-och-glans-strass-bodystocking","status":"publish","type":"product","link":"https:\/\/gretasexylingerie.com\/sv\/products\/sparkle-and-shine-rhinestone-bodystocking\/","title":{"rendered":"Sparkle And Shine Rhinestone Bodystocking"},"content":{"rendered":"<p>Funktioner:<\/p>\n\n\n\n<p>* L\u00e5ng\u00e4rmad Sparkle Rhinestone Bodystocking \u00e4r gjord av h\u00f6gkvalitativ nylon och spandex, som \u00e4r mjuk, stretchig och h\u00e5llbar. Dess material \u00e4r mycket sl\u00e4tt och f\u00e5r dig att k\u00e4nna dig mjuk och bekv\u00e4m.<br>* Rhinestone Bodystocking \u00e4r en storlek passar alla, stretchig, en storlek passar alla, smickrar din figur snyggt.<br>* Bra presentval: N\u00e4tstrumpor kan ges till dina flickv\u00e4nner och b\u00e4sta v\u00e4nner p\u00e5 festivaler, visa din kvinnlighet, l\u00e4gg till kul p\u00e5 s\u00f6ta alla hj\u00e4rtans dag, jubileum och andra festivaler<br>*Modedesign: Fishnet Body Strumpor Mode genomskinlig, Designen ger visuell effekt, \u00e5terspeglar vildhet och hethet, du kan matcha det med dagliga kjolar eller hotpants, scenframtr\u00e4danden och cosplay-fester, visa din figur och inspirera ditt sj\u00e4lvf\u00f6rtroende.<\/p>\n\n\n\n<p><\/p>","protected":false},"excerpt":{"rendered":"<p>Var alltid i sikte med l\u00e5ng\u00e4rmad Sparkle And Shine Rhinestone Bodystocking. Med en n\u00e4tkonstruktion och l\u00e5nga \u00e4rmar, kastar den en skimrande sl\u00f6ja \u00f6ver din kropp, s\u00e5 att praktiskt taget varje tum av din hud syns.<\/p>","protected":false},"featured_media":30906,"template":"","meta":[],"product_brand":[],"product_cat":[408,405,404,409],"product_tag":[541,518,451,525,504],"class_list":{"0":"post-30904","1":"product","2":"type-product","3":"status-publish","4":"has-post-thumbnail","6":"product_cat-wholesale-rhinestone-bodystocking","7":"product_cat-wholesale-bodystocking","8":"product_cat-sexy-stocking","9":"product_cat-wholesale-stocking-bodysuit","10":"product_tag-fishnet-lingerie","11":"product_tag-mesh-lingerie","12":"product_tag-wholesale-revealing-lingerie","13":"product_tag-rhinestone-lingerie","14":"product_tag-ultra-sexy","15":"pa_color-black","16":"pa_size-free","18":"first","19":"instock","20":"taxable","21":"shipping-taxable","22":"purchasable","23":"product-type-variable"},"tiered_pricing_type":"fixed","tiered_pricing_fixed_rules":[],"tiered_pricing_product_settings":{"layout":"default","base_unit_name":{"singular":null,"plural":null},"default_variation":null},"tiered_pricing_minimum_quantity":null,"tiered_pricing_roles_data":{"default_wholesaler":{"product_id":30904,"role":"default_wholesaler","pricing_type":"flat","regular_price":null,"sale_price":null,"discount":null,"discount_type":"sale_price","tiered_pricing_type":"fixed","percentage_rules":[],"fixed_rules":{"2":"3.69","30":"3.09","500":"2.39"},"minimum":null},"dropshippinger":{"product_id":30904,"role":"dropshippinger","pricing_type":"flat","regular_price":null,"sale_price":null,"discount":null,"discount_type":"sale_price","tiered_pricing_type":"fixed","percentage_rules":[],"fixed_rules":{"1":"4.69","5":"3.69","30":"2.69"},"minimum":null}},"tiered_pricing_percentage_rules":[],"tiered_pricing_maximum_quantity":null,"tiered_pricing_quantity_step":null,"_links":{"self":[{"href":"https:\/\/gretasexylingerie.com\/sv\/wp-json\/wp\/v2\/product\/30904","targetHints":{"allow":["GET"]}}],"collection":[{"href":"https:\/\/gretasexylingerie.com\/sv\/wp-json\/wp\/v2\/product"}],"about":[{"href":"https:\/\/gretasexylingerie.com\/sv\/wp-json\/wp\/v2\/types\/product"}],"wp:featuredmedia":[{"embeddable":true,"href":"https:\/\/gretasexylingerie.com\/sv\/wp-json\/wp\/v2\/media\/30906"}],"wp:attachment":[{"href":"https:\/\/gretasexylingerie.com\/sv\/wp-json\/wp\/v2\/media?parent=30904"}],"wp:term":[{"taxonomy":"product_brand","embeddable":true,"href":"https:\/\/gretasexylingerie.com\/sv\/wp-json\/wp\/v2\/product_brand?post=30904"},{"taxonomy":"product_cat","embeddable":true,"href":"https:\/\/gretasexylingerie.com\/sv\/wp-json\/wp\/v2\/product_cat?post=30904"},{"taxonomy":"product_tag","embeddable":true,"href":"https:\/\/gretasexylingerie.com\/sv\/wp-json\/wp\/v2\/product_tag?post=30904"}],"curies":[{"name":"wp","href":"https:\/\/api.w.org\/{rel}","templated":true}]}}