{"id":30895,"date":"2023-01-28T15:12:29","date_gmt":"2023-01-28T07:12:29","guid":{"rendered":"https:\/\/gretasexylingerie.com\/?post_type=product&#038;p=30895"},"modified":"2023-09-05T20:50:32","modified_gmt":"2023-09-05T12:50:32","slug":"fisknat-langarmad-rhinestone-bodystocking-2","status":"publish","type":"product","link":"https:\/\/gretasexylingerie.com\/sv\/products\/fishnet-long-sleeve-rhinestone-bodystocking\/","title":{"rendered":"Fishnet Long Sleeve Rhinestone Bodystocking"},"content":{"rendered":"<p>Funktioner:<\/p>\n\n\n\n<p>*L\u00e5ng\u00e4rmad Rhinestone Bodystocking \u00e4r gjord av h\u00f6gkvalitativ nylon och spandex, som \u00e4r mjuk, stretchig och h\u00e5llbar. Dess material \u00e4r mycket sl\u00e4tt och f\u00e5r dig att k\u00e4nna dig mjuk och bekv\u00e4m.<br>* Rhinestone Bodystocking \u00e4r en storlek passar alla, stretchig, en storlek passar alla, smickrar din figur snyggt.<br>* Bra presentval: N\u00e4tstrumpor kan ges till dina flickv\u00e4nner och b\u00e4sta v\u00e4nner p\u00e5 festivaler, visa din kvinnlighet, l\u00e4gg till kul p\u00e5 s\u00f6ta alla hj\u00e4rtans dag, jubileum och andra festivaler<br>*Modedesign: Fishnet Body Strumpor Mode genomskinlig, Designen ger visuell effekt, \u00e5terspeglar vildhet och hethet, du kan matcha det med dagliga kjolar eller hotpants, scenframtr\u00e4danden och cosplay-fester, visa din figur och inspirera ditt sj\u00e4lvf\u00f6rtroende.<\/p>","protected":false},"excerpt":{"rendered":"<p>Bli den ljusaste stj\u00e4rnan p\u00e5 festen med denna fantastiska helkroppsfiskn\u00e4t l\u00e5ng\u00e4rmade strass kroppsstrump. Har en helkroppsdesign med n\u00e4t, l\u00e5nga \u00e4rmar, ingen gren, av axlarna, \u00f6ver hela kroppen besatt med gl\u00e4nsande strass.<\/p>","protected":false},"featured_media":30898,"template":"","meta":[],"product_brand":[],"product_cat":[408,405,407,367,404],"product_tag":[541,518,525,446,449],"class_list":{"0":"post-30895","1":"product","2":"type-product","3":"status-publish","4":"has-post-thumbnail","6":"product_cat-wholesale-rhinestone-bodystocking","7":"product_cat-wholesale-bodystocking","8":"product_cat-wholesale-full-body-stocking","9":"product_cat-sexy-lingerie","10":"product_cat-sexy-stocking","11":"product_tag-fishnet-lingerie","12":"product_tag-mesh-lingerie","13":"product_tag-rhinestone-lingerie","14":"product_tag-wholesale-sexy-see-through-lingerie","15":"product_tag-wholesale-sexy-crotchless-lingerie","16":"pa_color-black","17":"pa_size-free","19":"first","20":"instock","21":"taxable","22":"shipping-taxable","23":"purchasable","24":"product-type-variable"},"tiered_pricing_type":"fixed","tiered_pricing_fixed_rules":[],"tiered_pricing_product_settings":{"layout":"default","base_unit_name":{"singular":null,"plural":null},"default_variation":null},"tiered_pricing_minimum_quantity":null,"tiered_pricing_roles_data":{"default_wholesaler":{"product_id":30895,"role":"default_wholesaler","pricing_type":"flat","regular_price":null,"sale_price":null,"discount":null,"discount_type":"sale_price","tiered_pricing_type":"fixed","percentage_rules":[],"fixed_rules":{"2":"4.39","30":"3.59","500":"2.69"},"minimum":null},"dropshippinger":{"product_id":30895,"role":"dropshippinger","pricing_type":"flat","regular_price":null,"sale_price":null,"discount":null,"discount_type":"sale_price","tiered_pricing_type":"fixed","percentage_rules":[],"fixed_rules":{"1":"5.39","5":"4.39","30":"3.09"},"minimum":null}},"tiered_pricing_percentage_rules":[],"tiered_pricing_maximum_quantity":null,"tiered_pricing_quantity_step":null,"_links":{"self":[{"href":"https:\/\/gretasexylingerie.com\/sv\/wp-json\/wp\/v2\/product\/30895","targetHints":{"allow":["GET"]}}],"collection":[{"href":"https:\/\/gretasexylingerie.com\/sv\/wp-json\/wp\/v2\/product"}],"about":[{"href":"https:\/\/gretasexylingerie.com\/sv\/wp-json\/wp\/v2\/types\/product"}],"wp:featuredmedia":[{"embeddable":true,"href":"https:\/\/gretasexylingerie.com\/sv\/wp-json\/wp\/v2\/media\/30898"}],"wp:attachment":[{"href":"https:\/\/gretasexylingerie.com\/sv\/wp-json\/wp\/v2\/media?parent=30895"}],"wp:term":[{"taxonomy":"product_brand","embeddable":true,"href":"https:\/\/gretasexylingerie.com\/sv\/wp-json\/wp\/v2\/product_brand?post=30895"},{"taxonomy":"product_cat","embeddable":true,"href":"https:\/\/gretasexylingerie.com\/sv\/wp-json\/wp\/v2\/product_cat?post=30895"},{"taxonomy":"product_tag","embeddable":true,"href":"https:\/\/gretasexylingerie.com\/sv\/wp-json\/wp\/v2\/product_tag?post=30895"}],"curies":[{"name":"wp","href":"https:\/\/api.w.org\/{rel}","templated":true}]}}