{"id":30878,"date":"2023-01-27T19:28:26","date_gmt":"2023-01-27T11:28:26","guid":{"rendered":"https:\/\/gretasexylingerie.com\/?post_type=product&#038;p=30878"},"modified":"2023-09-05T20:50:28","modified_gmt":"2023-09-05T12:50:28","slug":"enhetlig-kroppsdrakt-utan-gren","status":"publish","type":"product","link":"https:\/\/gretasexylingerie.com\/sv\/products\/uniform-fishnet-crotchless-body-suit\/","title":{"rendered":"Uniform kroppsdr\u00e4kt utan gren"},"content":{"rendered":"<ul class=\"wp-block-list\">\n<li>Uniform Temptation Fishnet grenl\u00f6s kroppsdr\u00e4kt \u00e4r gjord av h\u00f6gkvalitativ nylon och spandex, som \u00e4r mjuk, stretchig och h\u00e5llbar. Dess material \u00e4r mycket sl\u00e4tt och f\u00e5r dig att k\u00e4nna dig mjuk och bekv\u00e4m.<\/li>\n\n\n\n<li>Kropsdr\u00e4kt utan gren utan n\u00e4t \u00e4r en storlek passar alla, stretchig, en storlek passar alla, smickrar din figur snyggt.<\/li>\n\n\n\n<li>Bra presentval: N\u00e4tunderkl\u00e4dersstrumpor kan ges till dina flickv\u00e4nner och b\u00e4sta v\u00e4nner p\u00e5 festivaler, visa din kvinnlighet, l\u00e4gg till kul p\u00e5 s\u00f6ta alla hj\u00e4rtans dag, jubileum och andra festivaler<\/li>\n\n\n\n<li>modedesign: Fishnet Body Strumpor Mode genomskinlig, designen ger visuell effekt, reflekterar vildhet och hethet, du kan matcha det med dagliga kjolar eller hotpants, scenframtr\u00e4danden och cosplay-fester, visa din figur och inspirera ditt f\u00f6rtroende<\/li>\n<\/ul>","protected":false},"excerpt":{"rendered":"<p>Den nydesignade nattklubben Hollow Out Body Suit Strumpa l\u00e5ter dig inta scenen och sl\u00e4ppa din sk\u00f6nhet. Halvkoppskonstruktion med n\u00e4t vid bysten och trosor och n\u00e4t p\u00e5 annat h\u00e5ll. Br\u00f6stkorsdesignen g\u00f6r dina br\u00f6st fylligare.<\/p>","protected":false},"featured_media":30881,"template":"","meta":[],"product_brand":[],"product_cat":[409,405,404],"product_tag":[528,446,447,504],"class_list":{"0":"post-30878","1":"product","2":"type-product","3":"status-publish","4":"has-post-thumbnail","6":"product_cat-wholesale-stocking-bodysuit","7":"product_cat-wholesale-bodystocking","8":"product_cat-sexy-stocking","9":"product_tag-halter-lingerie","10":"product_tag-wholesale-sexy-see-through-lingerie","11":"product_tag-wholesale-strappy-sexy-lingerie","12":"product_tag-ultra-sexy","13":"pa_color-black","14":"pa_size-free","16":"first","17":"instock","18":"taxable","19":"shipping-taxable","20":"purchasable","21":"product-type-variable"},"tiered_pricing_type":"fixed","tiered_pricing_fixed_rules":[],"tiered_pricing_product_settings":{"layout":"default","base_unit_name":{"singular":null,"plural":null},"default_variation":null},"tiered_pricing_minimum_quantity":null,"tiered_pricing_roles_data":{"default_wholesaler":{"product_id":30878,"role":"default_wholesaler","pricing_type":"flat","regular_price":null,"sale_price":null,"discount":null,"discount_type":"sale_price","tiered_pricing_type":"fixed","percentage_rules":[],"fixed_rules":{"2":"2.49","30":"2.09","500":"1.59"},"minimum":null},"dropshippinger":{"product_id":30878,"role":"dropshippinger","pricing_type":"flat","regular_price":null,"sale_price":null,"discount":null,"discount_type":"sale_price","tiered_pricing_type":"fixed","percentage_rules":[],"fixed_rules":{"1":"3.09","5":"2.49","30":"1.79"},"minimum":null}},"tiered_pricing_percentage_rules":[],"tiered_pricing_maximum_quantity":null,"tiered_pricing_quantity_step":null,"_links":{"self":[{"href":"https:\/\/gretasexylingerie.com\/sv\/wp-json\/wp\/v2\/product\/30878","targetHints":{"allow":["GET"]}}],"collection":[{"href":"https:\/\/gretasexylingerie.com\/sv\/wp-json\/wp\/v2\/product"}],"about":[{"href":"https:\/\/gretasexylingerie.com\/sv\/wp-json\/wp\/v2\/types\/product"}],"wp:featuredmedia":[{"embeddable":true,"href":"https:\/\/gretasexylingerie.com\/sv\/wp-json\/wp\/v2\/media\/30881"}],"wp:attachment":[{"href":"https:\/\/gretasexylingerie.com\/sv\/wp-json\/wp\/v2\/media?parent=30878"}],"wp:term":[{"taxonomy":"product_brand","embeddable":true,"href":"https:\/\/gretasexylingerie.com\/sv\/wp-json\/wp\/v2\/product_brand?post=30878"},{"taxonomy":"product_cat","embeddable":true,"href":"https:\/\/gretasexylingerie.com\/sv\/wp-json\/wp\/v2\/product_cat?post=30878"},{"taxonomy":"product_tag","embeddable":true,"href":"https:\/\/gretasexylingerie.com\/sv\/wp-json\/wp\/v2\/product_tag?post=30878"}],"curies":[{"name":"wp","href":"https:\/\/api.w.org\/{rel}","templated":true}]}}