{"id":30827,"date":"2023-01-26T12:37:12","date_gmt":"2023-01-26T04:37:12","guid":{"rendered":"https:\/\/gretasexylingerie.com\/?post_type=product&#038;p=30827"},"modified":"2023-09-05T20:50:26","modified_gmt":"2023-09-05T12:50:26","slug":"miss-oppen-rygg-barbrost-svart-sele-bodysuit","status":"publish","type":"product","link":"https:\/\/gretasexylingerie.com\/sv\/products\/miss-open-back-bare-breast-black-harness-bodysuit\/","title":{"rendered":"Miss Open Back Bare Breast Black Harness Bodysuit"},"content":{"rendered":"<p>Funktioner:<\/p>\n\n\n\n<p>1. Anv\u00e4nda h\u00f6gkvalitativa elastiska band, varje del kan justeras fritt. \u00c4ven om det bara finns en storlek, kan den anv\u00e4ndas f\u00f6r S-xl-figurer.<br>2. Axelremmen och den h\u00e4ngande halsen \u00e4r utformade i ett stycke, sammankopplade med en metallring. Designen med ih\u00e5liga helkoppar g\u00f6r dina br\u00f6st mer fylliga och sexiga.<br>3. Justerbart elastiskt midjeband. Det finns 3 metallringar p\u00e5 den fr\u00e4mre delen som \u00e4r f\u00f6rbundna med metallringarna genom elastiska b\u00e4lten. Z-format sp\u00e4nne f\u00f6r l\u00e4tt p\u00e5 och av.<br>4. \u00d6ppna underkl\u00e4der av grentyp, det finns tv\u00e5 metallringar i grenen anslutna till midjebandet genom res\u00e5rbandet. Rumpan \u00e4r inte t\u00e4ckt eller modifierad p\u00e5 n\u00e5got s\u00e4tt.<\/p>","protected":false},"excerpt":{"rendered":"<p>Den komplexa Miss Open Back Barbr\u00f6st Kvinnor Svart Sele Body verkar l\u00e4gga till ih\u00e5lig rustning till din kropp. Genom att anv\u00e4nda h\u00f6gkvalitativa korta elastiska band, kan varje elastiskt band justeras fritt, design med ih\u00e5lig helkopp, integrerad design av axelremmar och grimma hals, justerbart elastiskt midjeband, underkl\u00e4der som \u00e4r \u00f6ppna i grenen.<\/p>","protected":false},"featured_media":30829,"template":"","meta":[],"product_brand":[],"product_cat":[379,377,367],"product_tag":[448,446,449,533,447],"class_list":{"0":"post-30827","1":"product","2":"type-product","3":"status-publish","4":"has-post-thumbnail","6":"product_cat-wholesale-harness-bodysuit","7":"product_cat-harness-lingerie","8":"product_cat-sexy-lingerie","9":"product_tag-wholesale-elegant-sexy-lingerie","10":"product_tag-wholesale-sexy-see-through-lingerie","11":"product_tag-wholesale-sexy-crotchless-lingerie","12":"product_tag-sexy-cupless-lingerie","13":"product_tag-wholesale-strappy-sexy-lingerie","14":"pa_color-black","15":"pa_size-free","17":"first","18":"instock","19":"taxable","20":"shipping-taxable","21":"purchasable","22":"product-type-variable"},"tiered_pricing_type":"fixed","tiered_pricing_fixed_rules":[],"tiered_pricing_product_settings":{"layout":"default","base_unit_name":{"singular":null,"plural":null},"default_variation":null},"tiered_pricing_minimum_quantity":null,"tiered_pricing_roles_data":{"default_wholesaler":{"product_id":30827,"role":"default_wholesaler","pricing_type":"flat","regular_price":null,"sale_price":null,"discount":null,"discount_type":"sale_price","tiered_pricing_type":"fixed","percentage_rules":[],"fixed_rules":{"2":"9.39","30":"8.29","500":"7.29"},"minimum":null},"dropshippinger":{"product_id":30827,"role":"dropshippinger","pricing_type":"flat","regular_price":null,"sale_price":null,"discount":null,"discount_type":"sale_price","tiered_pricing_type":"fixed","percentage_rules":[],"fixed_rules":{"1":"13.19","5":"10.99","30":"8.29"},"minimum":null}},"tiered_pricing_percentage_rules":[],"tiered_pricing_maximum_quantity":null,"tiered_pricing_quantity_step":null,"_links":{"self":[{"href":"https:\/\/gretasexylingerie.com\/sv\/wp-json\/wp\/v2\/product\/30827","targetHints":{"allow":["GET"]}}],"collection":[{"href":"https:\/\/gretasexylingerie.com\/sv\/wp-json\/wp\/v2\/product"}],"about":[{"href":"https:\/\/gretasexylingerie.com\/sv\/wp-json\/wp\/v2\/types\/product"}],"wp:featuredmedia":[{"embeddable":true,"href":"https:\/\/gretasexylingerie.com\/sv\/wp-json\/wp\/v2\/media\/30829"}],"wp:attachment":[{"href":"https:\/\/gretasexylingerie.com\/sv\/wp-json\/wp\/v2\/media?parent=30827"}],"wp:term":[{"taxonomy":"product_brand","embeddable":true,"href":"https:\/\/gretasexylingerie.com\/sv\/wp-json\/wp\/v2\/product_brand?post=30827"},{"taxonomy":"product_cat","embeddable":true,"href":"https:\/\/gretasexylingerie.com\/sv\/wp-json\/wp\/v2\/product_cat?post=30827"},{"taxonomy":"product_tag","embeddable":true,"href":"https:\/\/gretasexylingerie.com\/sv\/wp-json\/wp\/v2\/product_tag?post=30827"}],"curies":[{"name":"wp","href":"https:\/\/api.w.org\/{rel}","templated":true}]}}