{"id":30779,"date":"2023-01-26T11:17:06","date_gmt":"2023-01-26T03:17:06","guid":{"rendered":"https:\/\/gretasexylingerie.com\/?post_type=product&#038;p=30779"},"modified":"2023-09-05T20:50:23","modified_gmt":"2023-09-05T12:50:23","slug":"wire-sele-remmar-cutout-sele-underklader","status":"publish","type":"product","link":"https:\/\/gretasexylingerie.com\/sv\/products\/wire-harness-straps-cutout-harness-underwear\/","title":{"rendered":"Wire Harness Straps Cutout Sele Underkl\u00e4der"},"content":{"rendered":"<p>Funktioner:<\/p>\n\n\n\n<p>1. Det h\u00f6gkvalitativa elastiska bandet anv\u00e4nds, och baksidan \u00e4r gjord av mjukt bomullsmaterial, vilket inte kommer att orsaka n\u00e5got obehag f\u00f6r kroppen.<br>2. Justerbart elastiskt midjeband med dubbelt lager med uppdragningsdesign g\u00f6r midjebandet mer stabilt. Anv\u00e4nd metallringar f\u00f6r att ansluta varje del, vilket \u00e4r mer fast och bekv\u00e4mt.<br>3. \u00d6ppen grendesign, det elastiska bandet i grenen \u00e4r anslutet till midjeb\u00e4ltet med 8-formade knappar, vilket g\u00f6r dig mer bekv\u00e4m.<br>4. Storleken kan justeras fritt, l\u00e4mplig f\u00f6r S-xl.<\/p>","protected":false},"excerpt":{"rendered":"<p>Den enkla designen av tr\u00e5dsele-remmar med utskurna underkl\u00e4der g\u00f6r att du kan visa din sexighet utan f\u00f6rbeh\u00e5ll. H\u00f6gkvalitativt elastiskt band, \u00f6ppen grendesign, justerbart elastiskt midjeband i dubbelt lager, metallringar anv\u00e4nds f\u00f6r att ansluta varje del p\u00e5 framsidan, och det nedre midjebandet \u00e4r anslutet med 8-formade knappar.<\/p>","protected":false},"featured_media":30782,"template":"","meta":[],"product_brand":[],"product_cat":[377,381,367],"product_tag":[452,446,447,504],"class_list":{"0":"post-30779","1":"product","2":"type-product","3":"status-publish","4":"has-post-thumbnail","6":"product_cat-harness-lingerie","7":"product_cat-wholesale-harness-underwear","8":"product_cat-sexy-lingerie","9":"product_tag-wholesale-boudoir-lingerie","10":"product_tag-wholesale-sexy-see-through-lingerie","11":"product_tag-wholesale-strappy-sexy-lingerie","12":"product_tag-ultra-sexy","13":"pa_color-black","14":"pa_size-free","16":"first","17":"instock","18":"taxable","19":"shipping-taxable","20":"purchasable","21":"product-type-variable"},"tiered_pricing_type":"fixed","tiered_pricing_fixed_rules":[],"tiered_pricing_product_settings":{"layout":"default","base_unit_name":{"singular":null,"plural":null},"default_variation":null},"tiered_pricing_minimum_quantity":null,"tiered_pricing_roles_data":{"default_wholesaler":{"product_id":30779,"role":"default_wholesaler","pricing_type":"flat","regular_price":null,"sale_price":null,"discount":null,"discount_type":"sale_price","tiered_pricing_type":"fixed","percentage_rules":[],"fixed_rules":{"2":"4.09","30":"3.59","500":"3.19"},"minimum":null},"dropshippinger":{"product_id":30779,"role":"dropshippinger","pricing_type":"flat","regular_price":null,"sale_price":null,"discount":null,"discount_type":"sale_price","tiered_pricing_type":"fixed","percentage_rules":[],"fixed_rules":{"1":"5.69","5":"4.69","30":"3.59"},"minimum":null}},"tiered_pricing_percentage_rules":[],"tiered_pricing_maximum_quantity":null,"tiered_pricing_quantity_step":null,"_links":{"self":[{"href":"https:\/\/gretasexylingerie.com\/sv\/wp-json\/wp\/v2\/product\/30779","targetHints":{"allow":["GET"]}}],"collection":[{"href":"https:\/\/gretasexylingerie.com\/sv\/wp-json\/wp\/v2\/product"}],"about":[{"href":"https:\/\/gretasexylingerie.com\/sv\/wp-json\/wp\/v2\/types\/product"}],"wp:featuredmedia":[{"embeddable":true,"href":"https:\/\/gretasexylingerie.com\/sv\/wp-json\/wp\/v2\/media\/30782"}],"wp:attachment":[{"href":"https:\/\/gretasexylingerie.com\/sv\/wp-json\/wp\/v2\/media?parent=30779"}],"wp:term":[{"taxonomy":"product_brand","embeddable":true,"href":"https:\/\/gretasexylingerie.com\/sv\/wp-json\/wp\/v2\/product_brand?post=30779"},{"taxonomy":"product_cat","embeddable":true,"href":"https:\/\/gretasexylingerie.com\/sv\/wp-json\/wp\/v2\/product_cat?post=30779"},{"taxonomy":"product_tag","embeddable":true,"href":"https:\/\/gretasexylingerie.com\/sv\/wp-json\/wp\/v2\/product_tag?post=30779"}],"curies":[{"name":"wp","href":"https:\/\/api.w.org\/{rel}","templated":true}]}}