{"id":30744,"date":"2023-01-25T16:45:41","date_gmt":"2023-01-25T08:45:41","guid":{"rendered":"https:\/\/gretasexylingerie.com\/?post_type=product&#038;p=30744"},"modified":"2023-09-05T20:50:21","modified_gmt":"2023-09-05T12:50:21","slug":"hoftlyft-elastiskt-strumpebandsbalte-med-spikar","status":"publish","type":"product","link":"https:\/\/gretasexylingerie.com\/sv\/products\/hip-lift-elastic-garter-belt-with-spikes\/","title":{"rendered":"H\u00f6ftlyft elastiskt strumpebandsb\u00e4lte med spikar"},"content":{"rendered":"<p>Funktioner:<\/p>\n\n\n\n<p>1. H\u00f6gt elastiskt v\u00e4vt b\u00e4lte, mjukt inre lager. \u00c4ven om det bara finns en storlek, kan den rymma m\u00e5nga kroppstyper. Det kommer inte att f\u00e5 dig att k\u00e4nna n\u00e5got obehag.<br>2. Den 3-lagers b\u00e4ltesdesignen g\u00f6r strumpebandet starkare. Metallringar anv\u00e4nds f\u00f6r att koppla ihop midjeb\u00e4ltet, vilket inte bara \u00e4r bekv\u00e4mt utan ocks\u00e5 stabilt. Varje led \u00e4r dekorerad med en nit.<br>3. Benringen \u00e4r direkt ansluten till strumpebandsb\u00e4ltet f\u00f6r att undvika pinsamma situationer.<br>4. Storleken kan justeras fritt, l\u00e4mplig f\u00f6r S-xl.<\/p>","protected":false},"excerpt":{"rendered":"<p>Sl\u00e4pp loss din sexuella natur med det elastiska strumpebandsb\u00e4ltet med spikar. Med hj\u00e4lp av h\u00f6gkvalitativa remmar, ansluter tv\u00e5 metallringar 3 b\u00e4lten, varje gr\u00e4nssnitt \u00e4r anslutet med nitar och ben\u00f6glor i ett stycke. (utan trosor)<\/p>","protected":false},"featured_media":30747,"template":"","meta":[],"product_brand":[],"product_cat":[378,377,367],"product_tag":[524,447,504],"class_list":{"0":"post-30744","1":"product","2":"type-product","3":"status-publish","4":"has-post-thumbnail","6":"product_cat-wholesale-garter-straps","7":"product_cat-harness-lingerie","8":"product_cat-sexy-lingerie","9":"product_tag-metal-lingerie","10":"product_tag-wholesale-strappy-sexy-lingerie","11":"product_tag-ultra-sexy","12":"pa_color-black","13":"pa_size-free","15":"first","16":"instock","17":"taxable","18":"shipping-taxable","19":"purchasable","20":"product-type-variable"},"tiered_pricing_type":"fixed","tiered_pricing_fixed_rules":[],"tiered_pricing_product_settings":{"layout":"default","base_unit_name":{"singular":null,"plural":null},"default_variation":null},"tiered_pricing_minimum_quantity":null,"tiered_pricing_roles_data":{"default_wholesaler":{"product_id":30744,"role":"default_wholesaler","pricing_type":"flat","regular_price":null,"sale_price":null,"discount":null,"discount_type":"sale_price","tiered_pricing_type":"fixed","percentage_rules":[],"fixed_rules":{"2":"3.19","30":"2.79","500":"2.49"},"minimum":null},"dropshippinger":{"product_id":30744,"role":"dropshippinger","pricing_type":"flat","regular_price":null,"sale_price":null,"discount":null,"discount_type":"sale_price","tiered_pricing_type":"fixed","percentage_rules":[],"fixed_rules":{"1":"4.39","5":"3.69","30":"2.79"},"minimum":null}},"tiered_pricing_percentage_rules":[],"tiered_pricing_maximum_quantity":null,"tiered_pricing_quantity_step":null,"_links":{"self":[{"href":"https:\/\/gretasexylingerie.com\/sv\/wp-json\/wp\/v2\/product\/30744","targetHints":{"allow":["GET"]}}],"collection":[{"href":"https:\/\/gretasexylingerie.com\/sv\/wp-json\/wp\/v2\/product"}],"about":[{"href":"https:\/\/gretasexylingerie.com\/sv\/wp-json\/wp\/v2\/types\/product"}],"wp:featuredmedia":[{"embeddable":true,"href":"https:\/\/gretasexylingerie.com\/sv\/wp-json\/wp\/v2\/media\/30747"}],"wp:attachment":[{"href":"https:\/\/gretasexylingerie.com\/sv\/wp-json\/wp\/v2\/media?parent=30744"}],"wp:term":[{"taxonomy":"product_brand","embeddable":true,"href":"https:\/\/gretasexylingerie.com\/sv\/wp-json\/wp\/v2\/product_brand?post=30744"},{"taxonomy":"product_cat","embeddable":true,"href":"https:\/\/gretasexylingerie.com\/sv\/wp-json\/wp\/v2\/product_cat?post=30744"},{"taxonomy":"product_tag","embeddable":true,"href":"https:\/\/gretasexylingerie.com\/sv\/wp-json\/wp\/v2\/product_tag?post=30744"}],"curies":[{"name":"wp","href":"https:\/\/api.w.org\/{rel}","templated":true}]}}