{"id":30735,"date":"2023-01-25T16:22:58","date_gmt":"2023-01-25T08:22:58","guid":{"rendered":"https:\/\/gretasexylingerie.com\/?post_type=product&#038;p=30735"},"modified":"2023-09-05T20:50:20","modified_gmt":"2023-09-05T12:50:20","slug":"svart-selar-heta-bodysuit","status":"publish","type":"product","link":"https:\/\/gretasexylingerie.com\/sv\/products\/black-harnessed-hottie-bodysuit\/","title":{"rendered":"Svart Sele Hottie Bodysuit"},"content":{"rendered":"<p>Funktioner:<\/p>\n\n\n\n<p>1. Designa en dj\u00e4rv remstil med h\u00f6gelastiska remmar och flera justerbara m\u00f6nster. \u00c4ven om det bara finns en storlek kan den passa alla kroppstyper.<br>2, 3 lager justerbara halsringar, sammankopplade med metallringar, v\u00e4ldigt sexig.<br>3. Dubbel axelremsdesign, den triangul\u00e4ra kupan kan inte bara g\u00f6ra br\u00f6stet fylligare utan ocks\u00e5 g\u00f6ra det mer stabilt.<br>4. \u00d6ppen gren underkl\u00e4der, dubbla lager justerbart midjeb\u00e4lte design; varje del kan justeras fritt och kopplas ihop med metallringar, vilket g\u00f6r dig mer bekv\u00e4m.<br>5. 4 lager justerbara elastiska benringar kopplade med metallringar.<\/p>","protected":false},"excerpt":{"rendered":"<p>Bunta ihop dig sj\u00e4lv och ge bort den till en \u00e4lskad i den dj\u00e4rva, svarta, heta bodysuiten. Anv\u00e4ndning av h\u00f6gkvalitativa elastiska band och flera justerbara m\u00f6nster kan acceptera fler figurer, 3-lagers remmar med grimma design, justerbara dubbla axelband, varje anslutning \u00e4r ansluten med en metallring, \u00f6ppna grenunderkl\u00e4der och 4 lager av elastiska ben\u00f6glor.<\/p>","protected":false},"featured_media":30739,"template":"","meta":[],"product_brand":[],"product_cat":[380,377,367],"product_tag":[448,514,451,446,449,533,447,504],"class_list":{"0":"post-30735","1":"product","2":"type-product","3":"status-publish","4":"has-post-thumbnail","6":"product_cat-wholesale-harness-bra-and-panty-set","7":"product_cat-harness-lingerie","8":"product_cat-sexy-lingerie","9":"product_tag-wholesale-elegant-sexy-lingerie","10":"product_tag-four-pcs-set","11":"product_tag-wholesale-revealing-lingerie","12":"product_tag-wholesale-sexy-see-through-lingerie","13":"product_tag-wholesale-sexy-crotchless-lingerie","14":"product_tag-sexy-cupless-lingerie","15":"product_tag-wholesale-strappy-sexy-lingerie","16":"product_tag-ultra-sexy","17":"pa_color-black","18":"pa_cup-wholesale-cupness-women-sexy-lingerie","19":"pa_size-free","21":"first","22":"instock","23":"taxable","24":"shipping-taxable","25":"purchasable","26":"product-type-variable"},"tiered_pricing_type":"fixed","tiered_pricing_fixed_rules":[],"tiered_pricing_product_settings":{"layout":"default","base_unit_name":{"singular":null,"plural":null},"default_variation":null},"tiered_pricing_minimum_quantity":null,"tiered_pricing_roles_data":{"default_wholesaler":{"product_id":30735,"role":"default_wholesaler","pricing_type":"flat","regular_price":null,"sale_price":null,"discount":null,"discount_type":"sale_price","tiered_pricing_type":"fixed","percentage_rules":[],"fixed_rules":{"2":"13.69","30":"11.99","500":"10.59"},"minimum":null},"dropshippinger":{"product_id":30735,"role":"dropshippinger","pricing_type":"flat","regular_price":null,"sale_price":null,"discount":null,"discount_type":"sale_price","tiered_pricing_type":"fixed","percentage_rules":[],"fixed_rules":{"1":"19.09","5":"15.89","30":"11.99"},"minimum":null}},"tiered_pricing_percentage_rules":[],"tiered_pricing_maximum_quantity":null,"tiered_pricing_quantity_step":null,"_links":{"self":[{"href":"https:\/\/gretasexylingerie.com\/sv\/wp-json\/wp\/v2\/product\/30735","targetHints":{"allow":["GET"]}}],"collection":[{"href":"https:\/\/gretasexylingerie.com\/sv\/wp-json\/wp\/v2\/product"}],"about":[{"href":"https:\/\/gretasexylingerie.com\/sv\/wp-json\/wp\/v2\/types\/product"}],"wp:featuredmedia":[{"embeddable":true,"href":"https:\/\/gretasexylingerie.com\/sv\/wp-json\/wp\/v2\/media\/30739"}],"wp:attachment":[{"href":"https:\/\/gretasexylingerie.com\/sv\/wp-json\/wp\/v2\/media?parent=30735"}],"wp:term":[{"taxonomy":"product_brand","embeddable":true,"href":"https:\/\/gretasexylingerie.com\/sv\/wp-json\/wp\/v2\/product_brand?post=30735"},{"taxonomy":"product_cat","embeddable":true,"href":"https:\/\/gretasexylingerie.com\/sv\/wp-json\/wp\/v2\/product_cat?post=30735"},{"taxonomy":"product_tag","embeddable":true,"href":"https:\/\/gretasexylingerie.com\/sv\/wp-json\/wp\/v2\/product_tag?post=30735"}],"curies":[{"name":"wp","href":"https:\/\/api.w.org\/{rel}","templated":true}]}}