{"id":30726,"date":"2023-01-25T16:12:44","date_gmt":"2023-01-25T08:12:44","guid":{"rendered":"https:\/\/gretasexylingerie.com\/?post_type=product&#038;p=30726"},"modified":"2023-09-05T20:50:20","modified_gmt":"2023-09-05T12:50:20","slug":"dam-svart-fjader-underklader-set","status":"publish","type":"product","link":"https:\/\/gretasexylingerie.com\/sv\/products\/ladies-feather-black-strappy-lingerie-set\/","title":{"rendered":"Dam Feather Black Strappy Underkl\u00e4der Set"},"content":{"rendered":"<p>Funktioner:<\/p>\n\n\n\n<p>1. H\u00f6gkvalitativt elastiskt band. Baksidan \u00e4r gjord av ren bomull, vilket g\u00f6r din kropp mer bekv\u00e4m utan n\u00e5got obehag.<br>2. Halter Neck BH g\u00f6r b\u00e4randet mer fast. Tre korta fl\u00e4tade remmar kan g\u00f6ra br\u00f6stet mer fylligt och stabilt. Och det finns 3 metallnitar i mitten av br\u00f6stet.<br>3. Axelremmarna p\u00e5 BH:n och trosorna \u00e4r dekorerade med svarta fj\u00e4drar, vilket g\u00f6r dig till sexets dj\u00e4vul. H\u00f6gkvalitativa fj\u00e4drar som inte faller av eller skadas l\u00e4tt.<br>4. \u00d6ppna grenunderkl\u00e4der och justerbar h\u00f6g elastisk midjeband som rymmer fler typer av kroppar.<\/p>","protected":false},"excerpt":{"rendered":"<p>Ladies Feather Black Strappy Damunderkl\u00e4der Set \u00e4r som en demon som stigit ner i v\u00e4rlden, g\u00e5 och er\u00f6vra den viktigaste personen i ditt liv. H\u00f6gelastiskt v\u00e4vt b\u00e4lte anv\u00e4nds som huvudmaterial. Den \u00f6ppna kistan \u00e4r dekorerad med 3 metallnitar, och sidorna p\u00e5 kroppen \u00e4r dekorerade med svarta fj\u00e4drar. Baksidan \u00e4r justerbar med sp\u00e4nnen, trosor i grenstil och b\u00e4ltet \u00e4r justerbart.<\/p>","protected":false},"featured_media":30731,"template":"","meta":[],"product_brand":[],"product_cat":[380,377,367],"product_tag":[448,451,446,533,447,504],"class_list":{"0":"post-30726","1":"product","2":"type-product","3":"status-publish","4":"has-post-thumbnail","6":"product_cat-wholesale-harness-bra-and-panty-set","7":"product_cat-harness-lingerie","8":"product_cat-sexy-lingerie","9":"product_tag-wholesale-elegant-sexy-lingerie","10":"product_tag-wholesale-revealing-lingerie","11":"product_tag-wholesale-sexy-see-through-lingerie","12":"product_tag-sexy-cupless-lingerie","13":"product_tag-wholesale-strappy-sexy-lingerie","14":"product_tag-ultra-sexy","15":"pa_color-black","16":"pa_cup-wholesale-cupness-women-sexy-lingerie","17":"pa_size-free","19":"first","20":"instock","21":"taxable","22":"shipping-taxable","23":"purchasable","24":"product-type-variable"},"tiered_pricing_type":"fixed","tiered_pricing_fixed_rules":[],"tiered_pricing_product_settings":{"layout":"default","base_unit_name":{"singular":null,"plural":null},"default_variation":null},"tiered_pricing_minimum_quantity":null,"tiered_pricing_roles_data":{"default_wholesaler":{"product_id":30726,"role":"default_wholesaler","pricing_type":"flat","regular_price":null,"sale_price":null,"discount":null,"discount_type":"sale_price","tiered_pricing_type":"fixed","percentage_rules":[],"fixed_rules":{"2":"12.49","30":"10.99","500":"9.79"},"minimum":null},"dropshippinger":{"product_id":30726,"role":"dropshippinger","pricing_type":"flat","regular_price":null,"sale_price":null,"discount":null,"discount_type":"sale_price","tiered_pricing_type":"fixed","percentage_rules":[],"fixed_rules":{"1":"17.49","5":"14.59","30":"10.99"},"minimum":null}},"tiered_pricing_percentage_rules":[],"tiered_pricing_maximum_quantity":null,"tiered_pricing_quantity_step":null,"_links":{"self":[{"href":"https:\/\/gretasexylingerie.com\/sv\/wp-json\/wp\/v2\/product\/30726","targetHints":{"allow":["GET"]}}],"collection":[{"href":"https:\/\/gretasexylingerie.com\/sv\/wp-json\/wp\/v2\/product"}],"about":[{"href":"https:\/\/gretasexylingerie.com\/sv\/wp-json\/wp\/v2\/types\/product"}],"wp:featuredmedia":[{"embeddable":true,"href":"https:\/\/gretasexylingerie.com\/sv\/wp-json\/wp\/v2\/media\/30731"}],"wp:attachment":[{"href":"https:\/\/gretasexylingerie.com\/sv\/wp-json\/wp\/v2\/media?parent=30726"}],"wp:term":[{"taxonomy":"product_brand","embeddable":true,"href":"https:\/\/gretasexylingerie.com\/sv\/wp-json\/wp\/v2\/product_brand?post=30726"},{"taxonomy":"product_cat","embeddable":true,"href":"https:\/\/gretasexylingerie.com\/sv\/wp-json\/wp\/v2\/product_cat?post=30726"},{"taxonomy":"product_tag","embeddable":true,"href":"https:\/\/gretasexylingerie.com\/sv\/wp-json\/wp\/v2\/product_tag?post=30726"}],"curies":[{"name":"wp","href":"https:\/\/api.w.org\/{rel}","templated":true}]}}