{"id":30674,"date":"2023-01-25T12:31:07","date_gmt":"2023-01-25T04:31:07","guid":{"rendered":"https:\/\/gretasexylingerie.com\/?post_type=product&#038;p=30674"},"modified":"2023-12-09T21:34:59","modified_gmt":"2023-12-09T13:34:59","slug":"rem-perspektiv-sele-mesh-chemise","status":"publish","type":"product","link":"https:\/\/gretasexylingerie.com\/sv\/products\/strap-perspective-sling-mesh-chemise\/","title":{"rendered":"grossist Strap Perspective Sling Mesh Chemise"},"content":{"rendered":"<p>Funktioner:<\/p>\n\n\n\n<p>1. Det h\u00f6gelastiska genomskinliga n\u00e4tet kan h\u00e5lla tillbaka din kropp mycket v\u00e4l, och h\u00f6ftlindningsdesignen kommer inte att begr\u00e4nsa din r\u00f6relse.<br>2. Justerbara breda axelremmar, uppf\u00e4llbar design, g\u00f6r br\u00f6stet mer fylligt.<br>3. Linjerna gjorda av flera breda band g\u00f6r din kropp vackrare visuellt. Det finns tv\u00e5 remmar f\u00f6rl\u00e4ngda.<\/p>\n\n\n\n<figure class=\"wp-block-table is-style-stripes\"><table><tbody><tr><td colspan=\"4\">Webbplatsdiagram (CM)<\/td><\/tr><tr><td>Storlek<\/td><td>Under byst<\/td><td>Midja<\/td><td>L\u00e4ngd<\/td><\/tr><tr><td>S<\/td><td>64-90<\/td><td>64-84<\/td><td>72<\/td><\/tr><tr><td>M<\/td><td>68-94<\/td><td>68-88<\/td><td>74<\/td><\/tr><tr><td>L<\/td><td>72-98<\/td><td>72-92<\/td><td>76<\/td><\/tr><tr><td colspan=\"4\">Webbplatsdiagram (INCH)<\/td><\/tr><tr><td>Storlek<\/td><td>Under byst<\/td><td>Midja<\/td><td>Midja<\/td><\/tr><tr><td>S<\/td><td>25.6-36<\/td><td>25.6-36<\/td><td>28.8<\/td><\/tr><tr><td>M<\/td><td>27.2-37.6<\/td><td>27.2-37.6<\/td><td>29.6<\/td><\/tr><tr><td>L<\/td><td>28.8-39.2<\/td><td>28.8-39.2<\/td><td>30.4<\/td><\/tr><tr><td colspan=\"4\">Notera: 1. Det kanske 1-2 cm avvikelse i olika storlekar, placeringar och tyger. Storlekstabell \u00e4r endast f\u00f6r referens, det kan vara lite skillnad med vad du f\u00e5r. 2.Det finns 3 typer av elasticitet: h\u00f6g elasticitet (tv\u00e5sidigt str\u00e4ckt), medium elasticitet (ensidigt str\u00e4ckt) och icke-elastiskt (kan inte str\u00e4ckas). 3. F\u00e4rgen kan vara ljusare eller m\u00f6rkare p\u00e5 grund av olika PC-sk\u00e4rmar. 4.Tv\u00e4tta den f\u00f6r hand i 30 graders vatten, h\u00e4ng p\u00e5 tork i skuggan, f\u00f6rbjud blekning. 5. Det kanske \u00e4r lite skillnad p\u00e5 detaljer och m\u00f6nster.<\/td><\/tr><\/tbody><\/table><\/figure>","protected":false},"excerpt":{"rendered":"<p>L\u00e5t The Strap Perspective Sling Mesh Chemise kasta en inslag av mystik \u00f6ver din kropp. Anv\u00e4ndningen av h\u00f6gelastiskt finn\u00e4t kan g\u00f6ra din kropp slankare, och den justerbara breda axelremsdesignen kan g\u00f6ra din kropp mer sexig genom skildringen av flera breda remmar.<\/p>\n<p>https:\/\/youtu.be\/UeoPEjfx1fU<\/p>","protected":false},"featured_media":30679,"template":"","meta":[],"product_brand":[],"product_cat":[394,422,367],"product_tag":[518,973,446,447],"class_list":{"0":"post-30674","1":"product","2":"type-product","3":"status-publish","4":"has-post-thumbnail","6":"product_cat-wholesale-mesh-chemise","7":"product_cat-sexy-chemise","8":"product_cat-sexy-lingerie","9":"product_tag-mesh-lingerie","10":"product_tag-oem","11":"product_tag-wholesale-sexy-see-through-lingerie","12":"product_tag-wholesale-strappy-sexy-lingerie","13":"pa_color-black","14":"pa_cup-wholesale-half-cup-women-sexy-lingerie","15":"pa_size-wholesale-large-size-women-sexy-lingerie","16":"pa_size-wholesale-medium-size-women-sexy-lingerie","17":"pa_size-wholesale-small-size-sexy-lingerie","19":"first","20":"outofstock","21":"taxable","22":"shipping-taxable","23":"purchasable","24":"product-type-variable"},"tiered_pricing_type":"fixed","tiered_pricing_fixed_rules":[],"tiered_pricing_product_settings":{"layout":"default","base_unit_name":{"singular":null,"plural":null},"default_variation":{}},"tiered_pricing_minimum_quantity":null,"tiered_pricing_roles_data":{"default_wholesaler":{"product_id":30674,"role":"default_wholesaler","pricing_type":"flat","regular_price":null,"sale_price":null,"discount":null,"discount_type":"sale_price","tiered_pricing_type":"fixed","percentage_rules":[],"fixed_rules":{"2":"9.69","30":"8.29","500":"7.29"},"minimum":null},"dropshippinger":{"product_id":30674,"role":"dropshippinger","pricing_type":"flat","regular_price":null,"sale_price":null,"discount":null,"discount_type":"sale_price","tiered_pricing_type":"fixed","percentage_rules":[],"fixed_rules":{"1":"11.59","5":"9.69","30":"8.29"},"minimum":null}},"tiered_pricing_percentage_rules":[],"tiered_pricing_maximum_quantity":null,"tiered_pricing_quantity_step":null,"_links":{"self":[{"href":"https:\/\/gretasexylingerie.com\/sv\/wp-json\/wp\/v2\/product\/30674","targetHints":{"allow":["GET"]}}],"collection":[{"href":"https:\/\/gretasexylingerie.com\/sv\/wp-json\/wp\/v2\/product"}],"about":[{"href":"https:\/\/gretasexylingerie.com\/sv\/wp-json\/wp\/v2\/types\/product"}],"wp:featuredmedia":[{"embeddable":true,"href":"https:\/\/gretasexylingerie.com\/sv\/wp-json\/wp\/v2\/media\/30679"}],"wp:attachment":[{"href":"https:\/\/gretasexylingerie.com\/sv\/wp-json\/wp\/v2\/media?parent=30674"}],"wp:term":[{"taxonomy":"product_brand","embeddable":true,"href":"https:\/\/gretasexylingerie.com\/sv\/wp-json\/wp\/v2\/product_brand?post=30674"},{"taxonomy":"product_cat","embeddable":true,"href":"https:\/\/gretasexylingerie.com\/sv\/wp-json\/wp\/v2\/product_cat?post=30674"},{"taxonomy":"product_tag","embeddable":true,"href":"https:\/\/gretasexylingerie.com\/sv\/wp-json\/wp\/v2\/product_tag?post=30674"}],"curies":[{"name":"wp","href":"https:\/\/api.w.org\/{rel}","templated":true}]}}