{"id":30618,"date":"2023-01-24T20:43:50","date_gmt":"2023-01-24T12:43:50","guid":{"rendered":"https:\/\/gretasexylingerie.com\/?post_type=product&#038;p=30618"},"modified":"2023-09-05T20:50:15","modified_gmt":"2023-09-05T12:50:15","slug":"skir-mesh-lang-arm-lang-chemise","status":"publish","type":"product","link":"https:\/\/gretasexylingerie.com\/sv\/products\/sheer-mesh-long-sleeve-long-chemise\/","title":{"rendered":"Sheer Mesh Long Sleeve Long Chemise"},"content":{"rendered":"<p>Funktioner:<\/p>\n\n\n\n<p>1. Det anv\u00e4nds h\u00f6gkvalitativa blomspetsar, som har h\u00f6g elasticitet och som kan anpassas v\u00e4l till olika br\u00f6st.<br>2. Kjolen som best\u00e5r av finmaskigt och veckad design ger en k\u00e4nsla av mystik till din kropp.<br>3. Djup V-ringning och justerbara remmar p\u00e5 br\u00f6stet, du kan enkelt kontrollera din br\u00f6stkorg och l\u00e5ta dig anv\u00e4nda den enklare.<\/p>\n\n\n\n<figure class=\"wp-block-table is-style-stripes\"><table><tbody><tr><td colspan=\"4\">Webbplatsdiagram (CM)<\/td><\/tr><tr><td>Storlek<\/td><td>Under byst<\/td><td>L\u00e4ngd<\/td><td>Midja<\/td><\/tr><tr><td>S<\/td><td>78<\/td><td>130<\/td><td>65<\/td><\/tr><tr><td>M<\/td><td>80<\/td><td>132<\/td><td>70<\/td><\/tr><tr><td>L<\/td><td>82<\/td><td>134<\/td><td>75<\/td><\/tr><tr><td>XL<\/td><td>84<\/td><td>136<\/td><td>80<\/td><\/tr><tr><td colspan=\"4\">Webbplatsdiagram (INCH)<\/td><\/tr><tr><td>Storlek<\/td><td>Under byst<\/td><td>Kopph\u00f6jd<\/td><td>Midja<\/td><\/tr><tr><td>S<\/td><td>31.2<\/td><td>52<\/td><td>26<\/td><\/tr><tr><td>M<\/td><td>32<\/td><td>52.8<\/td><td>28<\/td><\/tr><tr><td>L<\/td><td>32.8<\/td><td>53.6<\/td><td>30<\/td><\/tr><tr><td>XL<\/td><td>33.6<\/td><td>54.4<\/td><td>32<\/td><\/tr><tr><td colspan=\"4\">Notera: 1. Det kanske 1-2 cm avvikelse i olika storlekar, placeringar och tyger. Storlekstabell \u00e4r endast f\u00f6r referens, det kan vara lite skillnad med vad du f\u00e5r. 2.Det finns 3 typer av elasticitet: h\u00f6g elasticitet (tv\u00e5sidigt str\u00e4ckt), medium elasticitet (ensidigt str\u00e4ckt) och icke-elastiskt (kan inte str\u00e4ckas). 3. F\u00e4rgen kan vara ljusare eller m\u00f6rkare p\u00e5 grund av olika PC-sk\u00e4rmar. 4.Tv\u00e4tta den f\u00f6r hand i 30 graders vatten, h\u00e4ng p\u00e5 tork i skuggan, f\u00f6rbjud blekning. 5. Det kanske \u00e4r lite skillnad p\u00e5 detaljer och m\u00f6nster.<\/td><\/tr><\/tbody><\/table><\/figure>","protected":false},"excerpt":{"rendered":"<p>Sheer Mesh L\u00e5ng\u00e4rmad L\u00e5ng Chemise P\u00e5 s\u00e4ngen, kasta dig i armarna p\u00e5 din \u00e4lskare. Br\u00f6stet och l\u00e5nga \u00e4rmar \u00e4r dekorerade med genomskinlig blommig spets, kjolen \u00e4r gjord av fint n\u00e4t, den djupa V-ringningen \u00e4r designad och den justerbara slipsen anv\u00e4nds p\u00e5 br\u00f6stdelen, som kan justeras efter behov.<\/p>","protected":false},"featured_media":30623,"template":"","meta":[],"product_brand":[],"product_cat":[393,394,422,367],"product_tag":[452,518,446,504],"class_list":{"0":"post-30618","1":"product","2":"type-product","3":"status-publish","4":"has-post-thumbnail","6":"product_cat-wholesale-long-chemise","7":"product_cat-wholesale-mesh-chemise","8":"product_cat-sexy-chemise","9":"product_cat-sexy-lingerie","10":"product_tag-wholesale-boudoir-lingerie","11":"product_tag-mesh-lingerie","12":"product_tag-wholesale-sexy-see-through-lingerie","13":"product_tag-ultra-sexy","14":"pa_color-black","15":"pa_color-light-blue-women-sexy-lingerie","16":"pa_color-white","17":"pa_cup-full-cup","18":"pa_size-wholesale-large-size-women-sexy-lingerie","19":"pa_size-wholesale-medium-size-women-sexy-lingerie","20":"pa_size-wholesale-small-size-sexy-lingerie","21":"pa_size-wholesale-extra-large-sexy-lingerie","23":"first","24":"instock","25":"taxable","26":"shipping-taxable","27":"purchasable","28":"product-type-variable"},"tiered_pricing_type":"fixed","tiered_pricing_fixed_rules":[],"tiered_pricing_product_settings":{"layout":"default","base_unit_name":{"singular":null,"plural":null},"default_variation":null},"tiered_pricing_minimum_quantity":null,"tiered_pricing_roles_data":{"default_wholesaler":{"product_id":30618,"role":"default_wholesaler","pricing_type":"flat","regular_price":null,"sale_price":null,"discount":null,"discount_type":"sale_price","tiered_pricing_type":"fixed","percentage_rules":[],"fixed_rules":{"2":"6.79","30":"5.89","500":"5.09"},"minimum":null},"dropshippinger":{"product_id":30618,"role":"dropshippinger","pricing_type":"flat","regular_price":null,"sale_price":null,"discount":null,"discount_type":"sale_price","tiered_pricing_type":"fixed","percentage_rules":[],"fixed_rules":{"1":"8.19","5":"6.79","30":"5.89"},"minimum":null}},"tiered_pricing_percentage_rules":[],"tiered_pricing_maximum_quantity":null,"tiered_pricing_quantity_step":null,"_links":{"self":[{"href":"https:\/\/gretasexylingerie.com\/sv\/wp-json\/wp\/v2\/product\/30618","targetHints":{"allow":["GET"]}}],"collection":[{"href":"https:\/\/gretasexylingerie.com\/sv\/wp-json\/wp\/v2\/product"}],"about":[{"href":"https:\/\/gretasexylingerie.com\/sv\/wp-json\/wp\/v2\/types\/product"}],"wp:featuredmedia":[{"embeddable":true,"href":"https:\/\/gretasexylingerie.com\/sv\/wp-json\/wp\/v2\/media\/30623"}],"wp:attachment":[{"href":"https:\/\/gretasexylingerie.com\/sv\/wp-json\/wp\/v2\/media?parent=30618"}],"wp:term":[{"taxonomy":"product_brand","embeddable":true,"href":"https:\/\/gretasexylingerie.com\/sv\/wp-json\/wp\/v2\/product_brand?post=30618"},{"taxonomy":"product_cat","embeddable":true,"href":"https:\/\/gretasexylingerie.com\/sv\/wp-json\/wp\/v2\/product_cat?post=30618"},{"taxonomy":"product_tag","embeddable":true,"href":"https:\/\/gretasexylingerie.com\/sv\/wp-json\/wp\/v2\/product_tag?post=30618"}],"curies":[{"name":"wp","href":"https:\/\/api.w.org\/{rel}","templated":true}]}}