{"id":30336,"date":"2023-01-23T21:14:11","date_gmt":"2023-01-23T13:14:11","guid":{"rendered":"https:\/\/gretasexylingerie.com\/?post_type=product&#038;p=30336"},"modified":"2023-09-05T20:50:05","modified_gmt":"2023-09-05T12:50:05","slug":"brostkors-spets-babydoll","status":"publish","type":"product","link":"https:\/\/gretasexylingerie.com\/sv\/products\/chest-cross-lace-babydoll\/","title":{"rendered":"Br\u00f6stkors spets Babydoll"},"content":{"rendered":"<p>Funktioner:<\/p>\n\n\n\n<p>1. Den har h\u00f6gkvalitativ blomspetsdesign, och den designade blommiga strukturen g\u00f6r din kropp vackrare och full av charm. Det finns spets\u00f6gonfransar runt kroppen som dekoration.<br>2. Br\u00f6stkorsdesign, justerbara tunna axelband och komplett kors p\u00e5 ryggen.<br>3. Matchande spetstrosor, ih\u00e5liga blommor och ih\u00e5liga m\u00f6nster kommer att g\u00f6ra din hemliga tr\u00e4dg\u00e5rd vackrare.<\/p>\n\n\n\n<figure class=\"wp-block-table is-style-stripes\"><table><tbody><tr><td colspan=\"4\">Webbplatsdiagram (CM)<\/td><\/tr><tr><td>Storlek<\/td><td>Under byst<\/td><td>Midja<\/td><td>L\u00e4ngd<\/td><\/tr><tr><td>S<\/td><td>88<\/td><td>68<\/td><td>68<\/td><\/tr><tr><td>M<\/td><td>92<\/td><td>72<\/td><td>69<\/td><\/tr><tr><td>L<\/td><td>96<\/td><td>76<\/td><td>70<\/td><\/tr><tr><td>XL<\/td><td>100<\/td><td>80<\/td><td>71<\/td><\/tr><tr><td>XXL<\/td><td>105<\/td><td>84<\/td><td>72<\/td><\/tr><tr><td colspan=\"4\">Webbplatsdiagram (INCH)<\/td><\/tr><tr><td>Storlek<\/td><td>Under byst<\/td><td>Midja<\/td><td>Midja<\/td><\/tr><tr><td>S<\/td><td>35.2<\/td><td>27.2<\/td><td>27.2<\/td><\/tr><tr><td>M<\/td><td>36.8<\/td><td>28.8<\/td><td>27.6<\/td><\/tr><tr><td>L<\/td><td>38.4<\/td><td>30.4<\/td><td>28<\/td><\/tr><tr><td>XL<\/td><td>40<\/td><td>32<\/td><td>28.4<\/td><\/tr><tr><td>XXL<\/td><td>42<\/td><td>33.6<\/td><td>28.8<\/td><\/tr><tr><td colspan=\"4\">Notera: 1. Det kanske 1-2 cm avvikelse i olika storlekar, placeringar och tyger. Storlekstabell \u00e4r endast f\u00f6r referens, det kan vara lite skillnad med vad du f\u00e5r. 2.Det finns 3 typer av elasticitet: h\u00f6g elasticitet (tv\u00e5sidigt str\u00e4ckt), medium elasticitet (ensidigt str\u00e4ckt) och icke-elastiskt (kan inte str\u00e4ckas). 3. F\u00e4rgen kan vara ljusare eller m\u00f6rkare p\u00e5 grund av olika PC-sk\u00e4rmar. 4.Tv\u00e4tta den f\u00f6r hand i 30 graders vatten, h\u00e4ng p\u00e5 tork i skuggan, f\u00f6rbjud blekning. 5. Det kanske \u00e4r lite skillnad p\u00e5 detaljer och m\u00f6nster.<\/td><\/tr><\/tbody><\/table><\/figure>","protected":false},"excerpt":{"rendered":"<p>En perfekt kv\u00e4ll i s\u00e4llskap av Chest Cross Lace Babydoll. Tillverkad av h\u00f6gkvalitativ utskuren spets, bladstruktur, kors p\u00e5 br\u00f6stet, justerbara korsband, spets\u00f6gonfranskant p\u00e5 bysten, matchande spetstrosa.<\/p>","protected":false},"featured_media":30338,"template":"","meta":[],"product_brand":[],"product_cat":[384,382,367],"product_tag":[448,516,451,446,504],"class_list":{"0":"post-30336","1":"product","2":"type-product","3":"status-publish","4":"has-post-thumbnail","6":"product_cat-wholesale-lace-babydoll","7":"product_cat-sexy-babydoll","8":"product_cat-sexy-lingerie","9":"product_tag-wholesale-elegant-sexy-lingerie","10":"product_tag-lace-lingerie","11":"product_tag-wholesale-revealing-lingerie","12":"product_tag-wholesale-sexy-see-through-lingerie","13":"product_tag-ultra-sexy","14":"pa_color-black","15":"pa_color-fire-brick-women-sexy-lingerie","16":"pa_color-purple-women-sexy-lingerie","17":"pa_color-red-women-sexy-lingerie","18":"pa_color-steel-blue-women-sexy-lingerie","19":"pa_cup-full-cup","20":"pa_size-wholesale-large-size-women-sexy-lingerie","21":"pa_size-wholesale-medium-size-women-sexy-lingerie","22":"pa_size-wholesale-small-size-sexy-lingerie","23":"pa_size-wholesale-extra-large-sexy-lingerie","24":"pa_size-extra-extra-large-sexy-lingerie","26":"first","27":"instock","28":"taxable","29":"shipping-taxable","30":"purchasable","31":"product-type-variable"},"tiered_pricing_type":"fixed","tiered_pricing_fixed_rules":[],"tiered_pricing_product_settings":{"layout":"default","base_unit_name":{"singular":null,"plural":null},"default_variation":null},"tiered_pricing_minimum_quantity":null,"tiered_pricing_roles_data":{"default_wholesaler":{"product_id":30336,"role":"default_wholesaler","pricing_type":"flat","regular_price":null,"sale_price":null,"discount":null,"discount_type":"sale_price","tiered_pricing_type":"fixed","percentage_rules":[],"fixed_rules":{"2":"6.79","30":"5.89","500":"5.09"},"minimum":null},"dropshippinger":{"product_id":30336,"role":"dropshippinger","pricing_type":"flat","regular_price":null,"sale_price":null,"discount":null,"discount_type":"sale_price","tiered_pricing_type":"fixed","percentage_rules":[],"fixed_rules":{"1":"8.19","5":"6.79","30":"5.89"},"minimum":null}},"tiered_pricing_percentage_rules":[],"tiered_pricing_maximum_quantity":null,"tiered_pricing_quantity_step":null,"_links":{"self":[{"href":"https:\/\/gretasexylingerie.com\/sv\/wp-json\/wp\/v2\/product\/30336","targetHints":{"allow":["GET"]}}],"collection":[{"href":"https:\/\/gretasexylingerie.com\/sv\/wp-json\/wp\/v2\/product"}],"about":[{"href":"https:\/\/gretasexylingerie.com\/sv\/wp-json\/wp\/v2\/types\/product"}],"wp:featuredmedia":[{"embeddable":true,"href":"https:\/\/gretasexylingerie.com\/sv\/wp-json\/wp\/v2\/media\/30338"}],"wp:attachment":[{"href":"https:\/\/gretasexylingerie.com\/sv\/wp-json\/wp\/v2\/media?parent=30336"}],"wp:term":[{"taxonomy":"product_brand","embeddable":true,"href":"https:\/\/gretasexylingerie.com\/sv\/wp-json\/wp\/v2\/product_brand?post=30336"},{"taxonomy":"product_cat","embeddable":true,"href":"https:\/\/gretasexylingerie.com\/sv\/wp-json\/wp\/v2\/product_cat?post=30336"},{"taxonomy":"product_tag","embeddable":true,"href":"https:\/\/gretasexylingerie.com\/sv\/wp-json\/wp\/v2\/product_tag?post=30336"}],"curies":[{"name":"wp","href":"https:\/\/api.w.org\/{rel}","templated":true}]}}