{"id":30197,"date":"2023-01-23T20:05:16","date_gmt":"2023-01-23T12:05:16","guid":{"rendered":"https:\/\/gretasexylingerie.com\/?post_type=product&#038;p=30197"},"modified":"2023-11-14T20:48:40","modified_gmt":"2023-11-14T12:48:40","slug":"djup-v-sling-mesh-spets-babydoll-set","status":"publish","type":"product","link":"https:\/\/gretasexylingerie.com\/sv\/products\/deep-v-sling-mesh-lace-babydoll-set\/","title":{"rendered":"Deep V Sling Mesh Spets Babydoll Set"},"content":{"rendered":"<p>Funktioner:<\/p>\n\n\n\n<p>1. Det mjuka transparenta meshtyget \u00e4r inte bara sexigt utan ocks\u00e5 mer l\u00e4mpat f\u00f6r s\u00f6mn.<br>2. Den ih\u00e5liga spetsdesignen p\u00e5 br\u00f6stet ger mer inneh\u00e5ll till dina viktiga delar.<br>3. Justerbara tunna axelremmar, vilket g\u00f6r att du kan ha en b\u00e4ttre b\u00e4rupplevelse.<\/p>\n\n\n\n<figure class=\"wp-block-table is-style-stripes\"><table><tbody><tr><td colspan=\"4\">Webbplatsdiagram (CM)<\/td><\/tr><tr><td>Storlek<\/td><td>Under byst<\/td><td>Midja<\/td><td>L\u00e4ngd<\/td><\/tr><tr><td>S<\/td><td>72-100<\/td><td>68<\/td><td>73<\/td><\/tr><tr><td>M<\/td><td>76-104<\/td><td>72<\/td><td>75<\/td><\/tr><tr><td>L<\/td><td>80-108<\/td><td>76<\/td><td>77<\/td><\/tr><tr><td>XL<\/td><td>84-112<\/td><td>80<\/td><td>79<\/td><\/tr><tr><td>XXL<\/td><td>88-116<\/td><td>84<\/td><td>81<\/td><\/tr><tr><td colspan=\"4\">Webbplatsdiagram (INCH)<\/td><\/tr><tr><td>Storlek<\/td><td>Under byst<\/td><td>Midja<\/td><td>Midja<\/td><\/tr><tr><td>S<\/td><td>28.8-40<\/td><td>27.2<\/td><td>29.2<\/td><\/tr><tr><td>M<\/td><td>30.4-41.6<\/td><td>28.8<\/td><td>30<\/td><\/tr><tr><td>L<\/td><td>32-43.2<\/td><td>30.4<\/td><td>30.8<\/td><\/tr><tr><td>XL<\/td><td>33.6-44.8<\/td><td>32<\/td><td>31.6<\/td><\/tr><tr><td>XXL<\/td><td>35.2-46.4<\/td><td>33.6<\/td><td>32.4<\/td><\/tr><tr><td colspan=\"4\">Notera: 1. Det kanske 1-2 cm avvikelse i olika storlekar, placeringar och tyger. Storlekstabell \u00e4r endast f\u00f6r referens, det kan vara lite skillnad med vad du f\u00e5r. 2.Det finns 3 typer av elasticitet: h\u00f6g elasticitet (tv\u00e5sidigt str\u00e4ckt), medium elasticitet (ensidigt str\u00e4ckt) och icke-elastiskt (kan inte str\u00e4ckas). 3. F\u00e4rgen kan vara ljusare eller m\u00f6rkare p\u00e5 grund av olika PC-sk\u00e4rmar. 4.Tv\u00e4tta den f\u00f6r hand i 30 graders vatten, h\u00e4ng p\u00e5 tork i skuggan, f\u00f6rbjud blekning. 5. Det kanske \u00e4r lite skillnad p\u00e5 detaljer och m\u00f6nster.<\/td><\/tr><\/tbody><\/table><\/figure>","protected":false},"excerpt":{"rendered":"<p>Visa upp din glamor\u00f6sa figur med Sling Mesh Babydoll Set, Mjukt, skirt Fint Mesh-tyg, h\u00f6gkvalitativt utskuren spets, justerbara spaghettiband, matchande stringtrosa.<br \/>\n<iframe width=\"840\" height=\"473\" src=\"https:\/\/www.youtube.com\/embed\/kCPYAbkB8cw\" title=\"Deep V Sling Mesh Spets Babydoll Set\" frameborder=\"0\" allow=\"accelerometer; autoplay; clipboard-write; encrypted-media; gyroscope; picture-in-picture; web-share\" allowfullscreen><\/iframe><\/p>","protected":false},"featured_media":30199,"template":"","meta":[],"product_brand":[],"product_cat":[367,384,385,382],"product_tag":[512,521,516,518,446,504],"class_list":{"0":"post-30197","1":"product","2":"type-product","3":"status-publish","4":"has-post-thumbnail","6":"product_cat-sexy-lingerie","7":"product_cat-wholesale-lace-babydoll","8":"product_cat-wholesale-mesh-babydoll","9":"product_cat-sexy-babydoll","10":"product_tag-bow-lingerie","11":"product_tag-deep-v-lingerie","12":"product_tag-lace-lingerie","13":"product_tag-mesh-lingerie","14":"product_tag-wholesale-sexy-see-through-lingerie","15":"product_tag-ultra-sexy","16":"pa_color-black","17":"pa_color-hot-pink-women-sexy-lingerie","18":"pa_color-pink-women-sexy-lingerie","19":"pa_color-red-women-sexy-lingerie","20":"pa_color-sea-green-women-sexy-lingerie","21":"pa_cup-wholesale-half-cup-women-sexy-lingerie","22":"pa_size-wholesale-large-size-women-sexy-lingerie","23":"pa_size-wholesale-medium-size-women-sexy-lingerie","24":"pa_size-wholesale-small-size-sexy-lingerie","25":"pa_size-wholesale-extra-large-sexy-lingerie","26":"pa_size-extra-extra-large-sexy-lingerie","28":"first","29":"instock","30":"taxable","31":"shipping-taxable","32":"purchasable","33":"product-type-variable"},"tiered_pricing_type":"fixed","tiered_pricing_fixed_rules":[],"tiered_pricing_product_settings":{"layout":"default","base_unit_name":{"singular":null,"plural":null},"default_variation":null},"tiered_pricing_minimum_quantity":null,"tiered_pricing_roles_data":{"default_wholesaler":{"product_id":30197,"role":"default_wholesaler","pricing_type":"flat","regular_price":null,"sale_price":null,"discount":null,"discount_type":"sale_price","tiered_pricing_type":"fixed","percentage_rules":[],"fixed_rules":{"2":"7.09","30":"6.09","500":"5.29"},"minimum":null},"dropshippinger":{"product_id":30197,"role":"dropshippinger","pricing_type":"flat","regular_price":null,"sale_price":null,"discount":null,"discount_type":"sale_price","tiered_pricing_type":"fixed","percentage_rules":[],"fixed_rules":{"1":"8.49","5":"7.09","20":"6.09"},"minimum":null}},"tiered_pricing_percentage_rules":[],"tiered_pricing_maximum_quantity":null,"tiered_pricing_quantity_step":null,"_links":{"self":[{"href":"https:\/\/gretasexylingerie.com\/sv\/wp-json\/wp\/v2\/product\/30197","targetHints":{"allow":["GET"]}}],"collection":[{"href":"https:\/\/gretasexylingerie.com\/sv\/wp-json\/wp\/v2\/product"}],"about":[{"href":"https:\/\/gretasexylingerie.com\/sv\/wp-json\/wp\/v2\/types\/product"}],"wp:featuredmedia":[{"embeddable":true,"href":"https:\/\/gretasexylingerie.com\/sv\/wp-json\/wp\/v2\/media\/30199"}],"wp:attachment":[{"href":"https:\/\/gretasexylingerie.com\/sv\/wp-json\/wp\/v2\/media?parent=30197"}],"wp:term":[{"taxonomy":"product_brand","embeddable":true,"href":"https:\/\/gretasexylingerie.com\/sv\/wp-json\/wp\/v2\/product_brand?post=30197"},{"taxonomy":"product_cat","embeddable":true,"href":"https:\/\/gretasexylingerie.com\/sv\/wp-json\/wp\/v2\/product_cat?post=30197"},{"taxonomy":"product_tag","embeddable":true,"href":"https:\/\/gretasexylingerie.com\/sv\/wp-json\/wp\/v2\/product_tag?post=30197"}],"curies":[{"name":"wp","href":"https:\/\/api.w.org\/{rel}","templated":true}]}}