{"id":30182,"date":"2023-01-22T11:23:11","date_gmt":"2023-01-22T03:23:11","guid":{"rendered":"https:\/\/gretasexylingerie.com\/?post_type=product&#038;p=30182"},"modified":"2023-12-09T21:25:36","modified_gmt":"2023-12-09T13:25:36","slug":"svart-spets-sexig-babydoll","status":"publish","type":"product","link":"https:\/\/gretasexylingerie.com\/sv\/products\/black-lace-sexy-babydoll\/","title":{"rendered":"Grossist svart spets Sexig Babydoll"},"content":{"rendered":"<p>Farh\u00e5gor:<\/p>\n\n\n\n<p>1. H\u00f6gkvalitativa ih\u00e5liga svarta sidenspetstyger dekorerar de viktigaste platserna.<br>2. Mjukt svart satintyg f\u00f6r extra komfort.<br>3. Design i ett stycke, bekv\u00e4mare att ta p\u00e5 och av.<\/p>\n\n\n\n<figure class=\"wp-block-table is-style-stripes\"><table><tbody><tr><td colspan=\"4\">Webbplatsdiagram (CM)<\/td><\/tr><tr><td>Storlek<\/td><td>Under byst<\/td><td>L\u00e4ngd<\/td><td>Midja<\/td><\/tr><tr><td>S<\/td><td>74-96<\/td><td>59<\/td><td>64-96<\/td><\/tr><tr><td>M<\/td><td>78-100<\/td><td>61<\/td><td>68-100<\/td><\/tr><tr><td>L<\/td><td>82-104<\/td><td>62<\/td><td>72-104<\/td><\/tr><tr><td colspan=\"4\">Webbplatsdiagram (INCH)<\/td><\/tr><tr><td>Storlek<\/td><td>Under byst<\/td><td>Kopph\u00f6jd<\/td><td>Midja<\/td><\/tr><tr><td>S<\/td><td>29.6-38.4<\/td><td>23.6<\/td><td>25.6-38.4<\/td><\/tr><tr><td>M<\/td><td>31.2-40<\/td><td>24.4<\/td><td>27.2-40<\/td><\/tr><tr><td>L<\/td><td>32.8-41.6<\/td><td>24.8<\/td><td>28.8-441.6<\/td><\/tr><tr><td colspan=\"4\">Notera: 1. Det kanske 1-2 cm avvikelse i olika storlekar, placeringar och tyger. Storlekstabell \u00e4r endast f\u00f6r referens, det kan vara lite skillnad med vad du f\u00e5r. 2.Det finns 3 typer av elasticitet: h\u00f6g elasticitet (tv\u00e5sidigt str\u00e4ckt), medium elasticitet (ensidigt str\u00e4ckt) och icke-elastiskt (kan inte str\u00e4ckas). 3. F\u00e4rgen kan vara ljusare eller m\u00f6rkare p\u00e5 grund av olika PC-sk\u00e4rmar. 4.Tv\u00e4tta den f\u00f6r hand i 30 graders vatten, h\u00e4ng p\u00e5 tork i skuggan, f\u00f6rbjud blekning. 5. Det kanske \u00e4r lite skillnad p\u00e5 detaljer och m\u00f6nster.<\/td><\/tr><\/tbody><\/table><\/figure>","protected":false},"excerpt":{"rendered":"<p>G\u00f6r ditt nattliv \u00e4nnu mer sp\u00e4nnande med Black Lace Sexy Babydoll. Anv\u00e4nder genomskuren spets, mjukt svart tyg, justerbara spaghettiband, elastiskt midjeband.<\/p>","protected":false},"featured_media":30186,"template":"","meta":[],"product_brand":[],"product_cat":[384,382,367],"product_tag":[448,518,973,451],"class_list":{"0":"post-30182","1":"product","2":"type-product","3":"status-publish","4":"has-post-thumbnail","6":"product_cat-wholesale-lace-babydoll","7":"product_cat-sexy-babydoll","8":"product_cat-sexy-lingerie","9":"product_tag-wholesale-elegant-sexy-lingerie","10":"product_tag-mesh-lingerie","11":"product_tag-oem","12":"product_tag-wholesale-revealing-lingerie","13":"pa_color-black","14":"pa_cup-full-cup","15":"pa_size-wholesale-large-size-women-sexy-lingerie","16":"pa_size-wholesale-medium-size-women-sexy-lingerie","17":"pa_size-wholesale-small-size-sexy-lingerie","19":"first","20":"outofstock","21":"taxable","22":"shipping-taxable","23":"purchasable","24":"product-type-variable"},"tiered_pricing_type":"fixed","tiered_pricing_fixed_rules":[],"tiered_pricing_product_settings":{"layout":"default","base_unit_name":{"singular":null,"plural":null},"default_variation":{}},"tiered_pricing_minimum_quantity":null,"tiered_pricing_roles_data":{"default_wholesaler":{"product_id":30182,"role":"default_wholesaler","pricing_type":"flat","regular_price":null,"sale_price":null,"discount":null,"discount_type":"sale_price","tiered_pricing_type":"fixed","percentage_rules":[],"fixed_rules":{"2":"5.29","30":"4.49","500":"3.99"},"minimum":null},"dropshippinger":{"product_id":30182,"role":"dropshippinger","pricing_type":"flat","regular_price":null,"sale_price":null,"discount":null,"discount_type":"sale_price","tiered_pricing_type":"fixed","percentage_rules":[],"fixed_rules":{"1":"6.29","5":"5.29","20":"4.49"},"minimum":null}},"tiered_pricing_percentage_rules":[],"tiered_pricing_maximum_quantity":null,"tiered_pricing_quantity_step":null,"_links":{"self":[{"href":"https:\/\/gretasexylingerie.com\/sv\/wp-json\/wp\/v2\/product\/30182","targetHints":{"allow":["GET"]}}],"collection":[{"href":"https:\/\/gretasexylingerie.com\/sv\/wp-json\/wp\/v2\/product"}],"about":[{"href":"https:\/\/gretasexylingerie.com\/sv\/wp-json\/wp\/v2\/types\/product"}],"wp:featuredmedia":[{"embeddable":true,"href":"https:\/\/gretasexylingerie.com\/sv\/wp-json\/wp\/v2\/media\/30186"}],"wp:attachment":[{"href":"https:\/\/gretasexylingerie.com\/sv\/wp-json\/wp\/v2\/media?parent=30182"}],"wp:term":[{"taxonomy":"product_brand","embeddable":true,"href":"https:\/\/gretasexylingerie.com\/sv\/wp-json\/wp\/v2\/product_brand?post=30182"},{"taxonomy":"product_cat","embeddable":true,"href":"https:\/\/gretasexylingerie.com\/sv\/wp-json\/wp\/v2\/product_cat?post=30182"},{"taxonomy":"product_tag","embeddable":true,"href":"https:\/\/gretasexylingerie.com\/sv\/wp-json\/wp\/v2\/product_tag?post=30182"}],"curies":[{"name":"wp","href":"https:\/\/api.w.org\/{rel}","templated":true}]}}