{"id":30162,"date":"2023-01-21T15:19:11","date_gmt":"2023-01-21T07:19:11","guid":{"rendered":"https:\/\/gretasexylingerie.com\/?post_type=product&#038;p=30162"},"modified":"2024-04-04T15:52:57","modified_gmt":"2024-04-04T07:52:57","slug":"sexig-utskuren-kroppsskulpterande-teddydrakt-med-remmar","status":"publish","type":"product","link":"https:\/\/gretasexylingerie.com\/sv\/products\/sexy-cutout-body-sculpting-strappy-teddy-suit\/","title":{"rendered":"Sexig utsk\u00e4rning Body Sculpting Strappy Teddy Suit"},"content":{"rendered":"<p>Funktioner:<\/p>\n\n\n\n<p>1. Med hj\u00e4lp av h\u00f6g elastisk rem, genom uts\u00f6kt design, omsluter den din kropp t\u00e4tt.<br>2. Ih\u00e5lig design, remmar i dubbla lager anv\u00e4nds f\u00f6r att t\u00e4cka br\u00f6stv\u00e5rtorna. Full Cup Design g\u00f6r dig mer fyllig. Justerbara axelremmar och en Snap-on-design g\u00f6r det l\u00e4ttare att ta p\u00e5 och av.<br>3. \u00d6ppna trosorna, de hemliga delarna \u00e4r inte t\u00e4ckta, och det finns tv\u00e5 strapy st\u00f6d bakom skinkorna, vilket g\u00f6r det mer sexigt.<\/p>\n\n\n\n<p>1. Alla v\u00e5ra produkter har tillr\u00e4ckligt med lager, v\u00e4lkommen att best\u00e4lla n\u00e4r som helst. Vi kommer att bekr\u00e4fta best\u00e4llningen inom 24 timmar efter att du lagt best\u00e4llningen.<\/p>\n\n\n\n<p>2. Det finns inget MOQ-krav f\u00f6r alla v\u00e5ra lagerprodukter, och vi st\u00f6der blandad grossist. Efter att du har valt en komplett SKU kommer systemet automatiskt att visa priserna som motsvarar olika kvantiteter.<\/p>\n\n\n\n<p>3. Efter att ha bekr\u00e4ftat best\u00e4llningen slutf\u00f6r vi vanligtvis leveransen inom 2-3 arbetsdagar (f\u00f6rutom helgdagar eller andra s\u00e4rskilda sk\u00e4l), du kan hitta din best\u00e4llning och sp\u00e5ra dem i <a href=\"https:\/\/gretasexylingerie.com\/sv\/kontakta-oss\/\"><span class=\"s1\">Mitt konto<\/span><\/a>&nbsp;sida.<\/p>\n\n\n\n<p>4. V\u00e5r standardleveransmetod \u00e4r med flyg, huvudsakligen via Fedex, TNT, EMS, UPS, DHL eller andra logistiktj\u00e4nsteleverant\u00f6rer, beror huvudsakligen p\u00e5 din best\u00e4llning och adress. Om du beh\u00f6ver en mer ekonomisk fraktmetod eller har n\u00e5gra fr\u00e5gor om fraktkostnader \u00e4r du v\u00e4lkommen att g\u00f6ra det <a href=\"https:\/\/gretasexylingerie.com\/sv\/mitt-konto\/\"><span class=\"s1\">kontakta oss<\/span><\/a>.<\/p>\n\n\n\n<p>5. Vi betalar inte importskatt f\u00f6r din best\u00e4llning som standard. Du m\u00e5ste slutf\u00f6ra betalningen enligt kraven i ditt land n\u00e4r tullen kontaktar dig. Men om du beh\u00f6ver, v\u00e4nligen notera i best\u00e4llningen, kan vi debitera dig extra.<\/p>\n\n\n\n<p>6. V\u00e5ra best\u00e4llningar st\u00f6djer returer, bes\u00f6k v\u00e5r <a href=\"https:\/\/gretasexylingerie.com\/sv\/returpolicy\/\"><span class=\"s1\">\u00c5terbetalningspolicy<\/span><\/a>&nbsp;f\u00f6r mer information.<\/p>\n\n\n\n<p>7. Om du beh\u00f6ver veta mer vanliga fr\u00e5gor, v\u00e4nligen bes\u00f6k <a href=\"https:\/\/gretasexylingerie.com\/sv\/kundhjalp\/\"><span class=\"s1\">Kundhj\u00e4lp<\/span><\/a>.<\/p>","protected":false},"excerpt":{"rendered":"<p>V\u00e4lj den sexiga utsk\u00e4rningen Body Sculpting Strappyteddy-kostymen f\u00f6r den ultimata Happy Hour. Har en h\u00f6gt\u00f6jbar rem, en utskuren helkupa p\u00e5 br\u00f6stet, justerbara axelremmar, ett avtagbart br\u00f6stsp\u00e4nne och ett \u00f6ppet gren.<\/p>","protected":false},"featured_media":30170,"template":"","meta":[],"product_brand":[],"product_cat":[398,379,377,367,395],"product_tag":[448,973,451,446,449,447,504],"class_list":{"0":"post-30162","1":"product","2":"type-product","3":"status-publish","4":"has-post-thumbnail","6":"product_cat-wholesale-strappy-teddy","7":"product_cat-wholesale-harness-bodysuit","8":"product_cat-harness-lingerie","9":"product_cat-sexy-lingerie","10":"product_cat-sexy-teddy-suit","11":"product_tag-wholesale-elegant-sexy-lingerie","12":"product_tag-oem","13":"product_tag-wholesale-revealing-lingerie","14":"product_tag-wholesale-sexy-see-through-lingerie","15":"product_tag-wholesale-sexy-crotchless-lingerie","16":"product_tag-wholesale-strappy-sexy-lingerie","17":"product_tag-ultra-sexy","18":"pa_color-black","19":"pa_color-blue-women-sexy-lingerie","20":"pa_color-red-women-sexy-lingerie","21":"pa_cup-full-cup","22":"pa_size-wholesale-large-size-women-sexy-lingerie","23":"pa_size-wholesale-medium-size-women-sexy-lingerie","24":"pa_size-wholesale-small-size-sexy-lingerie","26":"first","27":"instock","28":"taxable","29":"shipping-taxable","30":"purchasable","31":"product-type-variable"},"tiered_pricing_type":"fixed","tiered_pricing_fixed_rules":[],"tiered_pricing_product_settings":{"layout":"table","base_unit_name":{"singular":null,"plural":null},"default_variation":null},"tiered_pricing_minimum_quantity":null,"tiered_pricing_roles_data":[],"tiered_pricing_percentage_rules":[],"tiered_pricing_maximum_quantity":null,"tiered_pricing_quantity_step":null,"_links":{"self":[{"href":"https:\/\/gretasexylingerie.com\/sv\/wp-json\/wp\/v2\/product\/30162","targetHints":{"allow":["GET"]}}],"collection":[{"href":"https:\/\/gretasexylingerie.com\/sv\/wp-json\/wp\/v2\/product"}],"about":[{"href":"https:\/\/gretasexylingerie.com\/sv\/wp-json\/wp\/v2\/types\/product"}],"wp:featuredmedia":[{"embeddable":true,"href":"https:\/\/gretasexylingerie.com\/sv\/wp-json\/wp\/v2\/media\/30170"}],"wp:attachment":[{"href":"https:\/\/gretasexylingerie.com\/sv\/wp-json\/wp\/v2\/media?parent=30162"}],"wp:term":[{"taxonomy":"product_brand","embeddable":true,"href":"https:\/\/gretasexylingerie.com\/sv\/wp-json\/wp\/v2\/product_brand?post=30162"},{"taxonomy":"product_cat","embeddable":true,"href":"https:\/\/gretasexylingerie.com\/sv\/wp-json\/wp\/v2\/product_cat?post=30162"},{"taxonomy":"product_tag","embeddable":true,"href":"https:\/\/gretasexylingerie.com\/sv\/wp-json\/wp\/v2\/product_tag?post=30162"}],"curies":[{"name":"wp","href":"https:\/\/api.w.org\/{rel}","templated":true}]}}