{"id":30052,"date":"2023-01-21T14:01:03","date_gmt":"2023-01-21T06:01:03","guid":{"rendered":"https:\/\/gretasexylingerie.com\/?post_type=product&#038;p=30052"},"modified":"2023-09-05T20:49:54","modified_gmt":"2023-09-05T12:49:54","slug":"mesh-krage-sexig-teddy","status":"publish","type":"product","link":"https:\/\/gretasexylingerie.com\/sv\/products\/mesh-collar-sexy-teddy\/","title":{"rendered":"N\u00e4tkrage Sexig Teddy"},"content":{"rendered":"<p>Funktioner:<\/p>\n\n\n\n<p>1. Blommorspets av h\u00f6g kvalitet, ih\u00e5lig design, \u00f6ka kroppens mysterium och kontrasterande f\u00e4rgm\u00f6nster f\u00f6r att dekorera viktiga delar.<br>2. Spetsh\u00e4ngande halsdesign, tv\u00e5 par tunna v\u00e4vda b\u00e4lten f\u00f6r att fixera br\u00f6stet, bekv\u00e4mare att b\u00e4ra och g\u00f6ra dig mer fyllig.<br>3. Det finns ett justerbart tunt b\u00e4lte i midjan, och ett v\u00e4vt b\u00e4lte p\u00e5 framsidan kan styra midjan efter behag.<\/p>\n\n\n\n<figure class=\"wp-block-table is-style-stripes\"><table><tbody><tr><td colspan=\"4\">Webbplatsdiagram (CM)<\/td><\/tr><tr><td>Storlek<\/td><td>Under byst<\/td><td>Midja<\/td><td>L\u00e4ngd<\/td><\/tr><tr><td>S<\/td><td>68<\/td><td>55<\/td><td>57<\/td><\/tr><tr><td>M<\/td><td>72<\/td><td>60<\/td><td>58<\/td><\/tr><tr><td>L<\/td><td>76<\/td><td>65<\/td><td>59<\/td><\/tr><tr><td>XL<\/td><td>80<\/td><td>70<\/td><td>60<\/td><\/tr><tr><td>XXL<\/td><td>84<\/td><td>75<\/td><td>61<\/td><\/tr><tr><td colspan=\"4\">Webbplatsdiagram (INCH)<\/td><\/tr><tr><td>Storlek<\/td><td>Under byst<\/td><td>Midja<\/td><td>Midja<\/td><\/tr><tr><td>S<\/td><td>27.2<\/td><td>22<\/td><td>22.8<\/td><\/tr><tr><td>M<\/td><td>28.8<\/td><td>24<\/td><td>23.2<\/td><\/tr><tr><td>L<\/td><td>30.4<\/td><td>26<\/td><td>23.6<\/td><\/tr><tr><td>XL<\/td><td>32<\/td><td>28<\/td><td>24<\/td><\/tr><tr><td>XXL<\/td><td>33.6<\/td><td>30<\/td><td>24.4<\/td><\/tr><tr><td colspan=\"4\">Notera: 1. Det kanske 1-2 cm avvikelse i olika storlekar, placeringar och tyger. Storlekstabell \u00e4r endast f\u00f6r referens, det kan vara lite skillnad med vad du f\u00e5r. 2.Det finns 3 typer av elasticitet: h\u00f6g elasticitet (tv\u00e5sidigt str\u00e4ckt), medium elasticitet (ensidigt str\u00e4ckt) och icke-elastiskt (kan inte str\u00e4ckas). 3. F\u00e4rgen kan vara ljusare eller m\u00f6rkare p\u00e5 grund av olika PC-sk\u00e4rmar. 4.Tv\u00e4tta den f\u00f6r hand i 30 graders vatten, h\u00e4ng p\u00e5 tork i skuggan, f\u00f6rbjud blekning. 5. Det kanske \u00e4r lite skillnad p\u00e5 detaljer och m\u00f6nster.<\/td><\/tr><\/tbody><\/table><\/figure>","protected":false},"excerpt":{"rendered":"<p>L\u00e5t Mesh Collar Sexig Teddy hj\u00e4lpa dig att sl\u00e4ppa loss din sexigaste gl\u00f6d. Tillverkad av genombruten blomspets, broderade blommor i kontrasterande f\u00e4rger p\u00e5 nyckelpunkter, spetshalterneckdesign, 2 par tunna fl\u00e4tade remmar f\u00f6r att f\u00e4sta br\u00f6stet och justerbart b\u00e4lte i midjan.<\/p>","protected":false},"featured_media":30062,"template":"","meta":[],"product_brand":[],"product_cat":[397,370,396,371,367,395],"product_tag":[448,454,516,451,446],"class_list":{"0":"post-30052","1":"product","2":"type-product","3":"status-publish","4":"has-post-thumbnail","6":"product_cat-wholesale-sexy-lace-teddy","7":"product_cat-bodysuit","8":"product_cat-wholesale-see-through-teddy","9":"product_cat-wholesale-sexy-lace-bodysuit","10":"product_cat-sexy-lingerie","11":"product_cat-sexy-teddy-suit","12":"product_tag-wholesale-elegant-sexy-lingerie","13":"product_tag-wholesale-sexy-embroidered-lingerie","14":"product_tag-lace-lingerie","15":"product_tag-wholesale-revealing-lingerie","16":"product_tag-wholesale-sexy-see-through-lingerie","17":"pa_color-blue-women-sexy-lingerie","18":"pa_color-fire-brick-women-sexy-lingerie","19":"pa_color-green","20":"pa_cup-wholesale-half-cup-women-sexy-lingerie","21":"pa_size-wholesale-large-size-women-sexy-lingerie","22":"pa_size-wholesale-medium-size-women-sexy-lingerie","23":"pa_size-wholesale-small-size-sexy-lingerie","24":"pa_size-wholesale-extra-large-sexy-lingerie","25":"pa_size-extra-extra-large-sexy-lingerie","27":"first","28":"instock","29":"taxable","30":"shipping-taxable","31":"purchasable","32":"product-type-variable"},"tiered_pricing_type":"fixed","tiered_pricing_fixed_rules":[],"tiered_pricing_product_settings":{"layout":"default","base_unit_name":{"singular":null,"plural":null},"default_variation":null},"tiered_pricing_minimum_quantity":null,"tiered_pricing_roles_data":{"default_wholesaler":{"product_id":30052,"role":"default_wholesaler","pricing_type":"flat","regular_price":null,"sale_price":null,"discount":null,"discount_type":"sale_price","tiered_pricing_type":"fixed","percentage_rules":[],"fixed_rules":{"2":"7.59","30":"6.49","500":"5.69"},"minimum":null},"dropshippinger":{"product_id":30052,"role":"dropshippinger","pricing_type":"flat","regular_price":null,"sale_price":null,"discount":null,"discount_type":"sale_price","tiered_pricing_type":"fixed","percentage_rules":[],"fixed_rules":{"1":"9.09","5":"7.59","20":"6.49"},"minimum":null}},"tiered_pricing_percentage_rules":[],"tiered_pricing_maximum_quantity":null,"tiered_pricing_quantity_step":null,"_links":{"self":[{"href":"https:\/\/gretasexylingerie.com\/sv\/wp-json\/wp\/v2\/product\/30052","targetHints":{"allow":["GET"]}}],"collection":[{"href":"https:\/\/gretasexylingerie.com\/sv\/wp-json\/wp\/v2\/product"}],"about":[{"href":"https:\/\/gretasexylingerie.com\/sv\/wp-json\/wp\/v2\/types\/product"}],"wp:featuredmedia":[{"embeddable":true,"href":"https:\/\/gretasexylingerie.com\/sv\/wp-json\/wp\/v2\/media\/30062"}],"wp:attachment":[{"href":"https:\/\/gretasexylingerie.com\/sv\/wp-json\/wp\/v2\/media?parent=30052"}],"wp:term":[{"taxonomy":"product_brand","embeddable":true,"href":"https:\/\/gretasexylingerie.com\/sv\/wp-json\/wp\/v2\/product_brand?post=30052"},{"taxonomy":"product_cat","embeddable":true,"href":"https:\/\/gretasexylingerie.com\/sv\/wp-json\/wp\/v2\/product_cat?post=30052"},{"taxonomy":"product_tag","embeddable":true,"href":"https:\/\/gretasexylingerie.com\/sv\/wp-json\/wp\/v2\/product_tag?post=30052"}],"curies":[{"name":"wp","href":"https:\/\/api.w.org\/{rel}","templated":true}]}}