{"id":30005,"date":"2023-01-21T13:40:32","date_gmt":"2023-01-21T05:40:32","guid":{"rendered":"https:\/\/gretasexylingerie.com\/?post_type=product&#038;p=30005"},"modified":"2024-04-04T17:05:34","modified_gmt":"2024-04-04T09:05:34","slug":"flerfargade-spetsblommiga-skira-sexiga-nallar","status":"publish","type":"product","link":"https:\/\/gretasexylingerie.com\/sv\/products\/multicolor-lace-floral-sheer-sexy-teddies\/","title":{"rendered":"Flerf\u00e4rgad spetsblommiga skira sexiga nallar"},"content":{"rendered":"<p>Funktioner:<\/p>\n\n\n\n<p>1. H\u00f6gkvalitativ blomspets, n\u00e4tstruktur, med mycket bra elasticitet.<br>2. Justerbar tunn axelrem h\u00e4ngande halsdesign, mer stabil och bekv\u00e4m.<br>3. \u00d6ppen ryggdesign med tv\u00e5 justerbara tunna v\u00e4vda b\u00e4lten i midjan.<\/p>\n\n\n\n<figure class=\"wp-block-table is-style-stripes\"><table><tbody><tr><td colspan=\"4\">Webbplatsdiagram (CM)<\/td><\/tr><tr><td>Storlek<\/td><td>Under byst<\/td><td>Midja<\/td><td>L\u00e4ngd<\/td><\/tr><tr><td>S<\/td><td>74<\/td><td>62<\/td><td>74<\/td><\/tr><tr><td>M<\/td><td>78<\/td><td>66<\/td><td>75<\/td><\/tr><tr><td>L<\/td><td>82<\/td><td>70<\/td><td>76<\/td><\/tr><tr><td colspan=\"4\">Webbplatsdiagram (INCH)<\/td><\/tr><tr><td>Storlek<\/td><td>Under byst<\/td><td>Midja<\/td><td>Midja<\/td><\/tr><tr><td>S<\/td><td>29.6<\/td><td>24.8<\/td><td>29.6<\/td><\/tr><tr><td>M<\/td><td>31.2<\/td><td>26.4<\/td><td>30<\/td><\/tr><tr><td>L<\/td><td>32.8<\/td><td>28<\/td><td>30.4<\/td><\/tr><tr><td colspan=\"4\">Notera: 1. Det kanske 1-2 cm avvikelse i olika storlekar, placeringar och tyger. Storlekstabell \u00e4r endast f\u00f6r referens, det kan vara lite skillnad med vad du f\u00e5r. 2.Det finns 3 typer av elasticitet: h\u00f6g elasticitet (tv\u00e5sidigt str\u00e4ckt), medium elasticitet (ensidigt str\u00e4ckt) och icke-elastiskt (kan inte str\u00e4ckas). 3. F\u00e4rgen kan vara ljusare eller m\u00f6rkare p\u00e5 grund av olika PC-sk\u00e4rmar. 4.Tv\u00e4tta den f\u00f6r hand i 30 graders vatten, h\u00e4ng p\u00e5 tork i skuggan, f\u00f6rbjud blekning. 5. Det kanske \u00e4r lite skillnad p\u00e5 detaljer och m\u00f6nster.<\/td><\/tr><\/tbody><\/table><\/figure>","protected":false},"excerpt":{"rendered":"<p>L\u00e5t flerf\u00e4rgade spetsblommiga skira sexiga nallar pryda din sexiga kropp. Har mjuk utskuren blomspets, halterneckstil, justerbara spaghettiband, \u00f6ppen rygg och justerbar v\u00e4v i midjan.<\/p>","protected":false},"featured_media":30014,"template":"","meta":[],"product_brand":[],"product_cat":[397,370,371,367,395],"product_tag":[452,448,516],"class_list":{"0":"post-30005","1":"product","2":"type-product","3":"status-publish","4":"has-post-thumbnail","6":"product_cat-wholesale-sexy-lace-teddy","7":"product_cat-bodysuit","8":"product_cat-wholesale-sexy-lace-bodysuit","9":"product_cat-sexy-lingerie","10":"product_cat-sexy-teddy-suit","11":"product_tag-wholesale-boudoir-lingerie","12":"product_tag-wholesale-elegant-sexy-lingerie","13":"product_tag-lace-lingerie","14":"pa_color-black","15":"pa_color-green-yellow-women-sexy-lingerie","16":"pa_color-hot-pink-women-sexy-lingerie","17":"pa_color-light-pink-women-sexy-lingerie","18":"pa_color-red-women-sexy-lingerie","19":"pa_color-salmon-women-sexy-lingerie","20":"pa_color-white","21":"pa_cup-full-cup","22":"pa_size-wholesale-large-size-women-sexy-lingerie","23":"pa_size-wholesale-medium-size-women-sexy-lingerie","24":"pa_size-wholesale-small-size-sexy-lingerie","26":"first","27":"instock","28":"taxable","29":"shipping-taxable","30":"purchasable","31":"product-type-variable"},"tiered_pricing_type":"fixed","tiered_pricing_fixed_rules":[],"tiered_pricing_product_settings":{"layout":"table","base_unit_name":{"singular":null,"plural":null},"default_variation":null},"tiered_pricing_minimum_quantity":null,"tiered_pricing_roles_data":{"default_wholesaler":{"product_id":30005,"role":"default_wholesaler","pricing_type":"flat","regular_price":null,"sale_price":null,"discount":null,"discount_type":"sale_price","tiered_pricing_type":"fixed","percentage_rules":[],"fixed_rules":{"2":"5.99","30":"5.19","500":"4.49"},"minimum":null},"dropshippinger":{"product_id":30005,"role":"dropshippinger","pricing_type":"flat","regular_price":null,"sale_price":null,"discount":null,"discount_type":"sale_price","tiered_pricing_type":"fixed","percentage_rules":[],"fixed_rules":{"1":"7.19","5":"5.99","20":"5.19"},"minimum":null}},"tiered_pricing_percentage_rules":[],"tiered_pricing_maximum_quantity":null,"tiered_pricing_quantity_step":null,"_links":{"self":[{"href":"https:\/\/gretasexylingerie.com\/sv\/wp-json\/wp\/v2\/product\/30005","targetHints":{"allow":["GET"]}}],"collection":[{"href":"https:\/\/gretasexylingerie.com\/sv\/wp-json\/wp\/v2\/product"}],"about":[{"href":"https:\/\/gretasexylingerie.com\/sv\/wp-json\/wp\/v2\/types\/product"}],"wp:featuredmedia":[{"embeddable":true,"href":"https:\/\/gretasexylingerie.com\/sv\/wp-json\/wp\/v2\/media\/30014"}],"wp:attachment":[{"href":"https:\/\/gretasexylingerie.com\/sv\/wp-json\/wp\/v2\/media?parent=30005"}],"wp:term":[{"taxonomy":"product_brand","embeddable":true,"href":"https:\/\/gretasexylingerie.com\/sv\/wp-json\/wp\/v2\/product_brand?post=30005"},{"taxonomy":"product_cat","embeddable":true,"href":"https:\/\/gretasexylingerie.com\/sv\/wp-json\/wp\/v2\/product_cat?post=30005"},{"taxonomy":"product_tag","embeddable":true,"href":"https:\/\/gretasexylingerie.com\/sv\/wp-json\/wp\/v2\/product_tag?post=30005"}],"curies":[{"name":"wp","href":"https:\/\/api.w.org\/{rel}","templated":true}]}}