{"id":29946,"date":"2023-01-20T20:34:07","date_gmt":"2023-01-20T12:34:07","guid":{"rendered":"https:\/\/gretasexylingerie.com\/?post_type=product&#038;p=29946"},"modified":"2023-12-09T21:22:15","modified_gmt":"2023-12-09T13:22:15","slug":"sot-sexig-spets-teddyunderklader-set","status":"publish","type":"product","link":"https:\/\/gretasexylingerie.com\/sv\/products\/cute-sexy-lace-teddy-lingerie-set\/","title":{"rendered":"Grossist S\u00f6t Sexig Spets Teddy Underkl\u00e4der Set"},"content":{"rendered":"<p>Funktioner:<\/p>\n\n\n\n<p>1. Ih\u00e5ligt spetstyg f\u00f6r att dekorera de viktigaste platserna.<br>2. Mjukt och h\u00f6gelastiskt n\u00e4ttyg, som \u00e4r bekv\u00e4mare samtidigt som det modifierar kroppen.<br>3. Ringdesignen med volanger och metall, f\u00f6rst\u00e4rk din s\u00f6thet och sexighet.<\/p>\n\n\n\n<figure class=\"wp-block-table is-style-stripes\"><table><tbody><tr><td colspan=\"4\">Webbplatsdiagram (CM)<\/td><\/tr><tr><td>Storlek<\/td><td>Under byst<\/td><td>L\u00e4ngd<\/td><td>Midja<\/td><\/tr><tr><td>S<\/td><td>64-74<\/td><td>24<\/td><td>60<\/td><\/tr><tr><td>M<\/td><td>68-78<\/td><td>25<\/td><td>64<\/td><\/tr><tr><td>L<\/td><td>72-82<\/td><td>26<\/td><td>68<\/td><\/tr><tr><td colspan=\"4\">Webbplatsdiagram (INCH)<\/td><\/tr><tr><td>Storlek<\/td><td>Under byst<\/td><td>Kopph\u00f6jd<\/td><td>Midja<\/td><\/tr><tr><td>S<\/td><td>25.6-29.6<\/td><td>9.6<\/td><td>24<\/td><\/tr><tr><td>M<\/td><td>27.2-31.2<\/td><td>10<\/td><td>25.6<\/td><\/tr><tr><td>L<\/td><td>28.8-32.8<\/td><td>10.4<\/td><td>27.2<\/td><\/tr><tr><td colspan=\"4\">Notera: 1. Det kanske 1-2 cm avvikelse i olika storlekar, placeringar och tyger. Storlekstabell \u00e4r endast f\u00f6r referens, det kan vara lite skillnad med vad du f\u00e5r. 2.Det finns 3 typer av elasticitet: h\u00f6g elasticitet (tv\u00e5sidigt str\u00e4ckt), medium elasticitet (ensidigt str\u00e4ckt) och icke-elastiskt (kan inte str\u00e4ckas). 3. F\u00e4rgen kan vara ljusare eller m\u00f6rkare p\u00e5 grund av olika PC-sk\u00e4rmar. 4.Tv\u00e4tta den f\u00f6r hand i 30 graders vatten, h\u00e4ng p\u00e5 tork i skuggan, f\u00f6rbjud blekning. 5. Det kanske \u00e4r lite skillnad p\u00e5 detaljer och m\u00f6nster.<\/td><\/tr><\/tbody><\/table><\/figure>","protected":false},"excerpt":{"rendered":"<p>B\u00e4r det s\u00f6ta sexiga spets-teddyunderkl\u00e4dersetet och f\u00e5 extra k\u00e4rlek fr\u00e5n varandra. Tillverkad av h\u00f6gstretch spetstyg, tillg\u00e4nglig i 3 f\u00e4rger, volang, ben\u00f6glor medf\u00f6ljer, design med halv kupa, metallring p\u00e5 magen.<\/p>\n<p>https:\/\/youtu.be\/6_rnm49BGa8<\/p>","protected":false},"featured_media":29960,"template":"","meta":[],"product_brand":[],"product_cat":[397,396,367,395],"product_tag":[452,516,518,446],"class_list":{"0":"post-29946","1":"product","2":"type-product","3":"status-publish","4":"has-post-thumbnail","6":"product_cat-wholesale-sexy-lace-teddy","7":"product_cat-wholesale-see-through-teddy","8":"product_cat-sexy-lingerie","9":"product_cat-sexy-teddy-suit","10":"product_tag-wholesale-boudoir-lingerie","11":"product_tag-lace-lingerie","12":"product_tag-mesh-lingerie","13":"product_tag-wholesale-sexy-see-through-lingerie","14":"pa_color-black","15":"pa_color-blue-women-sexy-lingerie","16":"pa_color-pink-women-sexy-lingerie","17":"pa_cup-wholesale-half-cup-women-sexy-lingerie","18":"pa_size-wholesale-large-size-women-sexy-lingerie","19":"pa_size-wholesale-medium-size-women-sexy-lingerie","20":"pa_size-wholesale-small-size-sexy-lingerie","22":"first","23":"instock","24":"taxable","25":"shipping-taxable","26":"purchasable","27":"product-type-variable"},"tiered_pricing_type":"fixed","tiered_pricing_fixed_rules":[],"tiered_pricing_product_settings":{"layout":"default","base_unit_name":{"singular":null,"plural":null},"default_variation":{}},"tiered_pricing_minimum_quantity":null,"tiered_pricing_roles_data":{"default_wholesaler":{"product_id":29946,"role":"default_wholesaler","pricing_type":"flat","regular_price":null,"sale_price":null,"discount":null,"discount_type":"sale_price","tiered_pricing_type":"fixed","percentage_rules":[],"fixed_rules":{"2":"9.39","30":"8.09","500":"7.09"},"minimum":null},"dropshippinger":{"product_id":29946,"role":"dropshippinger","pricing_type":"flat","regular_price":null,"sale_price":null,"discount":null,"discount_type":"sale_price","tiered_pricing_type":"fixed","percentage_rules":[],"fixed_rules":{"1":"11.29","5":"9.39","20":"8.09"},"minimum":null}},"tiered_pricing_percentage_rules":[],"tiered_pricing_maximum_quantity":null,"tiered_pricing_quantity_step":null,"_links":{"self":[{"href":"https:\/\/gretasexylingerie.com\/sv\/wp-json\/wp\/v2\/product\/29946","targetHints":{"allow":["GET"]}}],"collection":[{"href":"https:\/\/gretasexylingerie.com\/sv\/wp-json\/wp\/v2\/product"}],"about":[{"href":"https:\/\/gretasexylingerie.com\/sv\/wp-json\/wp\/v2\/types\/product"}],"wp:featuredmedia":[{"embeddable":true,"href":"https:\/\/gretasexylingerie.com\/sv\/wp-json\/wp\/v2\/media\/29960"}],"wp:attachment":[{"href":"https:\/\/gretasexylingerie.com\/sv\/wp-json\/wp\/v2\/media?parent=29946"}],"wp:term":[{"taxonomy":"product_brand","embeddable":true,"href":"https:\/\/gretasexylingerie.com\/sv\/wp-json\/wp\/v2\/product_brand?post=29946"},{"taxonomy":"product_cat","embeddable":true,"href":"https:\/\/gretasexylingerie.com\/sv\/wp-json\/wp\/v2\/product_cat?post=29946"},{"taxonomy":"product_tag","embeddable":true,"href":"https:\/\/gretasexylingerie.com\/sv\/wp-json\/wp\/v2\/product_tag?post=29946"}],"curies":[{"name":"wp","href":"https:\/\/api.w.org\/{rel}","templated":true}]}}