{"id":29890,"date":"2023-01-20T17:42:52","date_gmt":"2023-01-20T09:42:52","guid":{"rendered":"https:\/\/gretasexylingerie.com\/?post_type=product&#038;p=29890"},"modified":"2024-01-17T22:03:59","modified_gmt":"2024-01-17T14:03:59","slug":"broderi-push-up-bh-mesh-bustier","status":"publish","type":"product","link":"https:\/\/gretasexylingerie.com\/sv\/products\/embroidery-push-up-bra-mesh-bustier\/","title":{"rendered":"Broderi Push Up BH Mesh Bustier"},"content":{"rendered":"<p>Funktioner:<\/p>\n\n\n\n<p>1. Anv\u00e4nd blomspets och finmaskigt tyg. Blommig spets p\u00e5 br\u00f6stet, fint n\u00e4t p\u00e5 utsidan och tunna, kors och tv\u00e4rs justerbara axelremmar.<br>2. Buken \u00e4r en design med \u00f6ppen br\u00f6st, framsidan \u00e4r blommig spets, sidan och baksidan \u00e4r meshtyg och b\u00e4ltet \u00e4r f\u00f6rbundet med metallringar.<br>3. Framsidan av stringtrosan \u00e4r dekorerad med en liten bit blommig spets f\u00f6r att dekorera den hemliga tr\u00e4dg\u00e5rden, med en ih\u00e5lig design, en tunn b\u00e4ltesdesign och en rosett \u00e4r sydd p\u00e5 den.<\/p>\n\n\n\n<figure class=\"wp-block-table\"><table><tbody><tr><td colspan=\"4\">Webbplatsdiagram (CM)<\/td><\/tr><tr><td>Storlek<\/td><td>Under byst<\/td><td>L\u00e4ngd<\/td><td>Midja<\/td><\/tr><tr><td>S<\/td><td>66-92<\/td><td>24<\/td><td>64-96<\/td><\/tr><tr><td>M<\/td><td>70-96<\/td><td>25<\/td><td>68-100<\/td><\/tr><tr><td>L<\/td><td>74-100<\/td><td>26<\/td><td>74-104<\/td><\/tr><tr><td colspan=\"4\">Webbplatsdiagram (INCH)<\/td><\/tr><tr><td>Storlek<\/td><td>Under byst<\/td><td>Kopph\u00f6jd<\/td><td>Midja<\/td><\/tr><tr><td>S<\/td><td>26.4-36.7<\/td><td>9.6<\/td><td>25.6-38.4<\/td><\/tr><tr><td>M<\/td><td>28-38.4<\/td><td>10<\/td><td>27.2-40<\/td><\/tr><tr><td>L<\/td><td>30.4-40<\/td><td>10.4<\/td><td>32.8-41.6<\/td><\/tr><tr><td colspan=\"4\">Notera: 1. Det kanske 1-2 cm avvikelse i olika storlekar, placeringar och tyger. Storlekstabell \u00e4r endast f\u00f6r referens, det kan vara lite skillnad med vad du f\u00e5r. 2.Det finns 3 typer av elasticitet: h\u00f6g elasticitet (tv\u00e5sidigt str\u00e4ckt), medium elasticitet (ensidigt str\u00e4ckt) och icke-elastiskt (kan inte str\u00e4ckas). 3. F\u00e4rgen kan vara ljusare eller m\u00f6rkare p\u00e5 grund av olika PC-sk\u00e4rmar. 4.Tv\u00e4tta den f\u00f6r hand i 30 graders vatten, h\u00e4ng p\u00e5 tork i skuggan, f\u00f6rbjud blekning. 5. Det kanske \u00e4r lite skillnad p\u00e5 detaljer och m\u00f6nster.<\/td><\/tr><\/tbody><\/table><\/figure>","protected":false},"excerpt":{"rendered":"<p>Sl\u00e4pp loss din kropps glamour med broderiet Push Up BH Mesh Bustier. Spets- och n\u00e4tpaneler, delikat blomspets p\u00e5 br\u00f6stet, mesh p\u00e5 utsidan, korsband, justerbara remmar och en stringtrosa.<\/p>","protected":false},"featured_media":29896,"template":"","meta":[],"product_brand":[],"product_cat":[390,386,367],"product_tag":[454,516,518,973,447,509],"class_list":{"0":"post-29890","1":"product","2":"type-product","3":"status-publish","4":"has-post-thumbnail","6":"product_cat-wholesale-mesh-bustier","7":"product_cat-sexy-bustiers","8":"product_cat-sexy-lingerie","9":"product_tag-wholesale-sexy-embroidered-lingerie","10":"product_tag-lace-lingerie","11":"product_tag-mesh-lingerie","12":"product_tag-oem","13":"product_tag-wholesale-strappy-sexy-lingerie","14":"product_tag-two-pcs-set","15":"pa_color-black","16":"pa_cup-wholesale-half-cup-women-sexy-lingerie","17":"pa_size-wholesale-large-size-women-sexy-lingerie","18":"pa_size-wholesale-medium-size-women-sexy-lingerie","19":"pa_size-wholesale-small-size-sexy-lingerie","21":"first","22":"outofstock","23":"taxable","24":"shipping-taxable","25":"purchasable","26":"product-type-variable"},"tiered_pricing_type":"fixed","tiered_pricing_fixed_rules":[],"tiered_pricing_product_settings":{"layout":"default","base_unit_name":{"singular":null,"plural":null},"default_variation":null},"tiered_pricing_minimum_quantity":null,"tiered_pricing_roles_data":{"default_wholesaler":{"product_id":29890,"role":"default_wholesaler","pricing_type":"flat","regular_price":null,"sale_price":null,"discount":null,"discount_type":"sale_price","tiered_pricing_type":"fixed","percentage_rules":[],"fixed_rules":{"2":"7.89","30":"6.79","500":"5.89"},"minimum":null},"dropshippinger":{"product_id":29890,"role":"dropshippinger","pricing_type":"flat","regular_price":null,"sale_price":null,"discount":null,"discount_type":"sale_price","tiered_pricing_type":"fixed","percentage_rules":[],"fixed_rules":{"1":"9.39","5":"7.89","20":"6.79"},"minimum":null}},"tiered_pricing_percentage_rules":[],"tiered_pricing_maximum_quantity":null,"tiered_pricing_quantity_step":null,"_links":{"self":[{"href":"https:\/\/gretasexylingerie.com\/sv\/wp-json\/wp\/v2\/product\/29890","targetHints":{"allow":["GET"]}}],"collection":[{"href":"https:\/\/gretasexylingerie.com\/sv\/wp-json\/wp\/v2\/product"}],"about":[{"href":"https:\/\/gretasexylingerie.com\/sv\/wp-json\/wp\/v2\/types\/product"}],"wp:featuredmedia":[{"embeddable":true,"href":"https:\/\/gretasexylingerie.com\/sv\/wp-json\/wp\/v2\/media\/29896"}],"wp:attachment":[{"href":"https:\/\/gretasexylingerie.com\/sv\/wp-json\/wp\/v2\/media?parent=29890"}],"wp:term":[{"taxonomy":"product_brand","embeddable":true,"href":"https:\/\/gretasexylingerie.com\/sv\/wp-json\/wp\/v2\/product_brand?post=29890"},{"taxonomy":"product_cat","embeddable":true,"href":"https:\/\/gretasexylingerie.com\/sv\/wp-json\/wp\/v2\/product_cat?post=29890"},{"taxonomy":"product_tag","embeddable":true,"href":"https:\/\/gretasexylingerie.com\/sv\/wp-json\/wp\/v2\/product_tag?post=29890"}],"curies":[{"name":"wp","href":"https:\/\/api.w.org\/{rel}","templated":true}]}}