{"id":29762,"date":"2023-01-18T21:21:58","date_gmt":"2023-01-18T13:21:58","guid":{"rendered":"https:\/\/gretasexylingerie.com\/?post_type=product&#038;p=29762"},"modified":"2024-04-04T16:32:01","modified_gmt":"2024-04-04T08:32:01","slug":"vit-spets-volang-brudunderklader-set","status":"publish","type":"product","link":"https:\/\/gretasexylingerie.com\/sv\/products\/white-lace-ruffled-bridal-lingerie-set\/","title":{"rendered":"Partihandel vit spets volang brudunderkl\u00e4der set"},"content":{"rendered":"<p>Funktioner:<\/p>\n\n\n\n<p>1. H\u00f6gelastiskt blommigt spetstyg, modifiera din figur b\u00e4ttre.<br>2, dekoration av lotusblad, g\u00f6r dig mer sexig.<br>3. Design i ett stycke, levereras med strumpeband, och produkten matchas med ben\u00f6glor.<\/p>\n\n\n\n<figure class=\"wp-block-table is-style-stripes\"><table><tbody><tr><td colspan=\"4\">Webbplatsdiagram (CM)<\/td><\/tr><tr><td>Storlek<\/td><td>Under byst<\/td><td>L\u00e4ngd<\/td><td>Midja<\/td><\/tr><tr><td>S<\/td><td>66-92<\/td><td>57<\/td><td>62-94<\/td><\/tr><tr><td>M<\/td><td>70-96<\/td><td>59<\/td><td>66-98<\/td><\/tr><tr><td>L<\/td><td>74-100<\/td><td>61<\/td><td>70-102<\/td><\/tr><tr><td colspan=\"4\">Webbplatsdiagram (INCH)<\/td><\/tr><tr><td>Storlek<\/td><td>Under byst<\/td><td>Kopph\u00f6jd<\/td><td>Midja<\/td><\/tr><tr><td>S<\/td><td>26.4-36.8<\/td><td>22.8<\/td><td>24.8-37.6<\/td><\/tr><tr><td>M<\/td><td>28-38.4<\/td><td>23.6<\/td><td>26.4-39.2<\/td><\/tr><tr><td>L<\/td><td>29.6-40<\/td><td>24.4<\/td><td>30.4-40.8<\/td><\/tr><tr><td colspan=\"4\">Notera: 1. Det kanske 1-2 cm avvikelse i olika storlekar, placeringar och tyger. Storlekstabell \u00e4r endast f\u00f6r referens, det kan vara lite skillnad med vad du f\u00e5r. 2.Det finns 3 typer av elasticitet: h\u00f6g elasticitet (tv\u00e5sidigt str\u00e4ckt), medium elasticitet (ensidigt str\u00e4ckt) och icke-elastiskt (kan inte str\u00e4ckas). 3. F\u00e4rgen kan vara ljusare eller m\u00f6rkare p\u00e5 grund av olika PC-sk\u00e4rmar. 4.Tv\u00e4tta den f\u00f6r hand i 30 graders vatten, h\u00e4ng p\u00e5 tork i skuggan, f\u00f6rbjud blekning. 5. Det kanske \u00e4r lite skillnad p\u00e5 detaljer och m\u00f6nster.<\/td><\/tr><\/tbody><\/table><\/figure>","protected":false},"excerpt":{"rendered":"<p>Den vita spetsen volangsiga brudunderkl\u00e4derset \u00e4r s\u00e5 sexig! Den anv\u00e4nder h\u00f6gkvalitativ vit blomspets som huvudtyg, vilket \u00e4r bekv\u00e4mt och vackrare. Anv\u00e4nd volanger f\u00f6r att trimma kroppens midja och ben\u00f6glor. L\u00e5t oss ha en lycklig tid tillsammans.<\/p>","protected":false},"featured_media":29798,"template":"","meta":[],"product_brand":[],"product_cat":[389,388,386,367],"product_tag":[448,516,451],"class_list":{"0":"post-29762","1":"product","2":"type-product","3":"status-publish","4":"has-post-thumbnail","6":"product_cat-wholesale-lace-bustier","7":"product_cat-wholesale-gartered-corset","8":"product_cat-sexy-bustiers","9":"product_cat-sexy-lingerie","10":"product_tag-wholesale-elegant-sexy-lingerie","11":"product_tag-lace-lingerie","12":"product_tag-wholesale-revealing-lingerie","13":"pa_color-white","14":"pa_cup-full-cup","15":"pa_size-wholesale-large-size-women-sexy-lingerie","16":"pa_size-wholesale-medium-size-women-sexy-lingerie","17":"pa_size-wholesale-small-size-sexy-lingerie","19":"first","20":"instock","21":"taxable","22":"shipping-taxable","23":"purchasable","24":"product-type-variable"},"tiered_pricing_type":"fixed","tiered_pricing_fixed_rules":[],"tiered_pricing_product_settings":{"layout":"table","base_unit_name":{"singular":null,"plural":null},"default_variation":null},"tiered_pricing_minimum_quantity":null,"tiered_pricing_roles_data":{"default_wholesaler":{"product_id":29762,"role":"default_wholesaler","pricing_type":"flat","regular_price":null,"sale_price":null,"discount":null,"discount_type":"sale_price","tiered_pricing_type":"fixed","percentage_rules":[],"fixed_rules":{"2":"8.59","30":"7.39","500":"6.49"},"minimum":null},"dropshippinger":{"product_id":29762,"role":"dropshippinger","pricing_type":"flat","regular_price":null,"sale_price":null,"discount":null,"discount_type":"sale_price","tiered_pricing_type":"fixed","percentage_rules":[],"fixed_rules":{"1":"10.39","5":"8.59","20":"7.39"},"minimum":null}},"tiered_pricing_percentage_rules":[],"tiered_pricing_maximum_quantity":null,"tiered_pricing_quantity_step":null,"_links":{"self":[{"href":"https:\/\/gretasexylingerie.com\/sv\/wp-json\/wp\/v2\/product\/29762","targetHints":{"allow":["GET"]}}],"collection":[{"href":"https:\/\/gretasexylingerie.com\/sv\/wp-json\/wp\/v2\/product"}],"about":[{"href":"https:\/\/gretasexylingerie.com\/sv\/wp-json\/wp\/v2\/types\/product"}],"wp:featuredmedia":[{"embeddable":true,"href":"https:\/\/gretasexylingerie.com\/sv\/wp-json\/wp\/v2\/media\/29798"}],"wp:attachment":[{"href":"https:\/\/gretasexylingerie.com\/sv\/wp-json\/wp\/v2\/media?parent=29762"}],"wp:term":[{"taxonomy":"product_brand","embeddable":true,"href":"https:\/\/gretasexylingerie.com\/sv\/wp-json\/wp\/v2\/product_brand?post=29762"},{"taxonomy":"product_cat","embeddable":true,"href":"https:\/\/gretasexylingerie.com\/sv\/wp-json\/wp\/v2\/product_cat?post=29762"},{"taxonomy":"product_tag","embeddable":true,"href":"https:\/\/gretasexylingerie.com\/sv\/wp-json\/wp\/v2\/product_tag?post=29762"}],"curies":[{"name":"wp","href":"https:\/\/api.w.org\/{rel}","templated":true}]}}