{"id":29651,"date":"2023-01-18T15:15:49","date_gmt":"2023-01-18T07:15:49","guid":{"rendered":"https:\/\/gretasexylingerie.com\/?post_type=product&#038;p=29651"},"modified":"2023-12-09T21:04:50","modified_gmt":"2023-12-09T13:04:50","slug":"svarta-byxor-i-metall-med-kedja","status":"publish","type":"product","link":"https:\/\/gretasexylingerie.com\/sv\/products\/black-cutout-metal-chain-bustiers\/","title":{"rendered":"Grossistf\u00f6rs\u00e4ljning Black Cutout Metal Chain Bustiers"},"content":{"rendered":"<p>Paragraf<\/p>\n\n\n\n<p>Funktion:<\/p>\n\n\n\n<p>1. Ih\u00e5ligt snidat tyg, m\u00f6nstret \u00e4r mer tredimensionellt och sexigt.<br>2. Metallkedjan anv\u00e4nds som b\u00e4lte och kan justeras.<br>3. Elastiskt v\u00e4vt b\u00e4lte, b\u00e4ttre anpassa sig efter din kropp.<\/p>\n\n\n\n<figure class=\"wp-block-table is-style-stripes\"><table><tbody><tr><td colspan=\"4\">Webbplatsdiagram (CM)<\/td><\/tr><tr><td>Storlek<\/td><td>Under byst<\/td><td>H\u00f6gsta l\u00e4ngd<\/td><td>Midja<\/td><\/tr><tr><td>S<\/td><td>66-88<\/td><td>28<\/td><td>64-96<\/td><\/tr><tr><td>M<\/td><td>70-92<\/td><td>28.5<\/td><td>68-100<\/td><\/tr><tr><td>L<\/td><td>74-96<\/td><td>29<\/td><td>74-104<\/td><\/tr><tr><td colspan=\"4\">Webbplatsdiagram (INCH)<\/td><\/tr><tr><td>Storlek<\/td><td>Under byst<\/td><td>Kopph\u00f6jd<\/td><td>Midja<\/td><\/tr><tr><td>S<\/td><td>26.4-35.2<\/td><td>11.2<\/td><td>25.6-38.4<\/td><\/tr><tr><td>M<\/td><td>28-36.8<\/td><td>11.4<\/td><td>27.2-40<\/td><\/tr><tr><td>L<\/td><td>29.6-38.4<\/td><td>11.6<\/td><td>32.8-41.6<\/td><\/tr><tr><td colspan=\"4\">Notera: 1. Det kanske 1-2 cm avvikelse i olika storlekar, placeringar och tyger. Storlekstabell \u00e4r endast f\u00f6r referens, det kan vara lite skillnad med vad du f\u00e5r. 2.Det finns 3 typer av elasticitet: h\u00f6g elasticitet (tv\u00e5sidigt str\u00e4ckt), medium elasticitet (ensidigt str\u00e4ckt) och icke-elastiskt (kan inte str\u00e4ckas). 3. F\u00e4rgen kan vara ljusare eller m\u00f6rkare p\u00e5 grund av olika PC-sk\u00e4rmar. 4.Tv\u00e4tta den f\u00f6r hand i 30 graders vatten, h\u00e4ng p\u00e5 tork i skuggan, f\u00f6rbjud blekning. 5. Det kanske \u00e4r lite skillnad p\u00e5 detaljer och m\u00f6nster.<\/td><\/tr><\/tbody><\/table><\/figure>","protected":false},"excerpt":{"rendered":"<p>Njut av din smekm\u00e5nad i dr\u00f6mmande svarta byxor med metallkedja. Utskuret tyg, metallkedjeg\u00f6rdel, justerbart b\u00e4lte och br\u00f6st, och en matchande G-str\u00e4ng. <iframe title=\"\" src=\"https:\/\/www.youtube.com\/embed\/7vPsas9ZnaU\" width=\"840\" height=\"630\" frameborder=\"0\" allowfullscreen=\"allowfullscreen\"><\/iframe><\/p>","protected":false},"featured_media":29657,"template":"","meta":[],"product_brand":[],"product_cat":[388,387,386,367],"product_tag":[524,451,446,509],"class_list":{"0":"post-29651","1":"product","2":"type-product","3":"status-publish","4":"has-post-thumbnail","6":"product_cat-wholesale-gartered-corset","7":"product_cat-wholesale-bustier-bra-set","8":"product_cat-sexy-bustiers","9":"product_cat-sexy-lingerie","10":"product_tag-metal-lingerie","11":"product_tag-wholesale-revealing-lingerie","12":"product_tag-wholesale-sexy-see-through-lingerie","13":"product_tag-two-pcs-set","14":"pa_color-black","15":"pa_cup-wholesale-half-cup-women-sexy-lingerie","16":"pa_size-wholesale-large-size-women-sexy-lingerie","17":"pa_size-wholesale-medium-size-women-sexy-lingerie","18":"pa_size-wholesale-small-size-sexy-lingerie","20":"first","21":"instock","22":"taxable","23":"shipping-taxable","24":"purchasable","25":"product-type-variable"},"tiered_pricing_type":"fixed","tiered_pricing_fixed_rules":[],"tiered_pricing_product_settings":{"layout":"default","base_unit_name":{"singular":null,"plural":null},"default_variation":{}},"tiered_pricing_minimum_quantity":null,"tiered_pricing_roles_data":{"default_wholesaler":{"product_id":29651,"role":"default_wholesaler","pricing_type":"flat","regular_price":null,"sale_price":null,"discount":null,"discount_type":"sale_price","tiered_pricing_type":"fixed","percentage_rules":[],"fixed_rules":{"2":"9.19","30":"7.89","500":"6.89"},"minimum":null},"dropshippinger":{"product_id":29651,"role":"dropshippinger","pricing_type":"flat","regular_price":10.99,"sale_price":null,"discount":null,"discount_type":"sale_price","tiered_pricing_type":"fixed","percentage_rules":[],"fixed_rules":{"1":"10.99","5":"9.19","20":"7.89"},"minimum":null}},"tiered_pricing_percentage_rules":[],"tiered_pricing_maximum_quantity":null,"tiered_pricing_quantity_step":null,"_links":{"self":[{"href":"https:\/\/gretasexylingerie.com\/sv\/wp-json\/wp\/v2\/product\/29651","targetHints":{"allow":["GET"]}}],"collection":[{"href":"https:\/\/gretasexylingerie.com\/sv\/wp-json\/wp\/v2\/product"}],"about":[{"href":"https:\/\/gretasexylingerie.com\/sv\/wp-json\/wp\/v2\/types\/product"}],"wp:featuredmedia":[{"embeddable":true,"href":"https:\/\/gretasexylingerie.com\/sv\/wp-json\/wp\/v2\/media\/29657"}],"wp:attachment":[{"href":"https:\/\/gretasexylingerie.com\/sv\/wp-json\/wp\/v2\/media?parent=29651"}],"wp:term":[{"taxonomy":"product_brand","embeddable":true,"href":"https:\/\/gretasexylingerie.com\/sv\/wp-json\/wp\/v2\/product_brand?post=29651"},{"taxonomy":"product_cat","embeddable":true,"href":"https:\/\/gretasexylingerie.com\/sv\/wp-json\/wp\/v2\/product_cat?post=29651"},{"taxonomy":"product_tag","embeddable":true,"href":"https:\/\/gretasexylingerie.com\/sv\/wp-json\/wp\/v2\/product_tag?post=29651"}],"curies":[{"name":"wp","href":"https:\/\/api.w.org\/{rel}","templated":true}]}}