{"id":29597,"date":"2023-01-18T12:48:59","date_gmt":"2023-01-18T04:48:59","guid":{"rendered":"https:\/\/gretasexylingerie.com\/?post_type=product&#038;p=29597"},"modified":"2023-12-09T16:25:35","modified_gmt":"2023-12-09T08:25:35","slug":"svart-spets-en-axel-langarmad-body","status":"publish","type":"product","link":"https:\/\/gretasexylingerie.com\/sv\/products\/black-lace-one-shoulder-long-sleeved-bodysuit\/","title":{"rendered":"Svart spets En-axel l\u00e5ng\u00e4rmad body"},"content":{"rendered":"<p>Funktioner:<\/p>\n\n\n\n<p>1. High-stretch Mesh Spets, Fishnet Design och m\u00e5lade med vackra blomm\u00f6nster.<br>2. Anv\u00e4nd uts\u00f6kta spetstyger p\u00e5 br\u00f6stet f\u00f6r att dekorera din vackra midsektion.<br>3. Fiskn\u00e4tsdesignen p\u00e5 baksidan \u00e4r gjord av bekv\u00e4mt tyg, som inte bara \u00e4r sexigt utan ocks\u00e5 v\u00e4ldigt bekv\u00e4mt.<\/p>\n\n\n\n<figure class=\"wp-block-table is-style-stripes\"><table><tbody><tr><td colspan=\"4\">Webbplatsdiagram (CM)<\/td><\/tr><tr><td>Storlek<\/td><td>Under byst<\/td><td>H\u00f6gsta l\u00e4ngd<\/td><td>Midja<\/td><\/tr><tr><td>S<\/td><td>81<\/td><td>59<\/td><td>70<\/td><\/tr><tr><td>M<\/td><td>86<\/td><td>60<\/td><td>75<\/td><\/tr><tr><td>L<\/td><td>91<\/td><td>61<\/td><td>80<\/td><\/tr><tr><td colspan=\"4\">Webbplatsdiagram (INCH)<\/td><\/tr><tr><td>Storlek<\/td><td>Under byst<\/td><td>Kopph\u00f6jd<\/td><td>Midja<\/td><\/tr><tr><td>S<\/td><td>32.4<\/td><td>23.6<\/td><td>28<\/td><\/tr><tr><td>M<\/td><td>34.4<\/td><td>24<\/td><td>30<\/td><\/tr><tr><td>L<\/td><td>36.4<\/td><td>24.4<\/td><td>32<\/td><\/tr><tr><td colspan=\"4\">Notera: 1. Det kanske 1-2 cm avvikelse i olika storlekar, placeringar och tyger. Storlekstabell \u00e4r endast f\u00f6r referens, det kan vara lite skillnad med vad du f\u00e5r. 2.Det finns 3 typer av elasticitet: h\u00f6g elasticitet (tv\u00e5sidigt str\u00e4ckt), medium elasticitet (ensidigt str\u00e4ckt) och icke-elastiskt (kan inte str\u00e4ckas). 3. F\u00e4rgen kan vara ljusare eller m\u00f6rkare p\u00e5 grund av olika PC-sk\u00e4rmar. 4.Tv\u00e4tta den f\u00f6r hand i 30 graders vatten, h\u00e4ng p\u00e5 tork i skuggan, f\u00f6rbjud blekning. 5. Det kanske \u00e4r lite skillnad p\u00e5 detaljer och m\u00f6nster.<\/td><\/tr><\/tbody><\/table><\/figure>","protected":false},"excerpt":{"rendered":"<p>L\u00e5t den svarta spetsen en-axel l\u00e5ng\u00e4rmad body pryda din sexiga figur. Tillverkad av h\u00f6gkvalitativa mjuka fisken\u00e4t, stickade med delikata m\u00f6nster, \u00f6gonfransar p\u00e5 br\u00f6stet och en transparent design i ett stycke p\u00e5 baksidan.<\/p>","protected":false},"featured_media":29602,"template":"","meta":[],"product_brand":[],"product_cat":[372,370,367],"product_tag":[448,516,518,973],"class_list":{"0":"post-29597","1":"product","2":"type-product","3":"status-publish","4":"has-post-thumbnail","6":"product_cat-wholesale-sexy-long-sleeve-bodysuit","7":"product_cat-bodysuit","8":"product_cat-sexy-lingerie","9":"product_tag-wholesale-elegant-sexy-lingerie","10":"product_tag-lace-lingerie","11":"product_tag-mesh-lingerie","12":"product_tag-oem","13":"pa_color-black","14":"pa_cup-wholesale-half-cup-women-sexy-lingerie","15":"pa_size-wholesale-large-size-women-sexy-lingerie","16":"pa_size-wholesale-medium-size-women-sexy-lingerie","17":"pa_size-wholesale-small-size-sexy-lingerie","19":"first","20":"outofstock","21":"taxable","22":"shipping-taxable","23":"purchasable","24":"product-type-variable"},"tiered_pricing_type":"fixed","tiered_pricing_fixed_rules":[],"tiered_pricing_product_settings":{"layout":"default","base_unit_name":{"singular":null,"plural":null},"default_variation":{}},"tiered_pricing_minimum_quantity":null,"tiered_pricing_roles_data":{"default_wholesaler":{"product_id":29597,"role":"default_wholesaler","pricing_type":"flat","regular_price":null,"sale_price":null,"discount":null,"discount_type":"sale_price","tiered_pricing_type":"fixed","percentage_rules":[],"fixed_rules":{"2":"8.39","30":"7.19","500":"6.29"},"minimum":null},"dropshippinger":{"product_id":29597,"role":"dropshippinger","pricing_type":"flat","regular_price":null,"sale_price":null,"discount":null,"discount_type":"sale_price","tiered_pricing_type":"fixed","percentage_rules":[],"fixed_rules":{"1":"9.99","5":"8.39","20":"7.19"},"minimum":null}},"tiered_pricing_percentage_rules":[],"tiered_pricing_maximum_quantity":null,"tiered_pricing_quantity_step":null,"_links":{"self":[{"href":"https:\/\/gretasexylingerie.com\/sv\/wp-json\/wp\/v2\/product\/29597","targetHints":{"allow":["GET"]}}],"collection":[{"href":"https:\/\/gretasexylingerie.com\/sv\/wp-json\/wp\/v2\/product"}],"about":[{"href":"https:\/\/gretasexylingerie.com\/sv\/wp-json\/wp\/v2\/types\/product"}],"wp:featuredmedia":[{"embeddable":true,"href":"https:\/\/gretasexylingerie.com\/sv\/wp-json\/wp\/v2\/media\/29602"}],"wp:attachment":[{"href":"https:\/\/gretasexylingerie.com\/sv\/wp-json\/wp\/v2\/media?parent=29597"}],"wp:term":[{"taxonomy":"product_brand","embeddable":true,"href":"https:\/\/gretasexylingerie.com\/sv\/wp-json\/wp\/v2\/product_brand?post=29597"},{"taxonomy":"product_cat","embeddable":true,"href":"https:\/\/gretasexylingerie.com\/sv\/wp-json\/wp\/v2\/product_cat?post=29597"},{"taxonomy":"product_tag","embeddable":true,"href":"https:\/\/gretasexylingerie.com\/sv\/wp-json\/wp\/v2\/product_tag?post=29597"}],"curies":[{"name":"wp","href":"https:\/\/api.w.org\/{rel}","templated":true}]}}