{"id":29505,"date":"2023-01-17T16:28:22","date_gmt":"2023-01-17T08:28:22","guid":{"rendered":"https:\/\/gretasexylingerie.com\/?post_type=product&#038;p=29505"},"modified":"2023-12-09T16:17:26","modified_gmt":"2023-12-09T08:17:26","slug":"svart-strappy-mesh-bodysuit","status":"publish","type":"product","link":"https:\/\/gretasexylingerie.com\/sv\/products\/black-strappy-mesh-bodysuit\/","title":{"rendered":"grossist Black Strappy Mesh Bodysuit"},"content":{"rendered":"<p>Funktion:<\/p>\n\n\n\n<ol class=\"wp-block-list\">\n<li>Svart mjukt meshtyg \u00f6kar andningsf\u00f6rm\u00e5gan och sexigheten.<\/li>\n\n\n\n<li>Det justerbara b\u00e4ltet kan justeras fritt efter din kroppstyp.<\/li>\n\n\n\n<li>Bred webbing design, sl\u00e4pp din sk\u00f6nhet.<\/li>\n<\/ol>\n\n\n\n<figure class=\"wp-block-table is-style-stripes\"><table><tbody><tr><td colspan=\"4\">Webbplatsdiagram (CM)<\/td><\/tr><tr><td>Storlek<\/td><td>Under byst<\/td><td>Kopph\u00f6jd<\/td><td>Midja<\/td><\/tr><tr><td>S<\/td><td>64-74<\/td><td>14<\/td><td>62-72<\/td><\/tr><tr><td>M<\/td><td>68-78<\/td><td>15<\/td><td>66-76<\/td><\/tr><tr><td>L<\/td><td>72-82<\/td><td>16<\/td><td>70-80<\/td><\/tr><tr><td>XL<\/td><td>76-86<\/td><td>17<\/td><td>74-84<\/td><\/tr><tr><td colspan=\"4\">Webbplatsdiagram (INCH)<\/td><\/tr><tr><td>Storlek<\/td><td>Under byst<\/td><td>Kopph\u00f6jd<\/td><td>Midja<\/td><\/tr><tr><td>S<\/td><td>64-74<\/td><td>5.6<\/td><td>24.8-28.8<\/td><\/tr><tr><td>M<\/td><td>68-78<\/td><td>6<\/td><td>26.4-30.4<\/td><\/tr><tr><td>L<\/td><td>72-82<\/td><td>6.4<\/td><td>28-32<\/td><\/tr><tr><td>XL<\/td><td>76-86<\/td><td>6.8<\/td><td>29.6-33.6<\/td><\/tr><tr><td colspan=\"4\">Notera: 1. Det kanske 1-2 cm avvikelse i olika storlekar, placeringar och tyger. Storlekstabell \u00e4r endast f\u00f6r referens, det kan vara lite skillnad med vad du f\u00e5r. 2.Det finns 3 typer av elasticitet: h\u00f6g elasticitet (tv\u00e5sidigt str\u00e4ckt), medium elasticitet (ensidigt str\u00e4ckt) och icke-elastiskt (kan inte str\u00e4ckas). 3. F\u00e4rgen kan vara ljusare eller m\u00f6rkare p\u00e5 grund av olika PC-sk\u00e4rmar. 4.Tv\u00e4tta den f\u00f6r hand i 30 graders vatten, h\u00e4ng p\u00e5 tork i skuggan, f\u00f6rbjud blekning. 5. Det kanske \u00e4r lite skillnad p\u00e5 detaljer och m\u00f6nster.<\/td><\/tr><\/tbody><\/table><\/figure>","protected":false},"excerpt":{"rendered":"<p>En s\u00e5dan sexig svart strappy mesh-bodysuit! Det \u00e4r ett utm\u00e4rkt val f\u00f6r dig att g\u00e5 p\u00e5 en dejt. Anv\u00e4nd Wide Webbing som dekoration f\u00f6r att b\u00e4ttre \u00e5terspegla din kroppsform. Justerbart midjeb\u00e4lte som g\u00f6r att du kan anpassa det efter din situation. Det genomskinliga mjuka n\u00e4tet ger dig ett lager av mystik. Kom och utforska med dina n\u00e4ra och k\u00e4ra!<\/p>","protected":false},"featured_media":29515,"template":"","meta":[],"product_brand":[],"product_cat":[373,370,367],"product_tag":[452,448,518,973,451,446,504],"class_list":{"0":"post-29505","1":"product","2":"type-product","3":"status-publish","4":"has-post-thumbnail","6":"product_cat-wholesale-sexy-mesh-bodysuit","7":"product_cat-bodysuit","8":"product_cat-sexy-lingerie","9":"product_tag-wholesale-boudoir-lingerie","10":"product_tag-wholesale-elegant-sexy-lingerie","11":"product_tag-mesh-lingerie","12":"product_tag-oem","13":"product_tag-wholesale-revealing-lingerie","14":"product_tag-wholesale-sexy-see-through-lingerie","15":"product_tag-ultra-sexy","16":"pa_color-black","17":"pa_cup-wholesale-half-cup-women-sexy-lingerie","18":"pa_size-wholesale-large-size-women-sexy-lingerie","19":"pa_size-wholesale-medium-size-women-sexy-lingerie","20":"pa_size-wholesale-small-size-sexy-lingerie","21":"pa_size-wholesale-extra-large-sexy-lingerie","23":"first","24":"outofstock","25":"taxable","26":"shipping-taxable","27":"purchasable","28":"product-type-variable"},"tiered_pricing_type":"fixed","tiered_pricing_fixed_rules":[],"tiered_pricing_product_settings":{"layout":"default","base_unit_name":{"singular":null,"plural":null},"default_variation":{}},"tiered_pricing_minimum_quantity":null,"tiered_pricing_roles_data":{"default_wholesaler":{"product_id":29505,"role":"default_wholesaler","pricing_type":"flat","regular_price":null,"sale_price":null,"discount":null,"discount_type":"sale_price","tiered_pricing_type":"fixed","percentage_rules":[],"fixed_rules":{"2":"7.59","30":"6.49","500":"5.69"},"minimum":null},"dropshippinger":{"product_id":29505,"role":"dropshippinger","pricing_type":"flat","regular_price":null,"sale_price":null,"discount":null,"discount_type":"sale_price","tiered_pricing_type":"fixed","percentage_rules":[],"fixed_rules":{"1":"9.09","5":"7.59","20":"6.49"},"minimum":null}},"tiered_pricing_percentage_rules":[],"tiered_pricing_maximum_quantity":null,"tiered_pricing_quantity_step":null,"_links":{"self":[{"href":"https:\/\/gretasexylingerie.com\/sv\/wp-json\/wp\/v2\/product\/29505","targetHints":{"allow":["GET"]}}],"collection":[{"href":"https:\/\/gretasexylingerie.com\/sv\/wp-json\/wp\/v2\/product"}],"about":[{"href":"https:\/\/gretasexylingerie.com\/sv\/wp-json\/wp\/v2\/types\/product"}],"wp:featuredmedia":[{"embeddable":true,"href":"https:\/\/gretasexylingerie.com\/sv\/wp-json\/wp\/v2\/media\/29515"}],"wp:attachment":[{"href":"https:\/\/gretasexylingerie.com\/sv\/wp-json\/wp\/v2\/media?parent=29505"}],"wp:term":[{"taxonomy":"product_brand","embeddable":true,"href":"https:\/\/gretasexylingerie.com\/sv\/wp-json\/wp\/v2\/product_brand?post=29505"},{"taxonomy":"product_cat","embeddable":true,"href":"https:\/\/gretasexylingerie.com\/sv\/wp-json\/wp\/v2\/product_cat?post=29505"},{"taxonomy":"product_tag","embeddable":true,"href":"https:\/\/gretasexylingerie.com\/sv\/wp-json\/wp\/v2\/product_tag?post=29505"}],"curies":[{"name":"wp","href":"https:\/\/api.w.org\/{rel}","templated":true}]}}