{"id":29482,"date":"2023-01-17T12:49:35","date_gmt":"2023-01-17T04:49:35","guid":{"rendered":"https:\/\/gretasexylingerie.com\/?post_type=product&#038;p=29482"},"modified":"2023-09-05T20:49:36","modified_gmt":"2023-09-05T12:49:36","slug":"genomskinlig-bodysuit-i-svart-mesh","status":"publish","type":"product","link":"https:\/\/gretasexylingerie.com\/sv\/products\/see-through-black-mesh-bodysuit\/","title":{"rendered":"See Through Black Mesh Body"},"content":{"rendered":"<p>Funktion:<\/p>\n\n\n\n<ol class=\"wp-block-list\">\n<li>Stort mesh bekv\u00e4mt tyg.<\/li>\n\n\n\n<li>Avtagbart b\u00e4lte<\/li>\n\n\n\n<li>Br\u00f6stet och midjan \u00e4r dekorerade med metallringar.<\/li>\n<\/ol>","protected":false},"excerpt":{"rendered":"<p>Denna genomskinliga bodysuit i svart mesh \u00e4r en hit i \u00e5r.<br \/>\nTillverkad av mjukt n\u00e4ttyg med stor \u00f6ppning, T-rygg i mesh, genomskinlig br\u00f6stkorg med metallringar, justerbart midjeb\u00e4lte, bekv\u00e4ma axelband. F\u00e5nga din \u00e4lskares \u00f6ga.<\/p>","protected":false},"featured_media":29489,"template":"","meta":[],"product_brand":[],"product_cat":[373,370,367],"product_tag":[452,518,451,446,504],"class_list":{"0":"post-29482","1":"product","2":"type-product","3":"status-publish","4":"has-post-thumbnail","6":"product_cat-wholesale-sexy-mesh-bodysuit","7":"product_cat-bodysuit","8":"product_cat-sexy-lingerie","9":"product_tag-wholesale-boudoir-lingerie","10":"product_tag-mesh-lingerie","11":"product_tag-wholesale-revealing-lingerie","12":"product_tag-wholesale-sexy-see-through-lingerie","13":"product_tag-ultra-sexy","14":"pa_color-black","15":"pa_cup-full-cup","16":"pa_size-wholesale-large-size-women-sexy-lingerie","17":"pa_size-wholesale-medium-size-women-sexy-lingerie","18":"pa_size-wholesale-small-size-sexy-lingerie","19":"pa_size-wholesale-extra-large-sexy-lingerie","21":"first","22":"instock","23":"taxable","24":"shipping-taxable","25":"purchasable","26":"product-type-variable"},"tiered_pricing_type":"fixed","tiered_pricing_fixed_rules":[],"tiered_pricing_product_settings":{"layout":"default","base_unit_name":{"singular":null,"plural":null},"default_variation":null},"tiered_pricing_minimum_quantity":null,"tiered_pricing_roles_data":{"default_wholesaler":{"product_id":29482,"role":"default_wholesaler","pricing_type":"flat","regular_price":null,"sale_price":null,"discount":null,"discount_type":"sale_price","tiered_pricing_type":"fixed","percentage_rules":[],"fixed_rules":{"2":"9.39","30":"8.09","500":"7.09"},"minimum":null},"dropshippinger":{"product_id":29482,"role":"dropshippinger","pricing_type":"flat","regular_price":null,"sale_price":null,"discount":null,"discount_type":"sale_price","tiered_pricing_type":"fixed","percentage_rules":[],"fixed_rules":{"1":"11.29","5":"9.39","20":"8.09"},"minimum":null}},"tiered_pricing_percentage_rules":[],"tiered_pricing_maximum_quantity":null,"tiered_pricing_quantity_step":null,"_links":{"self":[{"href":"https:\/\/gretasexylingerie.com\/sv\/wp-json\/wp\/v2\/product\/29482","targetHints":{"allow":["GET"]}}],"collection":[{"href":"https:\/\/gretasexylingerie.com\/sv\/wp-json\/wp\/v2\/product"}],"about":[{"href":"https:\/\/gretasexylingerie.com\/sv\/wp-json\/wp\/v2\/types\/product"}],"wp:featuredmedia":[{"embeddable":true,"href":"https:\/\/gretasexylingerie.com\/sv\/wp-json\/wp\/v2\/media\/29489"}],"wp:attachment":[{"href":"https:\/\/gretasexylingerie.com\/sv\/wp-json\/wp\/v2\/media?parent=29482"}],"wp:term":[{"taxonomy":"product_brand","embeddable":true,"href":"https:\/\/gretasexylingerie.com\/sv\/wp-json\/wp\/v2\/product_brand?post=29482"},{"taxonomy":"product_cat","embeddable":true,"href":"https:\/\/gretasexylingerie.com\/sv\/wp-json\/wp\/v2\/product_cat?post=29482"},{"taxonomy":"product_tag","embeddable":true,"href":"https:\/\/gretasexylingerie.com\/sv\/wp-json\/wp\/v2\/product_tag?post=29482"}],"curies":[{"name":"wp","href":"https:\/\/api.w.org\/{rel}","templated":true}]}}